{"id":9553,"date":"2025-09-15T14:56:56","date_gmt":"2025-09-15T12:56:56","guid":{"rendered":"https:\/\/boreait.com\/de\/?post_type=product&#038;p=9553"},"modified":"2026-01-09T14:20:42","modified_gmt":"2026-01-09T13:20:42","slug":"hp-probook-4720s-954-16-webcam-pnt0170200-1-6047b0016102","status":"publish","type":"product","link":"https:\/\/boreait.com\/de\/produkt\/hp-probook-4720s-954-16-webcam-pnt0170200-1-6047b0016102\/","title":{"rendered":"HP ProBook 4720s 954-16 Webcam PNT0170200-1 6047b0016102"},"content":{"rendered":"<p>Erweitern Sie die Multimedia-Funktionen Ihres HP ProBook 4720s Laptops mit der HP ProBook 4720s 954-16 Webcam PNT0170200-1 \u2013 6047b0016102 \u2013 h201pb3n05tm. Dieses Original-Webcam-Modul wurde entwickelt, um die Webcam-Funktionalit\u00e4t Ihres Laptops zu verbessern und sorgt f\u00fcr scharfe und klare Videokommunikation und -aufzeichnung f\u00fcr ein verbessertes Computererlebnis.<\/p>\n<p>Die HP ProBook 4720s 954-16 Webcam PNT0170200-1 wird von HP, einem vertrauensw\u00fcrdigen Namen in der Computertechnologie, hergestellt und bietet zuverl\u00e4ssige Videoaufnahme- und Streaming-Funktionen. Als wesentlicher Bestandteil der Multimediasysteme Ihres Laptops spielt dieses Webcam-Modul eine entscheidende Rolle bei der Bereitstellung hochwertiger Bilder f\u00fcr Ihre Videoanrufe, Konferenzen und Content-Erstellung.<\/p>\n<p>Ob f\u00fcr professionelle Videokonferenzen, die Erstellung von YouTube-Inhalten oder f\u00fcr Videochats mit Freunden und Familie \u2013 dieses Webcam-Modul bietet Ihnen die Klarheit und Leistung, die Sie brauchen. Die pr\u00e4zise Verarbeitung sorgt f\u00fcr pr\u00e4zise Bildaufnahmen und herausragende Videoqualit\u00e4t selbst bei schlechten Lichtverh\u00e4ltnissen.<\/p>\n<p>Die Installation ist dank des OEM-Designs, das auf die Originalkomponenten Ihres Laptops abgestimmt ist, unkompliziert. Mit Original-HP-Teilen investieren Sie in die Qualit\u00e4t und Zuverl\u00e4ssigkeit der Webcam-Leistung Ihres Laptops.<\/p>\n<p>Erweitern Sie die Multimedia-Funktionen Ihres Laptops mit der HP ProBook 4720s 954-16 Webcam PNT0170200-1. Genie\u00dfen Sie gestochen scharfe und klare Videokommunikation, hochwertige Content-Erstellung und zuverl\u00e4ssige Videoaufzeichnung auf Ihrem ProBook 4720s. Optimieren Sie Ihr Computererlebnis mit diesem zuverl\u00e4ssigen und effizienten Webcam-Modul.<\/p>\n<p>Bitte \u00fcberpr\u00fcfen Sie vor dem Kauf die Kompatibilit\u00e4t mit Ihrem Laptop-Modell.<\/p>\n","protected":false},"excerpt":{"rendered":"<p>Erweitern Sie die Multimedia-Funktionen Ihres HP ProBook 4720s Laptops mit der HP ProBook 4720s 954-16 Webcam PNT0170200-1. Genie\u00dfen Sie gestochen scharfe und klare Videokommunikation, Content-Erstellung und zuverl\u00e4ssige Aufzeichnung.<\/p>\n","protected":false},"featured_media":9622,"template":"","meta":[],"product_brand":[],"product_cat":[59],"product_tag":[61],"class_list":{"0":"post-9553","1":"product","2":"type-product","3":"status-publish","4":"has-post-thumbnail","6":"product_cat-laptop-camera","7":"product_tag-hp","9":"first","10":"instock","11":"taxable","12":"shipping-taxable","13":"purchasable","14":"product-type-simple"},"_links":{"self":[{"href":"https:\/\/boreait.com\/de\/wp-json\/wp\/v2\/product\/9553","targetHints":{"allow":["GET"]}}],"collection":[{"href":"https:\/\/boreait.com\/de\/wp-json\/wp\/v2\/product"}],"about":[{"href":"https:\/\/boreait.com\/de\/wp-json\/wp\/v2\/types\/product"}],"wp:featuredmedia":[{"embeddable":true,"href":"https:\/\/boreait.com\/de\/wp-json\/wp\/v2\/media\/9622"}],"wp:attachment":[{"href":"https:\/\/boreait.com\/de\/wp-json\/wp\/v2\/media?parent=9553"}],"wp:term":[{"taxonomy":"product_brand","embeddable":true,"href":"https:\/\/boreait.com\/de\/wp-json\/wp\/v2\/product_brand?post=9553"},{"taxonomy":"product_cat","embeddable":true,"href":"https:\/\/boreait.com\/de\/wp-json\/wp\/v2\/product_cat?post=9553"},{"taxonomy":"product_tag","embeddable":true,"href":"https:\/\/boreait.com\/de\/wp-json\/wp\/v2\/product_tag?post=9553"}],"curies":[{"name":"wp","href":"https:\/\/api.w.org\/{rel}","templated":true}]}}