{"id":9538,"date":"2025-09-15T14:56:34","date_gmt":"2025-09-15T12:56:34","guid":{"rendered":"https:\/\/boreait.com\/de\/?post_type=product&#038;p=9538"},"modified":"2025-09-16T12:49:58","modified_gmt":"2025-09-16T10:49:58","slug":"lenovo-thinkpad-l540-lcd-bildschirm-umrandungsblende-60-4lh06-001-04x4858","status":"publish","type":"product","link":"https:\/\/boreait.com\/de\/produkt\/lenovo-thinkpad-l540-lcd-bildschirm-umrandungsblende-60-4lh06-001-04x4858\/","title":{"rendered":"Lenovo Thinkpad L540 LCD-Bildschirm-Umrandungsblende 60.4LH06.001 04X4858"},"content":{"rendered":"<p>Verbessern Sie die Optik und Haltbarkeit Ihres Lenovo ThinkPad L540 Laptops mit der Lenovo ThinkPad L540 LCD-Bildschirmblende 60.4LH06.001 04X4858. Diese Original-Ersatzblende optimiert die Optik Ihres Laptops und sch\u00fctzt die R\u00e4nder des LCD-Bildschirms f\u00fcr ein verbessertes Computererlebnis.<\/p>\n<p>Die Lenovo ThinkPad L540 LCD-Bildschirmblende 60.4LH06.001 04X4858 wird von Lenovo, einem renommierten Anbieter in der Computertechnologie, hergestellt und gew\u00e4hrleistet eine zuverl\u00e4ssige Integration in Ihr L540 Laptop. Als wichtige Komponente verbessert diese Blende nicht nur die Optik des Laptops, sondern bietet auch strukturellen Halt und Schutz f\u00fcr die R\u00e4nder des LCD-Bildschirms.<\/p>\n<p>Ob Sie als Profi ein elegantes Laptop-Design f\u00fcr Pr\u00e4sentationen ben\u00f6tigen oder als Benutzer Wert auf Langlebigkeit und \u00c4sthetik legen \u2013 diese Blende bietet Ihnen die gew\u00fcnschten optischen und sch\u00fctzenden Vorteile. Es erg\u00e4nzt das Design Ihres Laptops und sorgt f\u00fcr einen nahtlosen und eleganten Look.<\/p>\n<p>Die Installation ist dank des OEM-Designs, das perfekt auf die Originalkomponenten Ihres Laptops abgestimmt ist, unkompliziert. Mit Originalteilen von Lenovo investieren Sie in die Qualit\u00e4t und Zuverl\u00e4ssigkeit der Optik und strukturellen Integrit\u00e4t Ihres Laptops.<\/p>\n<p>Verbessern Sie die Optik und den Schutz Ihres LCD-Bildschirms mit der Lenovo ThinkPad L540 LCD-Bildschirmblende 60.4LH06.001 04X4858. Freuen Sie sich auf eine verbesserte Optik, ein elegantes Erscheinungsbild und eine l\u00e4ngere Lebensdauer Ihres ThinkPad L540. Optimieren Sie Ihr Computererlebnis mit dieser zuverl\u00e4ssigen und effizienten Ersatzblende.<\/p>\n<p>Bitte \u00fcberpr\u00fcfen Sie vor dem Kauf die Kompatibilit\u00e4t mit Ihrem Laptopmodell.<\/p>\n","protected":false},"excerpt":{"rendered":"<p>Verbessern Sie das Aussehen und den Bildschirmschutz Ihres Lenovo ThinkPad L540-Laptops mit der Lenovo ThinkPad L540 LCD-Bildschirmblende 60.4LH06.001 04X4858. Verbessern Sie m\u00fchelos \u00c4sthetik und Haltbarkeit.<\/p>\n","protected":false},"featured_media":9605,"template":"","meta":[],"product_brand":[],"product_cat":[63],"product_tag":[62],"class_list":{"0":"post-9538","1":"product","2":"type-product","3":"status-publish","4":"has-post-thumbnail","6":"product_cat-motherboards-board-parts","7":"product_tag-lenovo","9":"first","10":"instock","11":"taxable","12":"shipping-taxable","13":"purchasable","14":"product-type-simple"},"_links":{"self":[{"href":"https:\/\/boreait.com\/de\/wp-json\/wp\/v2\/product\/9538","targetHints":{"allow":["GET"]}}],"collection":[{"href":"https:\/\/boreait.com\/de\/wp-json\/wp\/v2\/product"}],"about":[{"href":"https:\/\/boreait.com\/de\/wp-json\/wp\/v2\/types\/product"}],"wp:featuredmedia":[{"embeddable":true,"href":"https:\/\/boreait.com\/de\/wp-json\/wp\/v2\/media\/9605"}],"wp:attachment":[{"href":"https:\/\/boreait.com\/de\/wp-json\/wp\/v2\/media?parent=9538"}],"wp:term":[{"taxonomy":"product_brand","embeddable":true,"href":"https:\/\/boreait.com\/de\/wp-json\/wp\/v2\/product_brand?post=9538"},{"taxonomy":"product_cat","embeddable":true,"href":"https:\/\/boreait.com\/de\/wp-json\/wp\/v2\/product_cat?post=9538"},{"taxonomy":"product_tag","embeddable":true,"href":"https:\/\/boreait.com\/de\/wp-json\/wp\/v2\/product_tag?post=9538"}],"curies":[{"name":"wp","href":"https:\/\/api.w.org\/{rel}","templated":true}]}}