{"id":9535,"date":"2025-09-15T14:56:33","date_gmt":"2025-09-15T12:56:33","guid":{"rendered":"https:\/\/boreait.com\/de\/?post_type=product&#038;p=9535"},"modified":"2025-09-16T12:49:54","modified_gmt":"2025-09-16T10:49:54","slug":"fuer-lenovo-thinkpad-l540-ethernet-anschluss-lan-usb-board-04x4864-0c62514","status":"publish","type":"product","link":"https:\/\/boreait.com\/de\/produkt\/fuer-lenovo-thinkpad-l540-ethernet-anschluss-lan-usb-board-04x4864-0c62514\/","title":{"rendered":"F\u00fcr Lenovo ThinkPad L540 Ethernet-Anschluss LAN USB Board 04X4864 0C62514"},"content":{"rendered":"<p>Verbessern Sie die Konnektivit\u00e4t und Benutzerfreundlichkeit Ihres Lenovo ThinkPad L540 Laptops mit der Lenovo ThinkPad L540 Ethernet-Port-LAN-USB-Karte 04X4864 0C62514. Diese Original-Ersatzkarte optimiert die Netzwerk- und USB-Funktionalit\u00e4t Ihres Laptops und sorgt f\u00fcr nahtlose Integration und verbesserte Benutzerfreundlichkeit f\u00fcr ein optimales Computererlebnis.<\/p>\n<p>Die Lenovo ThinkPad L540 Ethernet-Port-LAN-USB-Karte 04X4864 0C62514 wurde von Lenovo, einem vertrauensw\u00fcrdigen Namen in der Computertechnologie, entwickelt und bietet zuverl\u00e4ssige Ethernet- und USB-Konnektivit\u00e4t. Als wesentlicher Bestandteil der internen Systeme Ihres Laptops spielt diese Karte eine entscheidende Rolle bei der Erweiterung Ihrer Netzwerk- und USB-Optionen.<\/p>\n<p>Ob Sie eine Verbindung zu kabelgebundenen Netzwerken herstellen, Daten \u00fcber Ethernet \u00fcbertragen oder USB-Peripherieger\u00e4te nutzen m\u00f6chten \u2013 diese Ersatzkarte bietet Ihnen den Komfort und die Effizienz, die Sie ben\u00f6tigen. Genie\u00dfen Sie unterbrechungsfreien Internetzugang, schnelle Daten\u00fcbertragungen und problemlose USB-Konnektivit\u00e4t auf Ihrem ThinkPad L540.<\/p>\n<p>Die Installation ist dank des Designs, das auf die Originalkomponenten Ihres Laptops abgestimmt ist, unkompliziert. Mit Originalteilen von Lenovo investieren Sie in die Qualit\u00e4t und Zuverl\u00e4ssigkeit der Konnektivit\u00e4t Ihres Laptops.<\/p>\n<p>Erweitern Sie die Konnektivit\u00e4t Ihres Laptops mit dem Lenovo ThinkPad L540 Ethernet-Port-LAN-USB-Board 04X4864 0C62514. Profitieren Sie von erweiterten Netzwerk- und USB-Funktionen, optimierten Daten\u00fcbertragungen und effizienten Anschlussm\u00f6glichkeiten auf Ihrem ThinkPad L540. Verbessern Sie Ihr Computererlebnis mit diesem zuverl\u00e4ssigen und effizienten Ersatzboard.<\/p>\n<p>Bitte \u00fcberpr\u00fcfen Sie vor dem Kauf die Kompatibilit\u00e4t mit Ihrem Laptop-Modell.<\/p>\n","protected":false},"excerpt":{"rendered":"<p>Verbessern Sie die Konnektivit\u00e4t Ihres Lenovo ThinkPad L540 mit dem Lenovo ThinkPad L540 Ethernet Port LAN USB Board 04X4864 0C62514. Profitieren Sie von erweiterten Netzwerk- und USB-Funktionen f\u00fcr verbesserte Benutzerfreundlichkeit.<\/p>\n","protected":false},"featured_media":9601,"template":"","meta":[],"product_brand":[],"product_cat":[63],"product_tag":[62],"class_list":{"0":"post-9535","1":"product","2":"type-product","3":"status-publish","4":"has-post-thumbnail","6":"product_cat-motherboards-board-parts","7":"product_tag-lenovo","9":"first","10":"instock","11":"taxable","12":"shipping-taxable","13":"purchasable","14":"product-type-simple"},"_links":{"self":[{"href":"https:\/\/boreait.com\/de\/wp-json\/wp\/v2\/product\/9535","targetHints":{"allow":["GET"]}}],"collection":[{"href":"https:\/\/boreait.com\/de\/wp-json\/wp\/v2\/product"}],"about":[{"href":"https:\/\/boreait.com\/de\/wp-json\/wp\/v2\/types\/product"}],"wp:featuredmedia":[{"embeddable":true,"href":"https:\/\/boreait.com\/de\/wp-json\/wp\/v2\/media\/9601"}],"wp:attachment":[{"href":"https:\/\/boreait.com\/de\/wp-json\/wp\/v2\/media?parent=9535"}],"wp:term":[{"taxonomy":"product_brand","embeddable":true,"href":"https:\/\/boreait.com\/de\/wp-json\/wp\/v2\/product_brand?post=9535"},{"taxonomy":"product_cat","embeddable":true,"href":"https:\/\/boreait.com\/de\/wp-json\/wp\/v2\/product_cat?post=9535"},{"taxonomy":"product_tag","embeddable":true,"href":"https:\/\/boreait.com\/de\/wp-json\/wp\/v2\/product_tag?post=9535"}],"curies":[{"name":"wp","href":"https:\/\/api.w.org\/{rel}","templated":true}]}}