{"id":9533,"date":"2025-09-15T14:56:33","date_gmt":"2025-09-15T12:56:33","guid":{"rendered":"https:\/\/boreait.com\/de\/?post_type=product&#038;p=9533"},"modified":"2026-01-09T14:19:01","modified_gmt":"2026-01-09T13:19:01","slug":"gehaeuse-dvd-lenovo-thinkpad-l440-42-4lg09-001-original","status":"publish","type":"product","link":"https:\/\/boreait.com\/de\/produkt\/gehaeuse-dvd-lenovo-thinkpad-l440-42-4lg09-001-original\/","title":{"rendered":"Geh\u00e4use DVD Lenovo THINKPAD L440 42.4LG09.001 Original"},"content":{"rendered":"<p>Erweitern Sie die Funktionalit\u00e4t Ihres Lenovo ThinkPad L440 Laptops mit dem Original-DVD-Geh\u00e4use Lenovo THINKPAD L440 42.4LG09.001. Dieses Original-DVD-Geh\u00e4use wurde entwickelt, um die Speicherkapazit\u00e4t und die Leistungsf\u00e4higkeit des optischen Laufwerks Ihres Laptops zu optimieren. Es gew\u00e4hrleistet eine nahtlose Passform und erweiterte Funktionalit\u00e4t f\u00fcr ein verbessertes Computererlebnis.<\/p>\n<p>Das Original-DVD-Geh\u00e4use 42.4LG09.001 von Lenovo, einem vertrauensw\u00fcrdigen Namen in der Computertechnologie, ist f\u00fcr die zuverl\u00e4ssige Integration in Ihr ThinkPad L440 konzipiert. Als wichtiger Bestandteil der Architektur Ihres Laptops beherbergt dieses Geh\u00e4use das optische Laufwerk Ihres Laptops und gew\u00e4hrleistet so sicheren und effizienten Zugriff auf CDs und DVDs.<\/p>\n<p>Ob Sie Software installieren, Filme ansehen oder Backups erstellen m\u00f6chten \u2013 dieses Geh\u00e4use erweitert die Vielseitigkeit Ihres Laptops. Es bietet den Komfort eines optischen Laufwerks auf Ihrem ThinkPad L440, ohne Kompromisse bei Mobilit\u00e4t oder Funktionalit\u00e4t einzugehen.<\/p>\n<p>Die Installation ist dank des OEM-Designs, das auf die Originalkomponenten Ihres Laptops abgestimmt ist, unkompliziert. Mit Originalteilen von Lenovo investieren Sie in die Qualit\u00e4t und Zuverl\u00e4ssigkeit des Speichers und des optischen Laufwerks Ihres Laptops.<\/p>\n<p>Erweitern Sie die Funktionalit\u00e4t Ihres Laptops mit der Original-Geh\u00e4use-DVD Lenovo THINKPAD L440 42.4LG09.001. Profitieren Sie von erweiterten Speicheroptionen, optischen Laufwerken und verbesserter Vielseitigkeit auf Ihrem ThinkPad L440. Optimieren Sie Ihr Computererlebnis mit diesem zuverl\u00e4ssigen und effizienten Geh\u00e4use.<\/p>\n<p>Bitte \u00fcberpr\u00fcfen Sie vor dem Kauf die Kompatibilit\u00e4t mit Ihrem Laptop-Modell.<\/p>\n","protected":false},"excerpt":{"rendered":"<p>Erweitern Sie die Funktionalit\u00e4t Ihres Lenovo ThinkPad L440 Laptops mit der Original-Geh\u00e4use-DVD Lenovo THINKPAD L440 42.4LG09.001. Profitieren Sie von erweiterten Speicheroptionen und der Funktionalit\u00e4t eines optischen Laufwerks.<\/p>\n","protected":false},"featured_media":9599,"template":"","meta":[],"product_brand":[],"product_cat":[52],"product_tag":[62],"class_list":{"0":"post-9533","1":"product","2":"type-product","3":"status-publish","4":"has-post-thumbnail","6":"product_cat-laptop-housing","7":"product_tag-lenovo","9":"first","10":"instock","11":"taxable","12":"shipping-taxable","13":"purchasable","14":"product-type-simple"},"_links":{"self":[{"href":"https:\/\/boreait.com\/de\/wp-json\/wp\/v2\/product\/9533","targetHints":{"allow":["GET"]}}],"collection":[{"href":"https:\/\/boreait.com\/de\/wp-json\/wp\/v2\/product"}],"about":[{"href":"https:\/\/boreait.com\/de\/wp-json\/wp\/v2\/types\/product"}],"wp:featuredmedia":[{"embeddable":true,"href":"https:\/\/boreait.com\/de\/wp-json\/wp\/v2\/media\/9599"}],"wp:attachment":[{"href":"https:\/\/boreait.com\/de\/wp-json\/wp\/v2\/media?parent=9533"}],"wp:term":[{"taxonomy":"product_brand","embeddable":true,"href":"https:\/\/boreait.com\/de\/wp-json\/wp\/v2\/product_brand?post=9533"},{"taxonomy":"product_cat","embeddable":true,"href":"https:\/\/boreait.com\/de\/wp-json\/wp\/v2\/product_cat?post=9533"},{"taxonomy":"product_tag","embeddable":true,"href":"https:\/\/boreait.com\/de\/wp-json\/wp\/v2\/product_tag?post=9533"}],"curies":[{"name":"wp","href":"https:\/\/api.w.org\/{rel}","templated":true}]}}