{"id":9530,"date":"2025-09-15T14:56:33","date_gmt":"2025-09-15T12:56:33","guid":{"rendered":"https:\/\/boreait.com\/de\/?post_type=product&#038;p=9530"},"modified":"2026-01-15T07:43:08","modified_gmt":"2026-01-15T06:43:08","slug":"neue-nvme-ssd-lexar-nm610-250gb-m-2-pcie","status":"publish","type":"product","link":"https:\/\/boreait.com\/de\/produkt\/neue-nvme-ssd-lexar-nm610-250gb-m-2-pcie\/","title":{"rendered":"NEUE NVME SSD Lexar NM610 250GB M.2 PCIE"},"content":{"rendered":"<p>Suchen Sie nach dem n\u00e4chsten gro\u00dfen Hit in Sachen Laptop-Teile? Die Lexar NM610 M.2 NVME SSD 250 GB k\u00f6nnte genau das Richtige f\u00fcr Sie sein. Sie ist nicht nur darauf ausgelegt, mit dem digitalen Zeitalter Schritt zu halten, sondern bringt Sie auch in Zukunft voran. Deshalb sollten Sie diese SSD im Auge behalten:<\/p>\n<ul>\n<li><strong>Hervorragende Leistung<\/strong>: Nie wieder mit den Fingern trommeln, w\u00e4hrend Sie darauf warten, dass Dateien \u00fcbertragen oder Anwendungen geladen werden. Mit sequentiellen Lesegeschwindigkeiten von bis zu 2100 MB\/s erledigen Sie Ihre Aufgaben mit Warp-Geschwindigkeit.<\/li>\n<li><strong>Erweitern Sie Ihr Erlebnis<\/strong>: Dank PCIe Gen3x4 NVMe 1.3-Technologie und integriertem 3D-NAND-Flash sorgt diese SSD f\u00fcr nahtloses und effizientes Computing vom Einschalten bis zum Herunterfahren.<\/li>\n<li><strong>Vergessen Sie SATA<\/strong>: R\u00fcsten Sie auf die Lexar NM610 auf und erleben Sie bis zu 3,5-mal schnellere Geschwindigkeit als herk\u00f6mmliche SATA-basierte SSDs. Sp\u00fcren Sie die Ver\u00e4nderung in jedem Aspekt Ihres Computings \u2013 von schnelleren Boot-Vorg\u00e4ngen bis hin zu k\u00fcrzeren Software-Ladezeiten.<\/li>\n<li><strong>Langlebig<\/strong>: Machen Sie sich keine Sorgen mehr um den Ausfall herk\u00f6mmlicher Festplatten. Die NM610 SSD ohne bewegliche Teile ist nicht nur weniger st\u00f6ranf\u00e4llig, sondern auch sto\u00df- und vibrationsfest und bietet Robustheit in kompaktem Design.<\/li>\n<li><strong>Energieeffizient<\/strong>: Dank des geringeren Stromverbrauchs und des k\u00fchleren Betriebs verl\u00e4ngert sich die Akkulaufzeit. Damit ist sie HDDs einen Schritt voraus.<\/li>\n<li><strong>Spezifikationen auf einen Blick<\/strong>:\n<ul>\n<li>Formfaktor: M.2 2280<\/li>\n<li>Schnittstelle: PCIe Gen3x4<\/li>\n<li>Betriebstemperatur: 0 \u00b0C bis 70 \u00b0C<\/li>\n<li>Abmessungen: 80 mm x 22 mm x 2,25 mm<\/li>\n<li>Gewicht: Nur 9 g<\/li>\n<li>Belastbarkeit: Sto\u00dffest bis 1500 G und vibrationsfest ab 10\u20132000 Hz<\/li>\n<li>NAND-Flash: Fortschrittliches 3D-NAND<\/li>\n<li>Langlebigkeit: Mit einer MTBF von 1.500.000 Stunden ist sie f\u00fcr lange Lebensdauer ausgelegt.<\/li>\n<\/ul>\n<\/li>\n<\/ul>\n<p>Die Lexar NM610 M.2 NVME SSD 250 GB ist die ultimative Kombination aus Geschwindigkeit, Zuverl\u00e4ssigkeit und Effizienz. Sie ist nicht nur eine Speicherl\u00f6sung, sondern ein Upgrade, das Ihr gesamtes Computererlebnis revolutioniert.<\/p>\n","protected":false},"excerpt":{"rendered":"<p>Erweitern Sie Ihr Laptop-Zubeh\u00f6r mit der Lexar NM610 M.2 NVMe SSD! Erleben Sie blitzschnelle Ladezeiten, effiziente Bootvorg\u00e4nge und schnelle \u00dcbertragungen mit Lesegeschwindigkeiten von bis zu 2100 MB\/s. Dank modernster 3D-NAND-Technologie ist sie ein solides Upgrade f\u00fcr jeden Laptop oder PC!<\/p>\n","protected":false},"featured_media":9595,"template":"","meta":[],"product_brand":[],"product_cat":[68,67],"product_tag":[],"class_list":{"0":"post-9530","1":"product","2":"type-product","3":"status-publish","4":"has-post-thumbnail","6":"product_cat-nvme","7":"product_cat-ssd-hdd-drives","9":"first","10":"instock","11":"taxable","12":"shipping-taxable","13":"purchasable","14":"product-type-simple"},"_links":{"self":[{"href":"https:\/\/boreait.com\/de\/wp-json\/wp\/v2\/product\/9530","targetHints":{"allow":["GET"]}}],"collection":[{"href":"https:\/\/boreait.com\/de\/wp-json\/wp\/v2\/product"}],"about":[{"href":"https:\/\/boreait.com\/de\/wp-json\/wp\/v2\/types\/product"}],"wp:featuredmedia":[{"embeddable":true,"href":"https:\/\/boreait.com\/de\/wp-json\/wp\/v2\/media\/9595"}],"wp:attachment":[{"href":"https:\/\/boreait.com\/de\/wp-json\/wp\/v2\/media?parent=9530"}],"wp:term":[{"taxonomy":"product_brand","embeddable":true,"href":"https:\/\/boreait.com\/de\/wp-json\/wp\/v2\/product_brand?post=9530"},{"taxonomy":"product_cat","embeddable":true,"href":"https:\/\/boreait.com\/de\/wp-json\/wp\/v2\/product_cat?post=9530"},{"taxonomy":"product_tag","embeddable":true,"href":"https:\/\/boreait.com\/de\/wp-json\/wp\/v2\/product_tag?post=9530"}],"curies":[{"name":"wp","href":"https:\/\/api.w.org\/{rel}","templated":true}]}}