{"id":9516,"date":"2025-09-15T14:56:09","date_gmt":"2025-09-15T12:56:09","guid":{"rendered":"https:\/\/boreait.com\/de\/?post_type=product&#038;p=9516"},"modified":"2026-01-09T14:08:50","modified_gmt":"2026-01-09T13:08:50","slug":"hitachi-5k250-60-60-gb-25-sata-5400-u-min-hts542516k9sa00-festplatte-hdd","status":"publish","type":"product","link":"https:\/\/boreait.com\/de\/produkt\/hitachi-5k250-60-60-gb-25-sata-5400-u-min-hts542516k9sa00-festplatte-hdd\/","title":{"rendered":"Hitachi 5K250-60 60 GB 2,5 SATA 5400 U\/min HTS542516K9SA00 Festplatte HDD"},"content":{"rendered":"<p>Erweitern Sie Ihre Speicherkapazit\u00e4t und steigern Sie die Leistung Ihres Laptops mit der Hitachi 5K250-60 60 GB 2,5 SATA 5400 U\/min HTS542516K9SA00 Festplatte. Diese originale Hitachi-Festplatte bietet zuverl\u00e4ssigen Speicher und effizienten Datenzugriff und ist somit die ideale Wahl f\u00fcr Laptop-Upgrades oder -Ersatz.<\/p>\n<p>Die HTS542516K9SA00 Festplatte von Hitachi, einem renommierten Anbieter von Speichertechnologie, l\u00e4sst sich nahtlos in Ihren Laptop integrieren. Mit gro\u00dfz\u00fcgigen 60 GB Kapazit\u00e4t bietet diese Festplatte reichlich Platz f\u00fcr Ihre Dokumente, Fotos, Videos und Anwendungen.<\/p>\n<p>Mit einer Geschwindigkeit von 5400 U\/min bietet diese Festplatte schnelle Daten\u00fcbertragungsraten und erm\u00f6glicht so schnellen Zugriff auf Ihre Dateien und Anwendungen. Egal, ob Sie Speicher f\u00fcr Ihre Arbeitsdaten ben\u00f6tigen oder Ihre Mediensammlung speichern m\u00f6chten \u2013 diese Festplatte bietet die Zuverl\u00e4ssigkeit und Leistung, die Sie ben\u00f6tigen. <\/p>\n<p>Die Installation ist dank des 2,5-Zoll-SATA-Formfaktors, der mit einer Vielzahl von Laptops kompatibel ist, unkompliziert.<\/p>\n<p>Erh\u00f6hen Sie die Speicherkapazit\u00e4t und Leistung Ihres Laptops mit der Hitachi 5K250-60 60 GB 2,5-Zoll-SATA-Festplatte HTS542516K9SA00 (2,5-Zoll-SATA-5400-U\/min). Profitieren Sie von gro\u00dfz\u00fcgigem Speicherplatz und effizientem Datenzugriff f\u00fcr die Anforderungen Ihres Laptops. Investieren Sie in diese zuverl\u00e4ssige und effiziente Festplatte f\u00fcr ein reibungsloses Computererlebnis.<\/p>\n<p>Bitte \u00fcberpr\u00fcfen Sie vor dem Kauf die Kompatibilit\u00e4t mit Ihrem Laptopmodell.<\/p>\n","protected":false},"excerpt":{"rendered":"<p>Erweitern Sie den Speicher Ihres Laptops mit der Hitachi 5K250-60 60 GB 2,5 SATA 5400 U\/min HTS542516K9SA00 Festplatte. Genie\u00dfen Sie gro\u00dfz\u00fcgigen Speicherplatz und effizienten Datenzugriff f\u00fcr eine verbesserte Laptop-Leistung.<\/p>\n","protected":false},"featured_media":9586,"template":"","meta":[],"product_brand":[],"product_cat":[85,67],"product_tag":[],"class_list":{"0":"post-9516","1":"product","2":"type-product","3":"status-publish","4":"has-post-thumbnail","6":"product_cat-2-5-hdd","7":"product_cat-ssd-hdd-drives","9":"first","10":"instock","11":"taxable","12":"shipping-taxable","13":"purchasable","14":"product-type-simple"},"_links":{"self":[{"href":"https:\/\/boreait.com\/de\/wp-json\/wp\/v2\/product\/9516","targetHints":{"allow":["GET"]}}],"collection":[{"href":"https:\/\/boreait.com\/de\/wp-json\/wp\/v2\/product"}],"about":[{"href":"https:\/\/boreait.com\/de\/wp-json\/wp\/v2\/types\/product"}],"wp:featuredmedia":[{"embeddable":true,"href":"https:\/\/boreait.com\/de\/wp-json\/wp\/v2\/media\/9586"}],"wp:attachment":[{"href":"https:\/\/boreait.com\/de\/wp-json\/wp\/v2\/media?parent=9516"}],"wp:term":[{"taxonomy":"product_brand","embeddable":true,"href":"https:\/\/boreait.com\/de\/wp-json\/wp\/v2\/product_brand?post=9516"},{"taxonomy":"product_cat","embeddable":true,"href":"https:\/\/boreait.com\/de\/wp-json\/wp\/v2\/product_cat?post=9516"},{"taxonomy":"product_tag","embeddable":true,"href":"https:\/\/boreait.com\/de\/wp-json\/wp\/v2\/product_tag?post=9516"}],"curies":[{"name":"wp","href":"https:\/\/api.w.org\/{rel}","templated":true}]}}