{"id":9515,"date":"2025-09-15T14:56:08","date_gmt":"2025-09-15T12:56:08","guid":{"rendered":"https:\/\/boreait.com\/de\/?post_type=product&#038;p=9515"},"modified":"2026-01-09T14:08:34","modified_gmt":"2026-01-09T13:08:34","slug":"toshiba-satellite-a-20-1yx-scharniere-mit-vga-anschluss","status":"publish","type":"product","link":"https:\/\/boreait.com\/de\/produkt\/toshiba-satellite-a-20-1yx-scharniere-mit-vga-anschluss\/","title":{"rendered":"Toshiba Satellite A 20-1YX SCHARNIERE MIT VGA-ANSCHLUSS"},"content":{"rendered":"<p>R\u00fcsten Sie die Scharniere Ihres Toshiba Satellite A 20-1YX Laptops mit VGA-Anschluss mit diesem Original-Ersatzteil auf. Diese Scharniere optimieren Display und Konnektivit\u00e4t Ihres Laptops und sorgen f\u00fcr zuverl\u00e4ssige Leistung und nahtlose Integration f\u00fcr ein verbessertes Computererlebnis.<\/p>\n<p>Diese Scharniere mit VGA-Anschluss erf\u00fcllen die hohen Standards von Toshiba in der Computertechnologie und passen perfekt zu Ihrem Satellite A 20-1YX Laptop. Sie erf\u00fcllen einen doppelten Zweck: Sie st\u00fctzen das Display und bieten gleichzeitig eine VGA-Anschlussm\u00f6glichkeit f\u00fcr den einfachen Anschluss eines externen Monitors, Projektors oder anderer VGA-kompatibler Ger\u00e4te.<\/p>\n<p>Ob Sie Ihre Arbeit pr\u00e4sentieren, Ihr Display erweitern oder einfach die Displayunterst\u00fctzung Ihres Laptops verbessern m\u00f6chten \u2013 diese Scharniere mit VGA-Anschluss bieten Ihnen den Komfort und die Funktionalit\u00e4t, die Sie ben\u00f6tigen. Der VGA-Anschluss erweitert Ihren Arbeitsbereich und ist ideal f\u00fcr Berufst\u00e4tige, Studenten und alle, die Wert auf vielseitige Computernutzung legen.<\/p>\n<p>Die Installation ist dank des pr\u00e4zisen Designs, das auf die Originalkomponenten Ihres Laptops abgestimmt ist, unkompliziert. Mit Original-Toshiba-Teilen investieren Sie in die Qualit\u00e4t und Zuverl\u00e4ssigkeit des Displays und der Konnektivit\u00e4t Ihres Laptops.<\/p>\n<p>Verbessern Sie das Display und die Konnektivit\u00e4t Ihres Laptops mit den Scharnieren mit VGA-Anschluss f\u00fcr Ihr Toshiba Satellite A 20-1YX. Profitieren Sie von verbesserter Displayunterst\u00fctzung und erweiterten VGA-Konnektivit\u00e4tsm\u00f6glichkeiten auf Ihrem Laptop. Optimieren Sie Ihr Computererlebnis mit diesem zuverl\u00e4ssigen und effizienten Ersatzteil.<\/p>\n<p>Bitte \u00fcberpr\u00fcfen Sie vor dem Kauf die Kompatibilit\u00e4t mit Ihrem Laptop-Modell.<\/p>\n","protected":false},"excerpt":{"rendered":"<p>Verbessern Sie das Display und die Konnektivit\u00e4t Ihres Toshiba Satellite A 20-1YX-Laptops mit Scharnieren mit VGA-Anschluss. Schlie\u00dfen Sie einfach externe Monitore oder Projektoren an und genie\u00dfen Sie vielseitiges Arbeiten.<\/p>\n","protected":false},"featured_media":9585,"template":"","meta":[],"product_brand":[],"product_cat":[55],"product_tag":[70],"class_list":{"0":"post-9515","1":"product","2":"type-product","3":"status-publish","4":"has-post-thumbnail","6":"product_cat-screen-hinge","7":"product_tag-toshiba","9":"first","10":"instock","11":"taxable","12":"shipping-taxable","13":"purchasable","14":"product-type-simple"},"_links":{"self":[{"href":"https:\/\/boreait.com\/de\/wp-json\/wp\/v2\/product\/9515","targetHints":{"allow":["GET"]}}],"collection":[{"href":"https:\/\/boreait.com\/de\/wp-json\/wp\/v2\/product"}],"about":[{"href":"https:\/\/boreait.com\/de\/wp-json\/wp\/v2\/types\/product"}],"wp:featuredmedia":[{"embeddable":true,"href":"https:\/\/boreait.com\/de\/wp-json\/wp\/v2\/media\/9585"}],"wp:attachment":[{"href":"https:\/\/boreait.com\/de\/wp-json\/wp\/v2\/media?parent=9515"}],"wp:term":[{"taxonomy":"product_brand","embeddable":true,"href":"https:\/\/boreait.com\/de\/wp-json\/wp\/v2\/product_brand?post=9515"},{"taxonomy":"product_cat","embeddable":true,"href":"https:\/\/boreait.com\/de\/wp-json\/wp\/v2\/product_cat?post=9515"},{"taxonomy":"product_tag","embeddable":true,"href":"https:\/\/boreait.com\/de\/wp-json\/wp\/v2\/product_tag?post=9515"}],"curies":[{"name":"wp","href":"https:\/\/api.w.org\/{rel}","templated":true}]}}