{"id":9500,"date":"2025-09-15T14:55:45","date_gmt":"2025-09-15T12:55:45","guid":{"rendered":"https:\/\/boreait.com\/de\/?post_type=product&#038;p=9500"},"modified":"2026-01-09T14:07:21","modified_gmt":"2026-01-09T13:07:21","slug":"dvd-rw-brenner-uj-870-pata-fuer-acer-hp-toshiba-laptop-notebooks","status":"publish","type":"product","link":"https:\/\/boreait.com\/de\/produkt\/dvd-rw-brenner-uj-870-pata-fuer-acer-hp-toshiba-laptop-notebooks\/","title":{"rendered":"DVD-RW-Brenner \u2013 UJ-870 \u2013 PATA f\u00fcr Acer HP Toshiba Laptop Notebooks"},"content":{"rendered":"<p>R\u00fcsten Sie das optische Laufwerk Ihres Laptops mit dem DVD-RW-Brenner UJ-870 \u2013 PATA auf, der mit Notebooks von Acer, HP und Toshiba kompatibel ist. Dieser originale DVD-RW-Brenner bietet zuverl\u00e4ssige Lese- und Schreibfunktionen f\u00fcr DVDs und CDs \u2013 damit Sie Filme ansehen, Backups erstellen und Software problemlos installieren k\u00f6nnen.<\/p>\n<p>Der UJ-870 ist auf Kompatibilit\u00e4t ausgelegt und passt nahtlos in ausgew\u00e4hlte Laptopmodelle von Acer, HP und Toshiba. Dank der Plug-and-Play-Installation ist das Upgrade Ihres optischen Laufwerks ein Kinderspiel. Egal, ob Sie professionell wichtige Daten brennen oder Multimedia-Enthusiast sind und Filme und Musik genie\u00dfen \u2013 dieser DVD-RW-Brenner erweitert die Funktionalit\u00e4t Ihres Laptops.<\/p>\n<p>Mit der F\u00e4higkeit, DVDs und CDs zu lesen und zu beschreiben, bietet dieser Brenner vielseitige Medienverarbeitung. Erstellen Sie Backups Ihrer wichtigen Dateien, schauen Sie Ihre Lieblingsfilme oder installieren Sie Software von Discs. Verabschieden Sie sich von externen optischen Laufwerken und erleben Sie den Komfort eines internen Brenners.<\/p>\n<p>Die Installation ist unkompliziert. Ersetzen Sie Ihr vorhandenes optisches Laufwerk durch das Original UJ-870 und profitieren Sie von einer verbesserten Medienverarbeitung auf Ihrem Laptop.<\/p>\n<p>Erweitern Sie das optische Laufwerk Ihres Laptops mit dem DVD-RW-Brenner UJ-870 \u2013 PATA. Erleben Sie zuverl\u00e4ssige Lese- und Schreibfunktionen f\u00fcr DVDs und CDs auf Ihrem Acer-, HP- oder Toshiba-Laptop. Verbessern Sie Ihre Medienverarbeitung und genie\u00dfen Sie den Komfort eines internen optischen Laufwerks.<\/p>\n<p>Bitte \u00fcberpr\u00fcfen Sie vor dem Kauf die Kompatibilit\u00e4t mit Ihrem Laptop-Modell.<\/p>\n","protected":false},"excerpt":{"rendered":"<p>R\u00fcsten Sie Ihr Acer-, HP- oder Toshiba-Notebook mit dem DVD-RW-Brenner UJ-870 &#8211; PATA auf. Profitieren Sie von zuverl\u00e4ssigen Lese- und Schreibfunktionen f\u00fcr DVDs und CDs zum Ansehen von Filmen, Erstellen von Backups und vielem mehr.<\/p>\n","protected":false},"featured_media":9568,"template":"","meta":[],"product_brand":[],"product_cat":[63],"product_tag":[70],"class_list":{"0":"post-9500","1":"product","2":"type-product","3":"status-publish","4":"has-post-thumbnail","6":"product_cat-motherboards-board-parts","7":"product_tag-toshiba","9":"first","10":"instock","11":"taxable","12":"shipping-taxable","13":"purchasable","14":"product-type-simple"},"_links":{"self":[{"href":"https:\/\/boreait.com\/de\/wp-json\/wp\/v2\/product\/9500","targetHints":{"allow":["GET"]}}],"collection":[{"href":"https:\/\/boreait.com\/de\/wp-json\/wp\/v2\/product"}],"about":[{"href":"https:\/\/boreait.com\/de\/wp-json\/wp\/v2\/types\/product"}],"wp:featuredmedia":[{"embeddable":true,"href":"https:\/\/boreait.com\/de\/wp-json\/wp\/v2\/media\/9568"}],"wp:attachment":[{"href":"https:\/\/boreait.com\/de\/wp-json\/wp\/v2\/media?parent=9500"}],"wp:term":[{"taxonomy":"product_brand","embeddable":true,"href":"https:\/\/boreait.com\/de\/wp-json\/wp\/v2\/product_brand?post=9500"},{"taxonomy":"product_cat","embeddable":true,"href":"https:\/\/boreait.com\/de\/wp-json\/wp\/v2\/product_cat?post=9500"},{"taxonomy":"product_tag","embeddable":true,"href":"https:\/\/boreait.com\/de\/wp-json\/wp\/v2\/product_tag?post=9500"}],"curies":[{"name":"wp","href":"https:\/\/api.w.org\/{rel}","templated":true}]}}