{"id":9495,"date":"2025-09-15T14:55:44","date_gmt":"2025-09-15T12:55:44","guid":{"rendered":"https:\/\/boreait.com\/de\/?post_type=product&#038;p=9495"},"modified":"2026-01-09T14:00:15","modified_gmt":"2026-01-09T13:00:15","slug":"toshiba-equium-satellite-pro-a200-netzschalterplatine-ls-3482p-nbx00004l001","status":"publish","type":"product","link":"https:\/\/boreait.com\/de\/produkt\/toshiba-equium-satellite-pro-a200-netzschalterplatine-ls-3482p-nbx00004l001\/","title":{"rendered":"Toshiba Equium Satellite Pro A200 Netzschalterplatine LS-3482P NBX00004L001"},"content":{"rendered":"<p>Erweitern Sie die Funktionalit\u00e4t Ihres Toshiba Equium oder Satellite Pro A200 Laptops mit der Toshiba Equium Satellite Pro A200 Power Button Board LS-3482P NBX00004L00. Diese Original-Power Button Board wurde entwickelt, um die Power Button-Funktionalit\u00e4t zu verbessern und sorgt f\u00fcr zuverl\u00e4ssiges Energiemanagement und nahtlose Integration f\u00fcr ein verbessertes Computererlebnis.<\/p>\n<p>Die Power Button Board LS-3482P NBX00004L00 von Toshiba, einem vertrauensw\u00fcrdigen Namen in der Computertechnologie, bietet eine effiziente Power Button-Funktionalit\u00e4t. Als wesentlicher Bestandteil der Benutzeroberfl\u00e4che Ihres Laptops spielt diese Platine eine entscheidende Rolle bei der Verwaltung der Energievorg\u00e4nge Ihres Laptops.<\/p>\n<p>Ob Sie Ihren Laptop ein- oder ausschalten oder das System neu starten m\u00fcssen \u2013 dieses Power Button Board bietet Ihnen den Komfort und die Effizienz, die Sie ben\u00f6tigen. Genie\u00dfen Sie schnelles und zuverl\u00e4ssiges Energiemanagement ohne externe Workarounds oder tempor\u00e4re L\u00f6sungen.<\/p>\n<p>Die Installation ist dank des Designs, das auf die Originalkomponenten Ihres Laptops abgestimmt ist, unkompliziert. Mit Originalteilen von Toshiba investieren Sie in die Qualit\u00e4t und Zuverl\u00e4ssigkeit der Energieverwaltung Ihres Laptops.<\/p>\n<p>Erweitern Sie die Funktionalit\u00e4t des Netzschalters Ihres Laptops mit der Netzschalterplatine LS-3482P NBX00004L00 f\u00fcr das Toshiba Equium Satellite Pro A200. Profitieren Sie von effizienten Stromversorgungen, schnellen Systemneustarts und zuverl\u00e4ssiger Energieverwaltung auf Ihrem Toshiba Equium oder Satellite Pro A200 Laptop. Verbessern Sie Ihr Computererlebnis mit dieser zuverl\u00e4ssigen und effizienten Netzschalterplatine.<\/p>\n<p>Bitte \u00fcberpr\u00fcfen Sie vor dem Kauf die Kompatibilit\u00e4t mit Ihrem Laptop-Modell.<\/p>\n","protected":false},"excerpt":{"rendered":"<p>R\u00fcsten Sie den Netzschalter Ihres Toshiba Equium, Satellite Pro A200 Laptops mit der Toshiba Equium Satellite Pro A200 Power Button Board LS-3482P NBX00004L00 f\u00fcr effizientes Energiemanagement auf. Freuen Sie sich \u00fcber schnelle Systemneustarts und zuverl\u00e4ssige Energiekontrolle.<\/p>\n","protected":false},"featured_media":9559,"template":"","meta":[],"product_brand":[],"product_cat":[63],"product_tag":[70],"class_list":{"0":"post-9495","1":"product","2":"type-product","3":"status-publish","4":"has-post-thumbnail","6":"product_cat-motherboards-board-parts","7":"product_tag-toshiba","9":"first","10":"instock","11":"taxable","12":"shipping-taxable","13":"purchasable","14":"product-type-simple"},"_links":{"self":[{"href":"https:\/\/boreait.com\/de\/wp-json\/wp\/v2\/product\/9495","targetHints":{"allow":["GET"]}}],"collection":[{"href":"https:\/\/boreait.com\/de\/wp-json\/wp\/v2\/product"}],"about":[{"href":"https:\/\/boreait.com\/de\/wp-json\/wp\/v2\/types\/product"}],"wp:featuredmedia":[{"embeddable":true,"href":"https:\/\/boreait.com\/de\/wp-json\/wp\/v2\/media\/9559"}],"wp:attachment":[{"href":"https:\/\/boreait.com\/de\/wp-json\/wp\/v2\/media?parent=9495"}],"wp:term":[{"taxonomy":"product_brand","embeddable":true,"href":"https:\/\/boreait.com\/de\/wp-json\/wp\/v2\/product_brand?post=9495"},{"taxonomy":"product_cat","embeddable":true,"href":"https:\/\/boreait.com\/de\/wp-json\/wp\/v2\/product_cat?post=9495"},{"taxonomy":"product_tag","embeddable":true,"href":"https:\/\/boreait.com\/de\/wp-json\/wp\/v2\/product_tag?post=9495"}],"curies":[{"name":"wp","href":"https:\/\/api.w.org\/{rel}","templated":true}]}}