{"id":9479,"date":"2025-09-15T14:55:23","date_gmt":"2025-09-15T12:55:23","guid":{"rendered":"https:\/\/boreait.com\/de\/?post_type=product&#038;p=9479"},"modified":"2025-09-16T12:49:52","modified_gmt":"2025-09-16T10:49:52","slug":"original-cpu-lf80537-t5450intel-1-66-2m-667-stammt-von-einem-acer-aspire-5920-sla4f","status":"publish","type":"product","link":"https:\/\/boreait.com\/de\/produkt\/original-cpu-lf80537-t5450intel-1-66-2m-667-stammt-von-einem-acer-aspire-5920-sla4f\/","title":{"rendered":"Original-CPU LF80537 T5450Intel 1.66 2M 667 stammt von einem Acer Aspire 5920 SLA4F"},"content":{"rendered":"<p>Steigern Sie die Leistung Ihres Acer Aspire 5920 Laptops mit der Original-CPU LF80537 T5450 Intel 1.66 2M 667 Prozessor SLA4F. Diese Original-CPU steigert die Rechenleistung Ihres Laptops und sorgt f\u00fcr einen reibungslosen und effizienten Betrieb bei einer Vielzahl von Aufgaben.<\/p>\n<p>Die LF80537 T5450 Intel 1.66 2M 667 CPU von Intel, einem f\u00fchrenden Anbieter von Prozessortechnologie, bietet Ihrem Laptop beeindruckende Rechenleistung. Mit ihrem Dual-Core-Design, einer Taktrate von 1,66 GHz, 2 MB Cache und einem Front-Side-Bus-Takt von 667 MHz ist diese CPU f\u00fcr alle Aufgaben ger\u00fcstet \u2013 vom allt\u00e4glichen Surfen im Internet und Office-Aufgaben bis hin zu anspruchsvolleren Anwendungen und Multitasking.<\/p>\n<p>R\u00fcsten Sie Ihr Acer Aspire 5920 Laptop mit dieser Original-CPU auf und erleben Sie eine verbesserte Reaktionsf\u00e4higkeit und schnellere Programmausf\u00fchrung. Egal, ob Sie als Profi Ihre Produktivit\u00e4t steigern oder als Multimedia-Enthusiast fl\u00fcssigere Videowiedergabe und Gaming-Leistung w\u00fcnschen \u2013 diese CPU ist der Aufgabe gewachsen.<\/p>\n<p>Die Installation der Original-CPU LF80537 T5450 Intel 1.66 2M 667 ist unkompliziert und gew\u00e4hrleistet die Kompatibilit\u00e4t mit Ihrem Acer Aspire 5920. Mit Original-Intel-Teilen investieren Sie in die Zuverl\u00e4ssigkeit und Langlebigkeit Ihres Laptops.<\/p>\n<p>Erweitern Sie die Leistung Ihres Laptops mit der Original-CPU LF80537 T5450 Intel 1.66 2M 667 und genie\u00dfen Sie ein schnelleres, reaktionsschnelleres Computererlebnis auf Ihrem Acer Aspire 5920.<\/p>\n<p>Bitte \u00fcberpr\u00fcfen Sie vor dem Kauf die Kompatibilit\u00e4t mit Ihrem Laptop-Modell.<\/p>\n","protected":false},"excerpt":{"rendered":"<p>Steigern Sie die Leistung Ihres Acer Aspire 5920 Laptops mit dem Original SLA4F CPU LF80537 T5450Intel 1.66 2M 667 Prozessor. Erleben Sie h\u00f6here Geschwindigkeiten und verbesserte Multitasking-F\u00e4higkeiten.<\/p>\n","protected":false},"featured_media":9556,"template":"","meta":[],"product_brand":[],"product_cat":[75],"product_tag":[],"class_list":{"0":"post-9479","1":"product","2":"type-product","3":"status-publish","4":"has-post-thumbnail","6":"product_cat-processors-cpu","8":"first","9":"instock","10":"taxable","11":"shipping-taxable","12":"purchasable","13":"product-type-simple"},"_links":{"self":[{"href":"https:\/\/boreait.com\/de\/wp-json\/wp\/v2\/product\/9479","targetHints":{"allow":["GET"]}}],"collection":[{"href":"https:\/\/boreait.com\/de\/wp-json\/wp\/v2\/product"}],"about":[{"href":"https:\/\/boreait.com\/de\/wp-json\/wp\/v2\/types\/product"}],"wp:featuredmedia":[{"embeddable":true,"href":"https:\/\/boreait.com\/de\/wp-json\/wp\/v2\/media\/9556"}],"wp:attachment":[{"href":"https:\/\/boreait.com\/de\/wp-json\/wp\/v2\/media?parent=9479"}],"wp:term":[{"taxonomy":"product_brand","embeddable":true,"href":"https:\/\/boreait.com\/de\/wp-json\/wp\/v2\/product_brand?post=9479"},{"taxonomy":"product_cat","embeddable":true,"href":"https:\/\/boreait.com\/de\/wp-json\/wp\/v2\/product_cat?post=9479"},{"taxonomy":"product_tag","embeddable":true,"href":"https:\/\/boreait.com\/de\/wp-json\/wp\/v2\/product_tag?post=9479"}],"curies":[{"name":"wp","href":"https:\/\/api.w.org\/{rel}","templated":true}]}}