{"id":9477,"date":"2025-09-15T14:55:22","date_gmt":"2025-09-15T12:55:22","guid":{"rendered":"https:\/\/boreait.com\/de\/?post_type=product&#038;p=9477"},"modified":"2026-01-14T09:15:16","modified_gmt":"2026-01-14T08:15:16","slug":"luefter-fuer-asus-x451-x551-x451c-x551ca-x551c-x551ma-13nb0331p11111","status":"publish","type":"product","link":"https:\/\/boreait.com\/de\/produkt\/luefter-fuer-asus-x451-x551-x451c-x551ca-x551c-x551ma-13nb0331p11111\/","title":{"rendered":"L\u00fcfter f\u00fcr ASUS X451 X551 X451C X551CA X551C X551MA \/ 13NB0331P11111"},"content":{"rendered":"<p>Verbessern Sie die K\u00fchlleistung Ihres Asus X451 X551 X451C X551CA X551C X551MA Laptops mit dem CPU-L\u00fcfter 13NB0331P11111. Dieser Original-CPU-L\u00fcfter wurde entwickelt, um das W\u00e4rmemanagement Ihres Laptops zu optimieren und sorgt f\u00fcr zuverl\u00e4ssige K\u00fchlung und nahtlose Integration f\u00fcr ein verbessertes Computererlebnis.<\/p>\n<p>Der CPU-L\u00fcfter 13NB0331P11111 von Asus, einem vertrauensw\u00fcrdigen Namen in der Computertechnologie, sorgt f\u00fcr eine effiziente W\u00e4rmeableitung. Als wichtiger Bestandteil des internen K\u00fchlsystems Ihres Laptops spielt er eine entscheidende Rolle bei der Aufrechterhaltung der optimalen Betriebstemperatur Ihrer CPU.<\/p>\n<p>Ob Sie professionell ressourcenintensive Anwendungen ausf\u00fchren oder als Gelegenheitsnutzer eine reibungslose und unterbrechungsfreie Leistung w\u00fcnschen, dieser CPU-L\u00fcfter bietet die n\u00f6tige K\u00fchleffizienz. Er verhindert \u00dcberhitzung, die zu Leistungseinbu\u00dfen und m\u00f6glichen Sch\u00e4den an den Laptopkomponenten f\u00fchren kann.<\/p>\n<p>Die Installation ist dank des Designs, das auf die Originalkomponenten Ihres Laptops abgestimmt ist, unkompliziert. Mit Originalteilen von Asus investieren Sie in die Qualit\u00e4t und Zuverl\u00e4ssigkeit des K\u00fchlsystems Ihres Laptops.<\/p>\n<p>Optimieren Sie das W\u00e4rmemanagement Ihres Laptops mit dem CPU-L\u00fcfter 13NB0331P11111 Asus X451 X551 X451C X551CA X551C X551MA. Freuen Sie sich auf verbesserte W\u00e4rmeableitung, optimale CPU-Temperatur und verbesserte Gesamtleistung Ihres Asus X451 X551 X451C X551CA X551C X551MA Laptops. Steigern Sie Ihr Computererlebnis mit diesem zuverl\u00e4ssigen und effizienten CPU-L\u00fcfter.<\/p>\n<p>Bitte \u00fcberpr\u00fcfen Sie vor dem Kauf die Kompatibilit\u00e4t mit Ihrem Laptop-Modell.<\/p>\n","protected":false},"excerpt":{"rendered":"<p>Verbessern Sie die K\u00fchlung Ihres Asus X451 X551 X451C X551CA X551C X551MA Laptops mit dem CPU-L\u00fcfter 13NB0331P11111. Halten Sie Ihre CPU auf optimaler Temperatur f\u00fcr verbesserte Leistung.<\/p>\n","protected":false},"featured_media":9546,"template":"","meta":[],"product_brand":[],"product_cat":[69],"product_tag":[66],"class_list":{"0":"post-9477","1":"product","2":"type-product","3":"status-publish","4":"has-post-thumbnail","6":"product_cat-cpu-fans-heatsinks","7":"product_tag-asus","9":"first","10":"instock","11":"taxable","12":"shipping-taxable","13":"purchasable","14":"product-type-simple"},"_links":{"self":[{"href":"https:\/\/boreait.com\/de\/wp-json\/wp\/v2\/product\/9477","targetHints":{"allow":["GET"]}}],"collection":[{"href":"https:\/\/boreait.com\/de\/wp-json\/wp\/v2\/product"}],"about":[{"href":"https:\/\/boreait.com\/de\/wp-json\/wp\/v2\/types\/product"}],"wp:featuredmedia":[{"embeddable":true,"href":"https:\/\/boreait.com\/de\/wp-json\/wp\/v2\/media\/9546"}],"wp:attachment":[{"href":"https:\/\/boreait.com\/de\/wp-json\/wp\/v2\/media?parent=9477"}],"wp:term":[{"taxonomy":"product_brand","embeddable":true,"href":"https:\/\/boreait.com\/de\/wp-json\/wp\/v2\/product_brand?post=9477"},{"taxonomy":"product_cat","embeddable":true,"href":"https:\/\/boreait.com\/de\/wp-json\/wp\/v2\/product_cat?post=9477"},{"taxonomy":"product_tag","embeddable":true,"href":"https:\/\/boreait.com\/de\/wp-json\/wp\/v2\/product_tag?post=9477"}],"curies":[{"name":"wp","href":"https:\/\/api.w.org\/{rel}","templated":true}]}}