{"id":9456,"date":"2025-09-15T14:54:58","date_gmt":"2025-09-15T12:54:58","guid":{"rendered":"https:\/\/boreait.com\/de\/?post_type=product&#038;p=9456"},"modified":"2025-09-16T12:49:49","modified_gmt":"2025-09-16T10:49:49","slug":"fujitsu-siemens-esprimo-mobile-v5535-bildschirm-rueckseite-lcd-kabel-inverter","status":"publish","type":"product","link":"https:\/\/boreait.com\/de\/produkt\/fujitsu-siemens-esprimo-mobile-v5535-bildschirm-rueckseite-lcd-kabel-inverter\/","title":{"rendered":"Fujitsu Siemens Esprimo Mobile V5535 Bildschirm R\u00fcckseite + LCD Kabel + Inverter"},"content":{"rendered":"<p>Verbessern Sie das Aussehen und den Schutz Ihres Fujitsu Siemens Esprimo Mobile V5535 Laptops mit der Fujitsu Siemens Esprimo Mobile Bildschirmr\u00fcckseite. Diese R\u00fcckseite wurde f\u00fcr ein optimales Aussehen und eine lange Lebensdauer Ihres Laptops entwickelt und bietet nahtlose Integration und verbesserte Funktionalit\u00e4t f\u00fcr ein verbessertes Computererlebnis. Bestellnummer: 605180190301.1<\/p>\n<p>Die f\u00fcr Fujitsu Siemens, einen renommierten Namen in der Computertechnologie, entwickelte Bildschirmr\u00fcckseite des Esprimo Mobile bietet eine elegante und sch\u00fctzende L\u00f6sung. Als wesentlicher Bestandteil des \u00e4u\u00dferen Designs Ihres Laptops spielt diese R\u00fcckseite eine entscheidende Rolle beim Schutz des Bildschirms und verleiht ihm einen stilvollen Touch.<\/p>\n<p>Ob Sie ein besch\u00e4digtes Display ersetzen oder einfach das Aussehen Ihres Laptops auffrischen m\u00f6chten \u2013 diese R\u00fcckseite bietet Ihnen den Komfort und die Qualit\u00e4t, die Sie erwarten. Die pr\u00e4zise Verarbeitung sorgt f\u00fcr eine perfekte Passform und das Design unterstreicht die \u00c4sthetik Ihres Esprimo Mobile Laptops.<\/p>\n<p>Die Installation ist dank des Designs, das auf die Originalkomponenten Ihres Laptops abgestimmt ist, unkompliziert. Mit Originalteilen von Fujitsu Siemens investieren Sie in die Qualit\u00e4t und Optik Ihres Laptops.<\/p>\n<p>Optimieren Sie die Optik und den Schutz Ihres Laptops mit der Fujitsu Siemens Esprimo Mobile-Bildschirmr\u00fcckseite. Genie\u00dfen Sie ein frisches und stilvolles Laptop-Design und sch\u00fctzen Sie gleichzeitig Ihren Bildschirm. Verbessern Sie Ihr Computererlebnis mit dieser zuverl\u00e4ssigen und attraktiven R\u00fcckseite.<\/p>\n<p>Bitte \u00fcberpr\u00fcfen Sie vor dem Kauf die Kompatibilit\u00e4t mit Ihrem Laptop-Modell.<\/p>\n","protected":false},"excerpt":{"rendered":"<p>Verbessern Sie die Optik und den Schutz Ihres Fujitsu Siemens Esprimo Mobile Laptops mit der Bildschirmr\u00fcckseite des Fujitsu Siemens Esprimo Mobile V5535. Genie\u00dfen Sie ein frisches und stilvolles Design und sch\u00fctzen Sie gleichzeitig Ihren Bildschirm. Werten Sie Ihr Laptop-Erlebnis mit dieser hochwertigen Bildschirmr\u00fcckseite auf.<\/p>\n","protected":false},"featured_media":9522,"template":"","meta":[],"product_brand":[],"product_cat":[52],"product_tag":[64],"class_list":{"0":"post-9456","1":"product","2":"type-product","3":"status-publish","4":"has-post-thumbnail","6":"product_cat-laptop-housing","7":"product_tag-fujitsu","9":"first","10":"instock","11":"taxable","12":"shipping-taxable","13":"purchasable","14":"product-type-simple"},"_links":{"self":[{"href":"https:\/\/boreait.com\/de\/wp-json\/wp\/v2\/product\/9456","targetHints":{"allow":["GET"]}}],"collection":[{"href":"https:\/\/boreait.com\/de\/wp-json\/wp\/v2\/product"}],"about":[{"href":"https:\/\/boreait.com\/de\/wp-json\/wp\/v2\/types\/product"}],"wp:featuredmedia":[{"embeddable":true,"href":"https:\/\/boreait.com\/de\/wp-json\/wp\/v2\/media\/9522"}],"wp:attachment":[{"href":"https:\/\/boreait.com\/de\/wp-json\/wp\/v2\/media?parent=9456"}],"wp:term":[{"taxonomy":"product_brand","embeddable":true,"href":"https:\/\/boreait.com\/de\/wp-json\/wp\/v2\/product_brand?post=9456"},{"taxonomy":"product_cat","embeddable":true,"href":"https:\/\/boreait.com\/de\/wp-json\/wp\/v2\/product_cat?post=9456"},{"taxonomy":"product_tag","embeddable":true,"href":"https:\/\/boreait.com\/de\/wp-json\/wp\/v2\/product_tag?post=9456"}],"curies":[{"name":"wp","href":"https:\/\/api.w.org\/{rel}","templated":true}]}}