{"id":9427,"date":"2025-09-15T14:54:35","date_gmt":"2025-09-15T12:54:35","guid":{"rendered":"https:\/\/boreait.com\/de\/?post_type=product&#038;p=9427"},"modified":"2025-09-16T12:49:48","modified_gmt":"2025-09-16T10:49:48","slug":"hp-elitebook-840-g1-14-lcd-rueckseite-730949-001-m164","status":"publish","type":"product","link":"https:\/\/boreait.com\/de\/produkt\/hp-elitebook-840-g1-14-lcd-rueckseite-730949-001-m164\/","title":{"rendered":"HP EliteBook 840 G1 14&#8243; LCD-R\u00fcckseite 730949-001 m164"},"content":{"rendered":"<p>Optimieren Sie das Aussehen und den Schutz Ihres HP EliteBook 840 G1 mit der 14-Zoll-LCD-R\u00fcckabdeckung (730949-001 m164). Diese originale R\u00fcckabdeckung passt perfekt zu Ihrem Laptop und bietet Stil und Haltbarkeit. So bleibt Ihr Laptop gesch\u00fctzt und sieht gleichzeitig elegant und professionell aus.<\/p>\n<p>Diese R\u00fcckabdeckung von HP, einem renommierten Anbieter in der Computertechnologie, wurde speziell f\u00fcr das EliteBook 840 G1 entwickelt. Sie verf\u00fcgt \u00fcber eine Aussparung f\u00fcr das 14-Zoll-LCD-Display und passt so perfekt auf Ihren Laptop-Bildschirm. Die R\u00fcckabdeckung besteht aus hochwertigen Materialien, h\u00e4lt dem t\u00e4glichen Gebrauch stand und sch\u00fctzt Ihren Laptop vor kleinen St\u00f6\u00dfen und Kratzern.<\/p>\n<p>Der Austausch der R\u00fcckabdeckung ist unkompliziert. Mit einem Original-HP-Teil investieren Sie in die Qualit\u00e4t und Kompatibilit\u00e4t, die Ihr Laptop verdient.<\/p>\n<p>Verbessern Sie die Optik und den Schutz Ihres HP EliteBook 840 G1 mit der 14-Zoll-LCD-R\u00fcckabdeckung (730949-001 m164). Sorgen Sie daf\u00fcr, dass Ihr Laptop immer gut aussieht und sch\u00fctzen Sie ihn gleichzeitig vor allt\u00e4glicher Abnutzung.<\/p>\n<p>Bitte \u00fcberpr\u00fcfen Sie vor dem Kauf die Kompatibilit\u00e4t mit Ihrem Laptop-Modell.<\/p>\n","protected":false},"excerpt":{"rendered":"<p>Verbessern Sie das Aussehen und den Schutz Ihres HP EliteBook 840 G1 mit der 14-Zoll-LCD-R\u00fcckabdeckung (730949-001 m164). Sorgen Sie daf\u00fcr, dass Ihr Laptop elegant und professionell aussieht, und sch\u00fctzen Sie ihn gleichzeitig vor allt\u00e4glicher Abnutzung.<\/p>\n","protected":false},"featured_media":9501,"template":"","meta":[],"product_brand":[],"product_cat":[52],"product_tag":[61],"class_list":{"0":"post-9427","1":"product","2":"type-product","3":"status-publish","4":"has-post-thumbnail","6":"product_cat-laptop-housing","7":"product_tag-hp","9":"first","10":"instock","11":"taxable","12":"shipping-taxable","13":"purchasable","14":"product-type-simple"},"_links":{"self":[{"href":"https:\/\/boreait.com\/de\/wp-json\/wp\/v2\/product\/9427","targetHints":{"allow":["GET"]}}],"collection":[{"href":"https:\/\/boreait.com\/de\/wp-json\/wp\/v2\/product"}],"about":[{"href":"https:\/\/boreait.com\/de\/wp-json\/wp\/v2\/types\/product"}],"wp:featuredmedia":[{"embeddable":true,"href":"https:\/\/boreait.com\/de\/wp-json\/wp\/v2\/media\/9501"}],"wp:attachment":[{"href":"https:\/\/boreait.com\/de\/wp-json\/wp\/v2\/media?parent=9427"}],"wp:term":[{"taxonomy":"product_brand","embeddable":true,"href":"https:\/\/boreait.com\/de\/wp-json\/wp\/v2\/product_brand?post=9427"},{"taxonomy":"product_cat","embeddable":true,"href":"https:\/\/boreait.com\/de\/wp-json\/wp\/v2\/product_cat?post=9427"},{"taxonomy":"product_tag","embeddable":true,"href":"https:\/\/boreait.com\/de\/wp-json\/wp\/v2\/product_tag?post=9427"}],"curies":[{"name":"wp","href":"https:\/\/api.w.org\/{rel}","templated":true}]}}