{"id":9423,"date":"2025-09-15T14:54:35","date_gmt":"2025-09-15T12:54:35","guid":{"rendered":"https:\/\/boreait.com\/de\/?post_type=product&#038;p=9423"},"modified":"2026-01-09T13:53:08","modified_gmt":"2026-01-09T12:53:08","slug":"hp-elitebook-840-g1-765809-001-unteres-gehaeusegehaeuse-17a","status":"publish","type":"product","link":"https:\/\/boreait.com\/de\/produkt\/hp-elitebook-840-g1-765809-001-unteres-gehaeusegehaeuse-17a\/","title":{"rendered":"HP Elitebook 840 G1 765809-001 Unteres Geh\u00e4usegeh\u00e4use -17A"},"content":{"rendered":"<p>Sch\u00fctzen und optimieren Sie Ihr HP Elitebook 840 G1 Notebook mit der HP 765809-001 Geh\u00e4useunterteil -17A. Diese originale HP Geh\u00e4useunterteil-H\u00fclle sch\u00fctzt die wichtigsten Komponenten Ihres Notebooks und sorgt mit ihrer Langlebigkeit und pr\u00e4zisen Passform f\u00fcr ein reibungsloses Computererlebnis.<\/p>\n<p>Die 765809-001 Geh\u00e4useunterteil-H\u00fclle -17A von HP, einem f\u00fchrenden Anbieter von Computertechnologie, wurde speziell f\u00fcr das Elitebook 840 G1 entwickelt. Sie sch\u00fctzt die Unterseite Ihres Notebooks vor Kratzern, Schrammen und leichten St\u00f6\u00dfen.<\/p>\n<p>Die pr\u00e4zise gefertigte Geh\u00e4useunterteil-H\u00fclle bietet Zugriff auf alle wichtigen Anschl\u00fcsse und Funktionen und gew\u00e4hrleistet so die uneingeschr\u00e4nkte Benutzerfreundlichkeit Ihres Notebooks. Sie ist der ideale Ersatz f\u00fcr ein besch\u00e4digtes oder abgenutztes Geh\u00e4use oder als Upgrade f\u00fcr zus\u00e4tzlichen Schutz.<\/p>\n<p>Die Installation ist unkompliziert und erm\u00f6glicht Ihnen den einfachen Austausch Ihres vorhandenen Untergeh\u00e4uses durch das Original-Set 765809-001 -17A. Mit Original-HP-Teilen investieren Sie in die Qualit\u00e4t, Langlebigkeit und Passgenauigkeit Ihres Laptop-Geh\u00e4uses.<\/p>\n<p>Sch\u00fctzen und optimieren Sie Ihr HP Elitebook 840 G1 mit dem Untergeh\u00e4use 765809-001 -17A. Genie\u00dfen Sie die Gewissheit, dass Ihr Laptop vor allt\u00e4glicher Abnutzung gesch\u00fctzt ist und jahrelang in Topform bleibt.<\/p>\n<p>Bitte \u00fcberpr\u00fcfen Sie vor dem Kauf die Kompatibilit\u00e4t mit Ihrem Laptop-Modell.<\/p>\n","protected":false},"excerpt":{"rendered":"<p>Sch\u00fctzen Sie Ihr HP Elitebook 840 G1 mit dem HP 765809-001 Bottom Chassis Case -17A. Freuen Sie sich \u00fcber zus\u00e4tzliche Haltbarkeit und pr\u00e4zise Passform f\u00fcr Ihr Notebook.<\/p>\n","protected":false},"featured_media":9486,"template":"","meta":[],"product_brand":[],"product_cat":[52],"product_tag":[61],"class_list":{"0":"post-9423","1":"product","2":"type-product","3":"status-publish","4":"has-post-thumbnail","6":"product_cat-laptop-housing","7":"product_tag-hp","9":"first","10":"instock","11":"taxable","12":"shipping-taxable","13":"purchasable","14":"product-type-simple"},"_links":{"self":[{"href":"https:\/\/boreait.com\/de\/wp-json\/wp\/v2\/product\/9423","targetHints":{"allow":["GET"]}}],"collection":[{"href":"https:\/\/boreait.com\/de\/wp-json\/wp\/v2\/product"}],"about":[{"href":"https:\/\/boreait.com\/de\/wp-json\/wp\/v2\/types\/product"}],"wp:featuredmedia":[{"embeddable":true,"href":"https:\/\/boreait.com\/de\/wp-json\/wp\/v2\/media\/9486"}],"wp:attachment":[{"href":"https:\/\/boreait.com\/de\/wp-json\/wp\/v2\/media?parent=9423"}],"wp:term":[{"taxonomy":"product_brand","embeddable":true,"href":"https:\/\/boreait.com\/de\/wp-json\/wp\/v2\/product_brand?post=9423"},{"taxonomy":"product_cat","embeddable":true,"href":"https:\/\/boreait.com\/de\/wp-json\/wp\/v2\/product_cat?post=9423"},{"taxonomy":"product_tag","embeddable":true,"href":"https:\/\/boreait.com\/de\/wp-json\/wp\/v2\/product_tag?post=9423"}],"curies":[{"name":"wp","href":"https:\/\/api.w.org\/{rel}","templated":true}]}}