{"id":9420,"date":"2025-09-15T14:54:34","date_gmt":"2025-09-15T12:54:34","guid":{"rendered":"https:\/\/boreait.com\/de\/?post_type=product&#038;p=9420"},"modified":"2025-09-16T12:49:47","modified_gmt":"2025-09-16T10:49:47","slug":"neu-fuer-hp-zbook-15-g1-g2-bottom-basis-abdeckung-fall-734279-001","status":"publish","type":"product","link":"https:\/\/boreait.com\/de\/produkt\/neu-fuer-hp-zbook-15-g1-g2-bottom-basis-abdeckung-fall-734279-001\/","title":{"rendered":"Neu F\u00fcr HP ZBOOK 15 G1 G2 Bottom Basis Abdeckung Fall 734279-001"},"content":{"rendered":"<p>Verleihen Sie Ihrem HP ZBOOK 15 G1 oder G2 Laptop einen frischen Look und zus\u00e4tzlichen Schutz mit der neuen HP ZBOOK 15 G1 G2 Bodenabdeckung 734279-001. Dieses Original-Ersatzteil von HP ersetzt die Bodenabdeckung Ihres Laptops und sorgt f\u00fcr perfekten Sitz, Langlebigkeit und ein verbessertes Erscheinungsbild.<\/p>\n<p>Diese Bodenabdeckung von HP, einem f\u00fchrenden Anbieter von Laptop-Technologie, wurde speziell f\u00fcr die Modelle ZBOOK 15 G1 und G2 entwickelt. Sie sch\u00fctzt die internen Komponenten Ihres Laptops und bietet zus\u00e4tzlichen Schutz vor Kratzern und leichten St\u00f6\u00dfen.<\/p>\n<p>Der Austausch der Bodenabdeckung ist unkompliziert und erfordert kein Spezialwerkzeug. Verbessern Sie das Gesamtbild und die Langlebigkeit Ihres Laptops mit diesem Original-Ersatzteil.<\/p>\n<p>Verbessern Sie das Aussehen und den Schutz Ihres HP ZBOOK 15 G1 oder G2 Laptops mit der neuen HP ZBOOK 15 G1 G2 Bodenschutzh\u00fclle 734279-001. Freuen Sie sich \u00fcber ein frisches, elegantes Erscheinungsbild und zus\u00e4tzlichen Schutz vor allt\u00e4glicher Abnutzung.<\/p>\n<p>Bitte pr\u00fcfen Sie vor dem Kauf die Kompatibilit\u00e4t mit Ihrem Laptop-Modell.<\/p>\n","protected":false},"excerpt":{"rendered":"<p>Verbessern Sie das Aussehen und den Schutz Ihres HP ZBOOK 15 G1 oder G2 Laptops mit der neuen Bodenabdeckung 734279-001 f\u00fcr das HP ZBOOK 15 G1 G2. Freuen Sie sich \u00fcber ein elegantes Erscheinungsbild und zus\u00e4tzliche Haltbarkeit.<\/p>\n","protected":false},"featured_media":9480,"template":"","meta":[],"product_brand":[],"product_cat":[52],"product_tag":[61],"class_list":{"0":"post-9420","1":"product","2":"type-product","3":"status-publish","4":"has-post-thumbnail","6":"product_cat-laptop-housing","7":"product_tag-hp","9":"first","10":"instock","11":"taxable","12":"shipping-taxable","13":"purchasable","14":"product-type-simple"},"_links":{"self":[{"href":"https:\/\/boreait.com\/de\/wp-json\/wp\/v2\/product\/9420","targetHints":{"allow":["GET"]}}],"collection":[{"href":"https:\/\/boreait.com\/de\/wp-json\/wp\/v2\/product"}],"about":[{"href":"https:\/\/boreait.com\/de\/wp-json\/wp\/v2\/types\/product"}],"wp:featuredmedia":[{"embeddable":true,"href":"https:\/\/boreait.com\/de\/wp-json\/wp\/v2\/media\/9480"}],"wp:attachment":[{"href":"https:\/\/boreait.com\/de\/wp-json\/wp\/v2\/media?parent=9420"}],"wp:term":[{"taxonomy":"product_brand","embeddable":true,"href":"https:\/\/boreait.com\/de\/wp-json\/wp\/v2\/product_brand?post=9420"},{"taxonomy":"product_cat","embeddable":true,"href":"https:\/\/boreait.com\/de\/wp-json\/wp\/v2\/product_cat?post=9420"},{"taxonomy":"product_tag","embeddable":true,"href":"https:\/\/boreait.com\/de\/wp-json\/wp\/v2\/product_tag?post=9420"}],"curies":[{"name":"wp","href":"https:\/\/api.w.org\/{rel}","templated":true}]}}