{"id":9393,"date":"2025-09-15T14:54:12","date_gmt":"2025-09-15T12:54:12","guid":{"rendered":"https:\/\/boreait.com\/de\/?post_type=product&#038;p=9393"},"modified":"2026-01-09T13:49:14","modified_gmt":"2026-01-09T12:49:14","slug":"lenovo-thinkpad-t430u-power-button-mit-kabel-39lv3pb0000","status":"publish","type":"product","link":"https:\/\/boreait.com\/de\/produkt\/lenovo-thinkpad-t430u-power-button-mit-kabel-39lv3pb0000\/","title":{"rendered":"Lenovo THINKPAD T430u Power Button mit Kabel 39LV3PB0000"},"content":{"rendered":"<p>Erweitern Sie die Funktionalit\u00e4t Ihres Lenovo THINKPAD T430u mit der Power-Button-Platine mit Kabel 39LV3PB0000. Diese Original-Lenovo-Komponente wurde entwickelt, um die Zuverl\u00e4ssigkeit und den Komfort des Z\u00fcndknopfs Ihres Laptops zu verbessern und sorgt f\u00fcr nahtlose Integration und verbesserte Benutzerfreundlichkeit.<\/p>\n<p>Die Z\u00fcndknopf-Unterlegscheibe mit Kabel 39LV3PB0000 von Lenovo, einem vertrauensw\u00fcrdigen Namen in der Computertechnologie, sorgt f\u00fcr eine zuverl\u00e4ssige Z\u00fcndknopffunktion. Als wesentlicher Bestandteil der internen Systeme Ihres Laptops spielt diese Unterlegscheibe mit Kabel eine entscheidende Rolle f\u00fcr einen reaktionsschnellen und langlebigen Z\u00fcndknopf.<\/p>\n<p>Ob beim Einschalten Ihres Laptops oder bei schnellen Neustarts \u2013 diese Komponente bietet Ihnen den Komfort und die Zuverl\u00e4ssigkeit, die Sie ben\u00f6tigen. Die pr\u00e4zise Verarbeitung gew\u00e4hrleistet die Langlebigkeit und Leistung des Z\u00fcndknopfs Ihres Laptops.<\/p>\n<p>Die Installation ist dank des OEM-Designs, das auf die Originalkomponenten Ihres Laptops abgestimmt ist, unkompliziert. Mit Originalteilen von Lenovo investieren Sie in die Qualit\u00e4t und Zuverl\u00e4ssigkeit der Z\u00fcndfunktion Ihres Laptops.<\/p>\n<p>Optimieren Sie den Z\u00fcndknopf Ihres Laptops mit der Z\u00fcndknopf-Unterlegscheibe mit Kabel 39LV3PB0000 f\u00fcr das Lenovo THINKPAD T430u. Freuen Sie sich \u00fcber verbesserte Reaktionsf\u00e4higkeit, Komfort und Langlebigkeit des Z\u00fcndknopfs Ihres Laptops. Optimieren Sie Ihr Computererlebnis mit diesem zuverl\u00e4ssigen und effizienten Unterlegscheiben- und Kabelsatz.<\/p>\n<p>Bitte \u00fcberpr\u00fcfen Sie vor dem Kauf die Kompatibilit\u00e4t mit Ihrem Laptop-Modell.<\/p>\n","protected":false},"excerpt":{"rendered":"<p>Steigern Sie die Zuverl\u00e4ssigkeit und den Komfort Ihres Lenovo THINKPAD T430u mit dem Power-Button mit Kabel 39LV3PB0000. Freuen Sie sich \u00fcber verbesserte Reaktionsf\u00e4higkeit und Haltbarkeit des Einschaltknopfs Ihres Laptops.<\/p>\n","protected":false},"featured_media":9460,"template":"","meta":[],"product_brand":[],"product_cat":[63],"product_tag":[62],"class_list":{"0":"post-9393","1":"product","2":"type-product","3":"status-publish","4":"has-post-thumbnail","6":"product_cat-motherboards-board-parts","7":"product_tag-lenovo","9":"first","10":"instock","11":"taxable","12":"shipping-taxable","13":"purchasable","14":"product-type-simple"},"_links":{"self":[{"href":"https:\/\/boreait.com\/de\/wp-json\/wp\/v2\/product\/9393","targetHints":{"allow":["GET"]}}],"collection":[{"href":"https:\/\/boreait.com\/de\/wp-json\/wp\/v2\/product"}],"about":[{"href":"https:\/\/boreait.com\/de\/wp-json\/wp\/v2\/types\/product"}],"wp:featuredmedia":[{"embeddable":true,"href":"https:\/\/boreait.com\/de\/wp-json\/wp\/v2\/media\/9460"}],"wp:attachment":[{"href":"https:\/\/boreait.com\/de\/wp-json\/wp\/v2\/media?parent=9393"}],"wp:term":[{"taxonomy":"product_brand","embeddable":true,"href":"https:\/\/boreait.com\/de\/wp-json\/wp\/v2\/product_brand?post=9393"},{"taxonomy":"product_cat","embeddable":true,"href":"https:\/\/boreait.com\/de\/wp-json\/wp\/v2\/product_cat?post=9393"},{"taxonomy":"product_tag","embeddable":true,"href":"https:\/\/boreait.com\/de\/wp-json\/wp\/v2\/product_tag?post=9393"}],"curies":[{"name":"wp","href":"https:\/\/api.w.org\/{rel}","templated":true}]}}