{"id":9372,"date":"2025-09-15T14:53:49","date_gmt":"2025-09-15T12:53:49","guid":{"rendered":"https:\/\/boreait.com\/de\/?post_type=product&#038;p=9372"},"modified":"2025-09-16T12:49:44","modified_gmt":"2025-09-16T10:49:44","slug":"handballenauflage-fuer-hp-elitebook-840-g1-730964-001","status":"publish","type":"product","link":"https:\/\/boreait.com\/de\/produkt\/handballenauflage-fuer-hp-elitebook-840-g1-730964-001\/","title":{"rendered":"Handballenauflage f\u00fcr HP EliteBook 840 G1 &#8211; 730964-001"},"content":{"rendered":"<p>Erweitern Sie Ihr HP EliteBook 840 G1 Notebook mit der Original-Handballenauflage (14 Zoll, Artikelnummer: 730964-001). Optimieren Sie die Benutzerfreundlichkeit und den Komfort Ihres Notebooks.<\/p>\n<p>Diese Handballenauflage von HP, einem f\u00fchrenden Anbieter von Computertechnologie, wurde speziell f\u00fcr das EliteBook 840 G1 entwickelt und garantiert perfekte Passform und Kompatibilit\u00e4t.<\/p>\n<p>Verbessern Sie die \u00c4sthetik und Funktionalit\u00e4t Ihres Notebooks mit dieser Original-Handballenauflage, die gleichzeitig eine bequeme Ablage f\u00fcr Ihre Handgelenke beim Tippen bietet. Sie enth\u00e4lt alle notwendigen Komponenten f\u00fcr eine problemlose Installation, sodass Sie Ihre vorhandene Handballenauflage schnell durch die Baugruppe 730964-001 ersetzen k\u00f6nnen.<\/p>\n<p>Investieren Sie in die Qualit\u00e4t und Zuverl\u00e4ssigkeit von Original-HP-Teilen, um die Leistung und den Komfort Ihres Notebooks zu erhalten. Verbessern Sie Ihr Computererlebnis mit der Original 14-Zoll-Handauflage f\u00fcr das HP EliteBook 840 G1 und genie\u00dfen Sie verbesserte Navigation und mehr Komfort bei l\u00e4ngerer Nutzung.<\/p>\n<p>Bitte \u00fcberpr\u00fcfen Sie vor dem Kauf die Kompatibilit\u00e4t mit Ihrem Laptop-Modell.<\/p>\n","protected":false},"excerpt":{"rendered":"<p>Werten Sie Ihr HP EliteBook 840 G1-Notebook mit der originalen 14-Zoll-Handauflage (Teilenummer: 730964-001) auf. Freuen Sie sich \u00fcber verbesserte Navigation und mehr Komfort bei l\u00e4ngerem Gebrauch.<\/p>\n","protected":false},"featured_media":9438,"template":"","meta":[],"product_brand":[],"product_cat":[52],"product_tag":[61],"class_list":{"0":"post-9372","1":"product","2":"type-product","3":"status-publish","4":"has-post-thumbnail","6":"product_cat-laptop-housing","7":"product_tag-hp","9":"first","10":"instock","11":"taxable","12":"shipping-taxable","13":"purchasable","14":"product-type-simple"},"_links":{"self":[{"href":"https:\/\/boreait.com\/de\/wp-json\/wp\/v2\/product\/9372","targetHints":{"allow":["GET"]}}],"collection":[{"href":"https:\/\/boreait.com\/de\/wp-json\/wp\/v2\/product"}],"about":[{"href":"https:\/\/boreait.com\/de\/wp-json\/wp\/v2\/types\/product"}],"wp:featuredmedia":[{"embeddable":true,"href":"https:\/\/boreait.com\/de\/wp-json\/wp\/v2\/media\/9438"}],"wp:attachment":[{"href":"https:\/\/boreait.com\/de\/wp-json\/wp\/v2\/media?parent=9372"}],"wp:term":[{"taxonomy":"product_brand","embeddable":true,"href":"https:\/\/boreait.com\/de\/wp-json\/wp\/v2\/product_brand?post=9372"},{"taxonomy":"product_cat","embeddable":true,"href":"https:\/\/boreait.com\/de\/wp-json\/wp\/v2\/product_cat?post=9372"},{"taxonomy":"product_tag","embeddable":true,"href":"https:\/\/boreait.com\/de\/wp-json\/wp\/v2\/product_tag?post=9372"}],"curies":[{"name":"wp","href":"https:\/\/api.w.org\/{rel}","templated":true}]}}