{"id":9369,"date":"2025-09-15T14:53:49","date_gmt":"2025-09-15T12:53:49","guid":{"rendered":"https:\/\/boreait.com\/de\/?post_type=product&#038;p=9369"},"modified":"2025-09-16T12:49:43","modified_gmt":"2025-09-16T10:49:43","slug":"hp-zbook-15-g2-156-zoll-laptop-handballenauflage-ap0tj000100-734281-001","status":"publish","type":"product","link":"https:\/\/boreait.com\/de\/produkt\/hp-zbook-15-g2-156-zoll-laptop-handballenauflage-ap0tj000100-734281-001\/","title":{"rendered":"HP ZBook 15 G2 15,6-Zoll-Laptop-Handballenauflage AP0TJ000100 734281-001"},"content":{"rendered":"<p>Verbessern Sie die Funktionalit\u00e4t und Sicherheit Ihres HP ZBook 15 G2 Laptops mit der HP ZBook 15 G2 15,6\u2033 Laptop-Handballenauflage AP0TJ000100 734281-001.<\/p>\n<p>Dank des OEM-Designs, das perfekt auf die Originalkomponenten Ihres Laptops abgestimmt ist, ist die Installation unkompliziert. Mit Original-HP-Teilen investieren Sie in die Qualit\u00e4t, Funktionalit\u00e4t und Sicherheit Ihres Laptops.<\/p>\n<p>Verbessern Sie die Funktionalit\u00e4t und Sicherheit Ihres Laptops mit der HP ZBook 15 G2 15,6\u2033 Laptop-Handballenauflage AP0TJ000100 734281-001. Optimieren Sie Ihr Computererlebnis mit dieser zuverl\u00e4ssigen und effizienten Handballenauflage.<\/p>\n<p>Bitte \u00fcberpr\u00fcfen Sie vor dem Kauf die Kompatibilit\u00e4t mit Ihrem Laptop-Modell.<\/p>\n","protected":false},"excerpt":{"rendered":"<p>Werten Sie Ihren HP ZBook 15 G2-Laptop mit der HP ZBook 15 G2 15,6&#8243;-Laptop-Handauflage AP0TJ000100 734281-001 auf.<\/p>\n","protected":false},"featured_media":9432,"template":"","meta":[],"product_brand":[],"product_cat":[52],"product_tag":[61],"class_list":{"0":"post-9369","1":"product","2":"type-product","3":"status-publish","4":"has-post-thumbnail","6":"product_cat-laptop-housing","7":"product_tag-hp","9":"first","10":"instock","11":"taxable","12":"shipping-taxable","13":"purchasable","14":"product-type-simple"},"_links":{"self":[{"href":"https:\/\/boreait.com\/de\/wp-json\/wp\/v2\/product\/9369","targetHints":{"allow":["GET"]}}],"collection":[{"href":"https:\/\/boreait.com\/de\/wp-json\/wp\/v2\/product"}],"about":[{"href":"https:\/\/boreait.com\/de\/wp-json\/wp\/v2\/types\/product"}],"wp:featuredmedia":[{"embeddable":true,"href":"https:\/\/boreait.com\/de\/wp-json\/wp\/v2\/media\/9432"}],"wp:attachment":[{"href":"https:\/\/boreait.com\/de\/wp-json\/wp\/v2\/media?parent=9369"}],"wp:term":[{"taxonomy":"product_brand","embeddable":true,"href":"https:\/\/boreait.com\/de\/wp-json\/wp\/v2\/product_brand?post=9369"},{"taxonomy":"product_cat","embeddable":true,"href":"https:\/\/boreait.com\/de\/wp-json\/wp\/v2\/product_cat?post=9369"},{"taxonomy":"product_tag","embeddable":true,"href":"https:\/\/boreait.com\/de\/wp-json\/wp\/v2\/product_tag?post=9369"}],"curies":[{"name":"wp","href":"https:\/\/api.w.org\/{rel}","templated":true}]}}