{"id":9366,"date":"2025-09-15T14:53:49","date_gmt":"2025-09-15T12:53:49","guid":{"rendered":"https:\/\/boreait.com\/de\/?post_type=product&#038;p=9366"},"modified":"2026-01-14T09:14:52","modified_gmt":"2026-01-14T08:14:52","slug":"hp-probook-4510s-kuehlkoerperluefter-luefter-kuehlkoerper-535767-001","status":"publish","type":"product","link":"https:\/\/boreait.com\/de\/produkt\/hp-probook-4510s-kuehlkoerperluefter-luefter-kuehlkoerper-535767-001\/","title":{"rendered":"HP PROBOOK 4510S K\u00fchlk\u00f6rperl\u00fcfter &#8211; L\u00fcfter K\u00fchlk\u00f6rper 535767-001"},"content":{"rendered":"<p>Verbessern Sie die K\u00fchlleistung Ihres HP ProBook 4510S Laptops mit dem HP PROBOOK 4510S K\u00fchlk\u00f6rperl\u00fcfter \u2013 HP SPS: 535767-001. Diese originale HP K\u00fchll\u00f6sung optimiert die W\u00e4rmeleistung Ihres Laptops und sorgt f\u00fcr eine effiziente W\u00e4rmeableitung, die entscheidend f\u00fcr die Funktionsf\u00e4higkeit und Langlebigkeit Ihres Laptops ist.<\/p>\n<p>Der PROBOOK 4510S K\u00fchlk\u00f6rperl\u00fcfter von HP, einem f\u00fchrenden Anbieter von Computertechnologie, sorgt f\u00fcr eine zuverl\u00e4ssige K\u00fchlung der wichtigsten Komponenten Ihres Laptops. Er leitet die bei anspruchsvollen Aufgaben wie Spielen oder Multimedia-Bearbeitung entstehende W\u00e4rme effektiv ab und verhindert so \u00dcberhitzung und m\u00f6gliche Sch\u00e4den an der internen Hardware Ihres Laptops.<\/p>\n<p>Die Installation ist dank des OEM-Designs, das auf die Originalkomponenten Ihres Laptops abgestimmt ist, unkompliziert. Mit Original-HP-Teilen investieren Sie in die Qualit\u00e4t und Zuverl\u00e4ssigkeit des K\u00fchlsystems Ihres Laptops.<\/p>\n<p>Optimieren Sie die K\u00fchlleistung Ihres Laptops mit dem HP PROBOOK 4510S K\u00fchlk\u00f6rperl\u00fcfter. Profitieren Sie von verbessertem W\u00e4rmemanagement, reduziertem \u00dcberhitzungsrisiko und einer l\u00e4ngeren Hardware-Lebensdauer f\u00fcr Ihr ProBook 4510S. Sorgen Sie mit dieser zuverl\u00e4ssigen und effizienten K\u00fchll\u00f6sung daf\u00fcr, dass Ihr Laptop auch bei anspruchsvollen Aufgaben optimal l\u00e4uft.<\/p>\n<p>Bitte pr\u00fcfen Sie vor dem Kauf die Kompatibilit\u00e4t mit Ihrem Laptop-Modell.<\/p>\n","protected":false},"excerpt":{"rendered":"<p>Verbessern Sie die K\u00fchlleistung Ihres HP ProBook 4510S Laptops mit dem HP PROBOOK 4510S K\u00fchlk\u00f6rperl\u00fcfter. Sorgen Sie f\u00fcr optimales W\u00e4rmemanagement und verhindern Sie \u00dcberhitzung bei anspruchsvollen Aufgaben.<\/p>\n","protected":false},"featured_media":9415,"template":"","meta":[],"product_brand":[],"product_cat":[69],"product_tag":[61],"class_list":{"0":"post-9366","1":"product","2":"type-product","3":"status-publish","4":"has-post-thumbnail","6":"product_cat-cpu-fans-heatsinks","7":"product_tag-hp","9":"first","10":"instock","11":"taxable","12":"shipping-taxable","13":"purchasable","14":"product-type-simple"},"_links":{"self":[{"href":"https:\/\/boreait.com\/de\/wp-json\/wp\/v2\/product\/9366","targetHints":{"allow":["GET"]}}],"collection":[{"href":"https:\/\/boreait.com\/de\/wp-json\/wp\/v2\/product"}],"about":[{"href":"https:\/\/boreait.com\/de\/wp-json\/wp\/v2\/types\/product"}],"wp:featuredmedia":[{"embeddable":true,"href":"https:\/\/boreait.com\/de\/wp-json\/wp\/v2\/media\/9415"}],"wp:attachment":[{"href":"https:\/\/boreait.com\/de\/wp-json\/wp\/v2\/media?parent=9366"}],"wp:term":[{"taxonomy":"product_brand","embeddable":true,"href":"https:\/\/boreait.com\/de\/wp-json\/wp\/v2\/product_brand?post=9366"},{"taxonomy":"product_cat","embeddable":true,"href":"https:\/\/boreait.com\/de\/wp-json\/wp\/v2\/product_cat?post=9366"},{"taxonomy":"product_tag","embeddable":true,"href":"https:\/\/boreait.com\/de\/wp-json\/wp\/v2\/product_tag?post=9366"}],"curies":[{"name":"wp","href":"https:\/\/api.w.org\/{rel}","templated":true}]}}