{"id":9343,"date":"2025-09-15T14:53:25","date_gmt":"2025-09-15T12:53:25","guid":{"rendered":"https:\/\/boreait.com\/de\/?post_type=product&#038;p=9343"},"modified":"2026-01-09T13:47:21","modified_gmt":"2026-01-09T12:47:21","slug":"original-hp-elitebook-840-g1-14-laptop-lcd-abdeckung-730949-001","status":"publish","type":"product","link":"https:\/\/boreait.com\/de\/produkt\/original-hp-elitebook-840-g1-14-laptop-lcd-abdeckung-730949-001\/","title":{"rendered":"Original HP EliteBook 840 G1 14 \u2013 Laptop-LCD-Abdeckung 730949-001"},"content":{"rendered":"<p>Optimieren Sie die Optik und den Schutz Ihres HP EliteBook 840 G1 Laptops mit der Original HP EliteBook 840 G1 14\u2033 Laptop-LCD-Abdeckung (730949-001). Diese originale HP Ersatzabdeckung passt perfekt zu Ihrem Laptop und bietet Funktionalit\u00e4t und \u00c4sthetik. So bleibt Ihr Laptop gesch\u00fctzt und sieht gleichzeitig elegant aus.<\/p>\n<p>Diese Original-LCD-Abdeckung (730949-001) von HP, einem vertrauensw\u00fcrdigen Namen in der Computertechnologie, wurde speziell f\u00fcr das EliteBook 840 G1 entwickelt und garantiert eine perfekte Passform. Sie ist auf Langlebigkeit ausgelegt und bietet Schutz vor Kratzern, Schrammen und leichten St\u00f6\u00dfen, ohne das professionelle Erscheinungsbild des Laptops zu beeintr\u00e4chtigen.<\/p>\n<p>Ob Sie beruflich unterwegs sind oder als Student mit einem vollen Terminkalender arbeiten \u2013 diese Original-HP-Abdeckung ist unverzichtbar f\u00fcr den Schutz Ihres Laptop-Displays. Ihr schlankes und schnittiges Design erg\u00e4nzt die \u00c4sthetik des EliteBook und macht sie zu einer stilvollen Erg\u00e4nzung.<\/p>\n<p>Die Installation ist problemlos dank Dank des Designs, das perfekt zu den Originalkomponenten Ihres Laptops passt, investieren Sie mit Original-HP-Teilen in die Qualit\u00e4t, Zuverl\u00e4ssigkeit und Optik Ihres EliteBook 840 G1.<\/p>\n<p>Sch\u00fctzen und versch\u00f6nern Sie Ihr Notebook mit der Original HP EliteBook 840 G1 14\u2033 Laptop-LCD-Abdeckung (730949-001). Erleben Sie verbesserten Schutz, Stil und Langlebigkeit und bewahren Sie gleichzeitig das professionelle Erscheinungsbild Ihres EliteBooks.<\/p>\n<p>Bitte \u00fcberpr\u00fcfen Sie vor dem Kauf die Kompatibilit\u00e4t mit Ihrem Laptop-Modell.<\/p>\n","protected":false},"excerpt":{"rendered":"<p>Sch\u00fctzen und erneuern Sie das Aussehen Ihres HP EliteBook 840 G1-Laptops mit der Original-LCD-Abdeckung f\u00fcr das 14-Zoll-Laptop HP EliteBook 840 G1 (730949-001). Erleben Sie verbesserten Schutz und Stil f\u00fcr Ihren Laptop.<\/p>\n","protected":false},"featured_media":9409,"template":"","meta":[],"product_brand":[],"product_cat":[52],"product_tag":[61],"class_list":{"0":"post-9343","1":"product","2":"type-product","3":"status-publish","4":"has-post-thumbnail","6":"product_cat-laptop-housing","7":"product_tag-hp","9":"first","10":"instock","11":"taxable","12":"shipping-taxable","13":"purchasable","14":"product-type-simple"},"_links":{"self":[{"href":"https:\/\/boreait.com\/de\/wp-json\/wp\/v2\/product\/9343","targetHints":{"allow":["GET"]}}],"collection":[{"href":"https:\/\/boreait.com\/de\/wp-json\/wp\/v2\/product"}],"about":[{"href":"https:\/\/boreait.com\/de\/wp-json\/wp\/v2\/types\/product"}],"wp:featuredmedia":[{"embeddable":true,"href":"https:\/\/boreait.com\/de\/wp-json\/wp\/v2\/media\/9409"}],"wp:attachment":[{"href":"https:\/\/boreait.com\/de\/wp-json\/wp\/v2\/media?parent=9343"}],"wp:term":[{"taxonomy":"product_brand","embeddable":true,"href":"https:\/\/boreait.com\/de\/wp-json\/wp\/v2\/product_brand?post=9343"},{"taxonomy":"product_cat","embeddable":true,"href":"https:\/\/boreait.com\/de\/wp-json\/wp\/v2\/product_cat?post=9343"},{"taxonomy":"product_tag","embeddable":true,"href":"https:\/\/boreait.com\/de\/wp-json\/wp\/v2\/product_tag?post=9343"}],"curies":[{"name":"wp","href":"https:\/\/api.w.org\/{rel}","templated":true}]}}