{"id":9342,"date":"2025-09-15T14:53:25","date_gmt":"2025-09-15T12:53:25","guid":{"rendered":"https:\/\/boreait.com\/de\/?post_type=product&#038;p=9342"},"modified":"2025-09-16T12:49:43","modified_gmt":"2025-09-16T10:49:43","slug":"rueckseite-toshiba-satellite-a300d-13r-tsa33bl5lc","status":"publish","type":"product","link":"https:\/\/boreait.com\/de\/produkt\/rueckseite-toshiba-satellite-a300d-13r-tsa33bl5lc\/","title":{"rendered":"R\u00fcckseite Toshiba Satellite A300D-13R TSA33BL5LC"},"content":{"rendered":"<p>Verbessern Sie die Optik und den Schutz Ihres Toshiba Satellite A300D-13R Laptops mit der Backcover TSA33BL5LC. Diese originale Toshiba Backcover ist perfekt auf Ihr Notebook zugeschnitten und verleiht ihm nicht nur einen stilvollen Touch, sondern sch\u00fctzt auch die internen Komponenten vor Staub und leichten St\u00f6\u00dfen.<\/p>\n<p>Diese Backcover von Toshiba, einem vertrauensw\u00fcrdigen Anbieter in der Laptop-Technologie, erf\u00fcllt Ihre hohen Qualit\u00e4tsstandards. Sie ist pr\u00e4zise gefertigt und passt perfekt zu Ihrem Toshiba Satellite A300D-13R und sorgt f\u00fcr ein elegantes und einheitliches Erscheinungsbild.<\/p>\n<p>Die Montage der Backcover ist unkompliziert. Mit diesem Originalprodukt von Toshiba investieren Sie in die \u00c4sthetik und den Schutz Ihres Laptops.<\/p>\n<p>Verbessern Sie die Optik und den Schutz Ihres Toshiba Satellite A300D-13R mit der Backcover TSA33BL5LC. Freuen Sie sich \u00fcber ein frisches Erscheinungsbild und zus\u00e4tzlichen Schutz f\u00fcr die internen Komponenten Ihres Laptops.<\/p>\n<p>Bitte \u00fcberpr\u00fcfen Sie vor dem Kauf die Kompatibilit\u00e4t mit Ihrem Laptop-Modell.<\/p>\n","protected":false},"excerpt":{"rendered":"<p>Verbessern Sie das Aussehen und den Schutz Ihres Toshiba Satellite A300D-13R mit der R\u00fcckabdeckung TSA33BL5LC. Freuen Sie sich \u00fcber ein frisches Aussehen und zus\u00e4tzlichen Schutz vor Staub und leichten St\u00f6\u00dfen.<\/p>\n","protected":false},"featured_media":9406,"template":"","meta":[],"product_brand":[],"product_cat":[52],"product_tag":[70],"class_list":{"0":"post-9342","1":"product","2":"type-product","3":"status-publish","4":"has-post-thumbnail","6":"product_cat-laptop-housing","7":"product_tag-toshiba","9":"first","10":"instock","11":"taxable","12":"shipping-taxable","13":"purchasable","14":"product-type-simple"},"_links":{"self":[{"href":"https:\/\/boreait.com\/de\/wp-json\/wp\/v2\/product\/9342","targetHints":{"allow":["GET"]}}],"collection":[{"href":"https:\/\/boreait.com\/de\/wp-json\/wp\/v2\/product"}],"about":[{"href":"https:\/\/boreait.com\/de\/wp-json\/wp\/v2\/types\/product"}],"wp:featuredmedia":[{"embeddable":true,"href":"https:\/\/boreait.com\/de\/wp-json\/wp\/v2\/media\/9406"}],"wp:attachment":[{"href":"https:\/\/boreait.com\/de\/wp-json\/wp\/v2\/media?parent=9342"}],"wp:term":[{"taxonomy":"product_brand","embeddable":true,"href":"https:\/\/boreait.com\/de\/wp-json\/wp\/v2\/product_brand?post=9342"},{"taxonomy":"product_cat","embeddable":true,"href":"https:\/\/boreait.com\/de\/wp-json\/wp\/v2\/product_cat?post=9342"},{"taxonomy":"product_tag","embeddable":true,"href":"https:\/\/boreait.com\/de\/wp-json\/wp\/v2\/product_tag?post=9342"}],"curies":[{"name":"wp","href":"https:\/\/api.w.org\/{rel}","templated":true}]}}