{"id":9341,"date":"2025-09-15T14:53:25","date_gmt":"2025-09-15T12:53:25","guid":{"rendered":"https:\/\/boreait.com\/de\/?post_type=product&#038;p=9341"},"modified":"2026-01-09T13:46:58","modified_gmt":"2026-01-09T12:46:58","slug":"hp-pavilion-dv6-3000-15-4-lcd-rueckabdeckung-deckel-silber-3jlx6lctp40","status":"publish","type":"product","link":"https:\/\/boreait.com\/de\/produkt\/hp-pavilion-dv6-3000-15-4-lcd-rueckabdeckung-deckel-silber-3jlx6lctp40\/","title":{"rendered":"HP Pavilion DV6-3000 15.4 LCD-R\u00fcckabdeckung, Deckel, Silber, 3JLX6LCTP40"},"content":{"rendered":"<p>Optimieren Sie die Optik und den Schutz Ihres HP Pavilion DV6-3000 Laptops mit der HP Pavilion DV6-3000 15.4 LCD-R\u00fcckabdeckung in elegantem Silber (3JLX6LCTP40). Diese Original-R\u00fcckabdeckung wurde speziell f\u00fcr die HP Pavilion DV6-3000-Serie entwickelt und ist genau auf die Spezifikationen Ihres Laptop-Modells abgestimmt. Sie verleiht Ihrem Laptop mit ihrer silbernen Oberfl\u00e4che nicht nur einen stilvollen Touch, sondern sch\u00fctzt das Display auch vor Staub, Kratzern und leichten St\u00f6\u00dfen.<\/p>\n<p>Die Installation ist dank des pr\u00e4zisen Designs, das perfekt auf die Originalkomponenten Ihres Laptops abgestimmt ist, problemlos. Mit Original-HP-Teilen investieren Sie in die Qualit\u00e4t, \u00c4sthetik und Langlebigkeit Ihres Laptops.<\/p>\n<p>Verbessern Sie die Optik und den Schutz Ihres Laptops mit der silbernen LCD-R\u00fcckabdeckung f\u00fcr das HP Pavilion DV6-3000 15.4 Zoll (39,6 cm) (3JLX6LCTP40). Genie\u00dfen Sie ein verbessertes Seherlebnis und sch\u00fctzen Sie Ihr Laptop-Display mit Stil.<\/p>\n<p>Bitte \u00fcberpr\u00fcfen Sie vor dem Kauf die Kompatibilit\u00e4t mit Ihrem Laptop-Modell.<\/p>\n","protected":false},"excerpt":{"rendered":"<p>Verbessern Sie die \u00c4sthetik und den Schutz Ihres HP Pavilion DV6-3000-Laptops mit dem HP Pavilion DV6-3000 15.4 LCD Back Top Cover Lid in Silber (3JLX6LCTP40).<\/p>\n","protected":false},"featured_media":9404,"template":"","meta":[],"product_brand":[],"product_cat":[52],"product_tag":[61],"class_list":{"0":"post-9341","1":"product","2":"type-product","3":"status-publish","4":"has-post-thumbnail","6":"product_cat-laptop-housing","7":"product_tag-hp","9":"first","10":"instock","11":"taxable","12":"shipping-taxable","13":"purchasable","14":"product-type-simple"},"_links":{"self":[{"href":"https:\/\/boreait.com\/de\/wp-json\/wp\/v2\/product\/9341","targetHints":{"allow":["GET"]}}],"collection":[{"href":"https:\/\/boreait.com\/de\/wp-json\/wp\/v2\/product"}],"about":[{"href":"https:\/\/boreait.com\/de\/wp-json\/wp\/v2\/types\/product"}],"wp:featuredmedia":[{"embeddable":true,"href":"https:\/\/boreait.com\/de\/wp-json\/wp\/v2\/media\/9404"}],"wp:attachment":[{"href":"https:\/\/boreait.com\/de\/wp-json\/wp\/v2\/media?parent=9341"}],"wp:term":[{"taxonomy":"product_brand","embeddable":true,"href":"https:\/\/boreait.com\/de\/wp-json\/wp\/v2\/product_brand?post=9341"},{"taxonomy":"product_cat","embeddable":true,"href":"https:\/\/boreait.com\/de\/wp-json\/wp\/v2\/product_cat?post=9341"},{"taxonomy":"product_tag","embeddable":true,"href":"https:\/\/boreait.com\/de\/wp-json\/wp\/v2\/product_tag?post=9341"}],"curies":[{"name":"wp","href":"https:\/\/api.w.org\/{rel}","templated":true}]}}