{"id":9334,"date":"2025-09-15T14:53:25","date_gmt":"2025-09-15T12:53:25","guid":{"rendered":"https:\/\/boreait.com\/de\/?post_type=product&#038;p=9334"},"modified":"2025-09-16T12:49:42","modified_gmt":"2025-09-16T10:49:42","slug":"samsung-galaxy-note-10-1-2014-sm-p600-frontkamera","status":"publish","type":"product","link":"https:\/\/boreait.com\/de\/produkt\/samsung-galaxy-note-10-1-2014-sm-p600-frontkamera\/","title":{"rendered":"Samsung Galaxy Note 10.1 2014 SM P600 Frontkamera"},"content":{"rendered":"<p>Erweitern Sie die Fotofunktionen Ihres Samsung Galaxy Note 10.1 2014 SM P600 Tablets mit der Samsung Galaxy Note 10.1 2014 SM P600 Frontkamera. Diese Original-Frontkamera wurde f\u00fcr klare und hochwertige Selfies und Videoanrufe entwickelt und sorgt f\u00fcr ein verbessertes visuelles Kommunikationserlebnis.<\/p>\n<p>Diese Frontkamera von Samsung, einem vertrauensw\u00fcrdigen Namen in der Mobiltechnologie, bietet zuverl\u00e4ssige und effiziente Leistung. Ob Videochats mit Freunden und Familie oder Selfies f\u00fcr soziale Medien \u2013 diese Kamera erweitert die Fotofunktionen Ihres Tablets.<\/p>\n<p>Die Installation ist unkompliziert und die notwendigen Anschl\u00fcsse sorgen f\u00fcr eine nahtlose Integration in Ihr Tablet. Ersetzen Sie Ihre vorhandene Frontkamera durch dieses Original-Ersatzteil von Samsung und genie\u00dfen Sie verbesserte Klarheit und Bildqualit\u00e4t f\u00fcr Ihre Selfies und Videoanrufe.<\/p>\n<p>Erweitern Sie die Fotofunktionen Ihres Tablets mit der Samsung Galaxy Note 10.1 2014 SM P600 Frontkamera. Machen Sie klare und hochwertige Selfies und genie\u00dfen Sie verbesserte Videoanrufe auf Ihrem Galaxy Note 10.1 2014 Tablet.<\/p>\n<p>Bitte \u00fcberpr\u00fcfen Sie vor dem Kauf die Kompatibilit\u00e4t mit Ihrem Tablet-Modell.<\/p>\n","protected":false},"excerpt":{"rendered":"<p>Verbessern Sie die Fotofunktionen Ihres Samsung Galaxy Note 10.1 2014 SM P600 Tablets mit der Frontkamera des Samsung Galaxy Note 10.1 2014 SM P600. Genie\u00dfen Sie verbesserte Klarheit f\u00fcr Selfies und Videoanrufe.<\/p>\n","protected":false},"featured_media":9384,"template":"","meta":[],"product_brand":[],"product_cat":[59],"product_tag":[84],"class_list":{"0":"post-9334","1":"product","2":"type-product","3":"status-publish","4":"has-post-thumbnail","6":"product_cat-laptop-camera","7":"product_tag-samsung","9":"first","10":"instock","11":"taxable","12":"shipping-taxable","13":"purchasable","14":"product-type-simple"},"_links":{"self":[{"href":"https:\/\/boreait.com\/de\/wp-json\/wp\/v2\/product\/9334","targetHints":{"allow":["GET"]}}],"collection":[{"href":"https:\/\/boreait.com\/de\/wp-json\/wp\/v2\/product"}],"about":[{"href":"https:\/\/boreait.com\/de\/wp-json\/wp\/v2\/types\/product"}],"wp:featuredmedia":[{"embeddable":true,"href":"https:\/\/boreait.com\/de\/wp-json\/wp\/v2\/media\/9384"}],"wp:attachment":[{"href":"https:\/\/boreait.com\/de\/wp-json\/wp\/v2\/media?parent=9334"}],"wp:term":[{"taxonomy":"product_brand","embeddable":true,"href":"https:\/\/boreait.com\/de\/wp-json\/wp\/v2\/product_brand?post=9334"},{"taxonomy":"product_cat","embeddable":true,"href":"https:\/\/boreait.com\/de\/wp-json\/wp\/v2\/product_cat?post=9334"},{"taxonomy":"product_tag","embeddable":true,"href":"https:\/\/boreait.com\/de\/wp-json\/wp\/v2\/product_tag?post=9334"}],"curies":[{"name":"wp","href":"https:\/\/api.w.org\/{rel}","templated":true}]}}