{"id":9331,"date":"2025-09-15T14:53:24","date_gmt":"2025-09-15T12:53:24","guid":{"rendered":"https:\/\/boreait.com\/de\/?post_type=product&#038;p=9331"},"modified":"2025-09-16T12:49:42","modified_gmt":"2025-09-16T10:49:42","slug":"flat-flexsamsung-galaxy-note-10-1-sm-p600-p605-usb-lade-micro-anschluss-strombuchse","status":"publish","type":"product","link":"https:\/\/boreait.com\/de\/produkt\/flat-flexsamsung-galaxy-note-10-1-sm-p600-p605-usb-lade-micro-anschluss-strombuchse\/","title":{"rendered":"FLAT FLEX+SAMSUNG GALAXY NOTE 10.1 SM-P600 P605 USB-LADE-MICRO-ANSCHLUSS Strombuchse"},"content":{"rendered":"<p>Verbessern Sie die Ladefunktionen Ihres Samsung Galaxy Note 10.1 SM-P600 oder P605 mit dem FLAT FLEX USB-Micro-Ladeanschluss. Dieser originale Micro-Anschluss wurde entwickelt, um die Ladefunktion Ihres Tablets zu optimieren und sorgt f\u00fcr nahtlose Integration und effizientes Laden f\u00fcr ein verbessertes Ger\u00e4teerlebnis.<\/p>\n<p>Dieser Micro-Anschluss ist kompatibel mit dem Samsung Galaxy Note 10.1 SM-P600 und P605 und bietet eine zuverl\u00e4ssige und sichere Verbindung zum Laden Ihres Tablets. Er ist das perfekte Ersatzteil, wenn Sie aufgrund eines besch\u00e4digten oder abgenutzten Anschlusses Ladeprobleme haben.<\/p>\n<p>Die Installation ist unkompliziert und erm\u00f6glicht Ihnen den einfachen Austausch des alten oder defekten Micro-Anschlusses. Verbessern Sie die Ladefunktionen Ihres Tablets mit dem FLAT FLEX+SAMSUNG GALAXY NOTE 10.1 SM-P600 P605 USB-Micro-Ladeanschluss. Genie\u00dfen Sie effizientes Laden, eine sichere Verbindung und ein verbessertes Ladeerlebnis f\u00fcr Ihr Samsung Galaxy Note 10.1.<\/p>\n<p>Bitte \u00fcberpr\u00fcfen Sie vor dem Kauf die Kompatibilit\u00e4t mit Ihrem Tablet-Modell.<\/p>\n","protected":false},"excerpt":{"rendered":"<p>Verbessern Sie das Laden Ihres Samsung Galaxy Note 10.1 SM-P600 oder P605 mit dem FLAT FLEX USB-Micro-Ladeanschluss. Genie\u00dfen Sie effizientes Laden und eine sichere Verbindung.<\/p>\n","protected":false},"featured_media":9381,"template":"","meta":[],"product_brand":[],"product_cat":[56],"product_tag":[84],"class_list":{"0":"post-9331","1":"product","2":"type-product","3":"status-publish","4":"has-post-thumbnail","6":"product_cat-cables","7":"product_tag-samsung","9":"first","10":"instock","11":"taxable","12":"shipping-taxable","13":"purchasable","14":"product-type-simple"},"_links":{"self":[{"href":"https:\/\/boreait.com\/de\/wp-json\/wp\/v2\/product\/9331","targetHints":{"allow":["GET"]}}],"collection":[{"href":"https:\/\/boreait.com\/de\/wp-json\/wp\/v2\/product"}],"about":[{"href":"https:\/\/boreait.com\/de\/wp-json\/wp\/v2\/types\/product"}],"wp:featuredmedia":[{"embeddable":true,"href":"https:\/\/boreait.com\/de\/wp-json\/wp\/v2\/media\/9381"}],"wp:attachment":[{"href":"https:\/\/boreait.com\/de\/wp-json\/wp\/v2\/media?parent=9331"}],"wp:term":[{"taxonomy":"product_brand","embeddable":true,"href":"https:\/\/boreait.com\/de\/wp-json\/wp\/v2\/product_brand?post=9331"},{"taxonomy":"product_cat","embeddable":true,"href":"https:\/\/boreait.com\/de\/wp-json\/wp\/v2\/product_cat?post=9331"},{"taxonomy":"product_tag","embeddable":true,"href":"https:\/\/boreait.com\/de\/wp-json\/wp\/v2\/product_tag?post=9331"}],"curies":[{"name":"wp","href":"https:\/\/api.w.org\/{rel}","templated":true}]}}