{"id":9287,"date":"2025-09-15T14:52:39","date_gmt":"2025-09-15T12:52:39","guid":{"rendered":"https:\/\/boreait.com\/de\/?post_type=product&#038;p=9287"},"modified":"2026-01-09T13:43:47","modified_gmt":"2026-01-09T12:43:47","slug":"samsung-2gb-2gb-ddr3-m471b5773dh0-ch9-sodimm-pc3-10600-ddr-speicherriegel","status":"publish","type":"product","link":"https:\/\/boreait.com\/de\/produkt\/samsung-2gb-2gb-ddr3-m471b5773dh0-ch9-sodimm-pc3-10600-ddr-speicherriegel\/","title":{"rendered":"Samsung 2GB 2GB DDR3 M471B5773DH0-CH9 SODIMM PC3-10600 DDR-Speicherriegel"},"content":{"rendered":"<p>Steigern Sie die Leistung Ihres Laptops mit dem Samsung 2 GB DDR3 M471B5773DH0-CH9 SODIMM PC3-10600 DDR-Speicherriegel. Dieses Original-Samsung-Speichermodul wurde entwickelt, um die Geschwindigkeit und Reaktionsf\u00e4higkeit Ihres Laptops zu steigern und bietet ein nahtloses Computererlebnis mit schnellerem Datenzugriff und verbesserten Multitasking-Funktionen.<\/p>\n<p>Das M471B5773DH0-CH9 SODIMM von Samsung, einem vertrauensw\u00fcrdigen Anbieter in der Speichertechnologie, entspricht dem PC3-10600 DDR-Standard und bietet beeindruckende Daten\u00fcbertragungsraten und ist mit einer Vielzahl von Laptops kompatibel.<\/p>\n<p>Mit einer Kapazit\u00e4t von 2 GB sorgt dieses Speichermodul f\u00fcr eine deutliche Leistungssteigerung Ihres Laptops und erm\u00f6glicht Ihnen fl\u00fcssigere Anwendungen und m\u00fcheloses Multitasking. Egal, ob Sie als Profi schnellere Arbeitsabl\u00e4ufe w\u00fcnschen oder als Gelegenheitsnutzer Ihre t\u00e4gliche Computernutzung optimieren m\u00f6chten \u2013 dieser Speicherriegel bietet die Leistung, die Sie ben\u00f6tigen.<\/p>\n<p>Die Installation ist dank des standardm\u00e4\u00dfigen SODIMM-Formfaktors unkompliziert. Mit diesem Speicherriegel steigern Sie die Systemreaktion, den Datenzugriff und die Multitasking-F\u00e4higkeiten.<\/p>\n<p>Steigern Sie die Leistung Ihres Laptops mit dem Samsung 2 GB DDR3 M471B5773DH0-CH9 SODIMM PC3-10600 DDR-Speicherriegel. Erleben Sie ein neues Level an Geschwindigkeit und Zuverl\u00e4ssigkeit f\u00fcr Ihre Computeraufgaben. Steigern Sie Ihre Produktivit\u00e4t, optimieren Sie Ihre Arbeitsabl\u00e4ufe und profitieren Sie von den Vorteilen moderner Speichertechnologie in Ihrem Laptop.<\/p>\n<p>Bitte \u00fcberpr\u00fcfen Sie vor dem Kauf die Kompatibilit\u00e4t mit Ihrem Laptop-Modell.<\/p>\n","protected":false},"excerpt":{"rendered":"<p>Verbessern Sie die Leistung Ihres Laptops mit dem Samsung 2 GB DDR3 M471B5773DH0-CH9 SODIMM PC3-10600 DDR-Speicherriegel. Freuen Sie sich \u00fcber schnelleren Datenzugriff und verbesserte Multitasking-Funktionen.<\/p>\n","protected":false},"featured_media":9346,"template":"","meta":[],"product_brand":[],"product_cat":[73,72],"product_tag":[],"class_list":{"0":"post-9287","1":"product","2":"type-product","3":"status-publish","4":"has-post-thumbnail","6":"product_cat-ddr3-ddr3l","7":"product_cat-ram-memory","9":"first","10":"instock","11":"taxable","12":"shipping-taxable","13":"purchasable","14":"product-type-simple"},"_links":{"self":[{"href":"https:\/\/boreait.com\/de\/wp-json\/wp\/v2\/product\/9287","targetHints":{"allow":["GET"]}}],"collection":[{"href":"https:\/\/boreait.com\/de\/wp-json\/wp\/v2\/product"}],"about":[{"href":"https:\/\/boreait.com\/de\/wp-json\/wp\/v2\/types\/product"}],"wp:featuredmedia":[{"embeddable":true,"href":"https:\/\/boreait.com\/de\/wp-json\/wp\/v2\/media\/9346"}],"wp:attachment":[{"href":"https:\/\/boreait.com\/de\/wp-json\/wp\/v2\/media?parent=9287"}],"wp:term":[{"taxonomy":"product_brand","embeddable":true,"href":"https:\/\/boreait.com\/de\/wp-json\/wp\/v2\/product_brand?post=9287"},{"taxonomy":"product_cat","embeddable":true,"href":"https:\/\/boreait.com\/de\/wp-json\/wp\/v2\/product_cat?post=9287"},{"taxonomy":"product_tag","embeddable":true,"href":"https:\/\/boreait.com\/de\/wp-json\/wp\/v2\/product_tag?post=9287"}],"curies":[{"name":"wp","href":"https:\/\/api.w.org\/{rel}","templated":true}]}}