{"id":9284,"date":"2025-09-15T14:52:39","date_gmt":"2025-09-15T12:52:39","guid":{"rendered":"https:\/\/boreait.com\/de\/?post_type=product&#038;p=9284"},"modified":"2026-01-14T09:14:33","modified_gmt":"2026-01-14T08:14:33","slug":"bulk-2-x-samsung-2-gb-pc3-10600u-09-11-a1-desktop-speicher-ram-m378b5773dh0-ch9","status":"publish","type":"product","link":"https:\/\/boreait.com\/de\/produkt\/bulk-2-x-samsung-2-gb-pc3-10600u-09-11-a1-desktop-speicher-ram-m378b5773dh0-ch9\/","title":{"rendered":"BULK 2 X Samsung 2 GB PC3-10600U-09-11-A1 Desktop-Speicher RAM (M378B5773DH0-CH9)"},"content":{"rendered":"<p>Steigern Sie die Leistung Ihres Desktop-Computers mit dem Samsung 2 GB PC3-10600U-09-11-A1 Desktop-RAM (M378B5773DH0-CH9). Dieses Original-RAM-Modul von Samsung wurde entwickelt, um die Geschwindigkeit und Reaktionsf\u00e4higkeit Ihres Computers zu steigern und bietet ein nahtloses Computererlebnis mit schnellerem Datenzugriff und verbesserten Multitasking-Funktionen.<\/p>\n<p>Das M378B5773DH0-CH9 RAM-Modul von Samsung, einem renommierten Anbieter in der Speichertechnologie, bietet hochwertigen Speicher f\u00fcr Ihren Desktop-Computer. Das Modul entspricht dem PC3-10600U-09-11-A1-Standard, bietet beeindruckende Daten\u00fcbertragungsraten und ist mit einer Vielzahl von Desktop-Systemen kompatibel.<\/p>\n<p>Mit einer Kapazit\u00e4t von 2 GB sorgt dieses RAM-Modul f\u00fcr eine deutliche Leistungssteigerung Ihres Computers und erm\u00f6glicht Ihnen reibungslosere Anwendungen und problemloses Multitasking. Egal, ob Sie als Profi schnellere Arbeitsabl\u00e4ufe w\u00fcnschen oder als Gelegenheitsanwender Ihre t\u00e4gliche Computernutzung optimieren m\u00f6chten \u2013 dieses RAM-Modul bietet Ihnen die Leistung, die Sie brauchen.<\/p>\n<p>Dank des Standard-DIMM-Formfaktors ist die Installation unkompliziert. Mit diesem RAM-Modul steigern Sie die Systemreaktion, den Datenzugriff und die Multitasking-F\u00e4higkeiten.<\/p>\n<p>Steigern Sie die Leistung Ihres Desktop-Computers mit dem Samsung 2 GB PC3-10600U-09-11-A1 Desktop-Speicher (M378B5773DH0-CH9). Erleben Sie ein neues Level an Geschwindigkeit und Zuverl\u00e4ssigkeit f\u00fcr Ihre Computeraufgaben. Steigern Sie Ihre Produktivit\u00e4t, optimieren Sie Ihre Arbeitsabl\u00e4ufe und profitieren Sie von den Vorteilen moderner Speichertechnologie in Ihrem Desktop-System.<\/p>\n<p>Bitte \u00fcberpr\u00fcfen Sie vor dem Kauf die Kompatibilit\u00e4t mit Ihrem Desktop-Modell.<\/p>\n","protected":false},"excerpt":{"rendered":"<p>Steigern Sie die Leistung Ihres Desktop-Computers mit dem Samsung 2 GB PC3-10600U-09-11-A1 Desktop-Speicher RAM (M378B5773DH0-CH9). Freuen Sie sich \u00fcber schnelleren Datenzugriff und verbesserte Multitasking-Funktionen.<\/p>\n","protected":false},"featured_media":9328,"template":"","meta":[],"product_brand":[],"product_cat":[73,72],"product_tag":[],"class_list":{"0":"post-9284","1":"product","2":"type-product","3":"status-publish","4":"has-post-thumbnail","6":"product_cat-ddr3-ddr3l","7":"product_cat-ram-memory","9":"first","10":"instock","11":"taxable","12":"shipping-taxable","13":"purchasable","14":"product-type-simple"},"_links":{"self":[{"href":"https:\/\/boreait.com\/de\/wp-json\/wp\/v2\/product\/9284","targetHints":{"allow":["GET"]}}],"collection":[{"href":"https:\/\/boreait.com\/de\/wp-json\/wp\/v2\/product"}],"about":[{"href":"https:\/\/boreait.com\/de\/wp-json\/wp\/v2\/types\/product"}],"wp:featuredmedia":[{"embeddable":true,"href":"https:\/\/boreait.com\/de\/wp-json\/wp\/v2\/media\/9328"}],"wp:attachment":[{"href":"https:\/\/boreait.com\/de\/wp-json\/wp\/v2\/media?parent=9284"}],"wp:term":[{"taxonomy":"product_brand","embeddable":true,"href":"https:\/\/boreait.com\/de\/wp-json\/wp\/v2\/product_brand?post=9284"},{"taxonomy":"product_cat","embeddable":true,"href":"https:\/\/boreait.com\/de\/wp-json\/wp\/v2\/product_cat?post=9284"},{"taxonomy":"product_tag","embeddable":true,"href":"https:\/\/boreait.com\/de\/wp-json\/wp\/v2\/product_tag?post=9284"}],"curies":[{"name":"wp","href":"https:\/\/api.w.org\/{rel}","templated":true}]}}