{"id":9259,"date":"2025-09-15T14:52:16","date_gmt":"2025-09-15T12:52:16","guid":{"rendered":"https:\/\/boreait.com\/de\/?post_type=product&#038;p=9259"},"modified":"2025-09-16T12:49:38","modified_gmt":"2025-09-16T10:49:38","slug":"cpu-luefter-fuer-hp-elitebook-740-745-755-840-850-zbook-14-g1-g2-730792-001","status":"publish","type":"product","link":"https:\/\/boreait.com\/de\/produkt\/cpu-luefter-fuer-hp-elitebook-740-745-755-840-850-zbook-14-g1-g2-730792-001\/","title":{"rendered":"CPU-L\u00fcfter f\u00fcr HP Elitebook 740 745 755 840 850 ZBook 14 G1 G2 730792-001"},"content":{"rendered":"<p>Sorgen Sie mit dem CPU-L\u00fcfter f\u00fcr HP Elitebook 730792-001 daf\u00fcr, dass Ihr HP EliteBook 740, 745, 755, 840, 850, ZBook 14 G1 und G2 stets bei optimaler Temperatur l\u00e4uft. Dieser Original-CPU-L\u00fcfter sorgt f\u00fcr eine k\u00fchle und effiziente Betriebsumgebung Ihres Laptops und gew\u00e4hrleistet eine nahtlose Integration sowie eine verbesserte K\u00fchlleistung f\u00fcr ein optimales Computererlebnis.<\/p>\n<p>Der CPU-L\u00fcfter f\u00fcr HP Elitebook 730792-001 von HP, einem f\u00fchrenden Anbieter von Computertechnologie, sorgt f\u00fcr zuverl\u00e4ssige und effiziente K\u00fchlung. Als wichtiger Bestandteil der internen Systeme Ihres Laptops spielt dieser L\u00fcfter eine entscheidende Rolle bei der Ableitung der von der CPU erzeugten W\u00e4rme.<\/p>\n<p>Ob bei ressourcenintensiven Aufgaben, beim Gaming oder beim Multitasking \u2013 dieser CPU-L\u00fcfter bietet die n\u00f6tige K\u00fchleffizienz, um \u00dcberhitzung zu vermeiden und eine reibungslose Leistung zu gew\u00e4hrleisten. Er ist unerl\u00e4sslich, um die Lebensdauer Ihres Laptops zu verl\u00e4ngern und einen stabilen Betrieb bei anspruchsvollen Aufgaben zu gew\u00e4hrleisten.<\/p>\n<p>Die Installation ist dank des Designs, das auf die Originalkomponenten Ihres Laptops abgestimmt ist, unkompliziert. Mit Original-HP-Teilen investieren Sie in die Qualit\u00e4t und Zuverl\u00e4ssigkeit des K\u00fchlsystems Ihres Laptops.<\/p>\n<p>Verbessern Sie die K\u00fchlleistung Ihres Laptops mit dem CPU-L\u00fcfter f\u00fcr das HP Elitebook 730792-001. Profitieren Sie von verbessertem W\u00e4rmemanagement, verhindern Sie \u00dcberhitzung und sorgen Sie f\u00fcr eine reibungslose und stabile Leistung Ihres EliteBook 740, 745, 755, 840, 850, ZBook 14 G1 und G2. Optimieren Sie Ihr Computererlebnis mit diesem zuverl\u00e4ssigen und effizienten CPU-L\u00fcfter.<\/p>\n<p>Bitte \u00fcberpr\u00fcfen Sie vor dem Kauf die Kompatibilit\u00e4t mit Ihrem Laptop-Modell.<\/p>\n","protected":false},"excerpt":{"rendered":"<p>Verbessern Sie die K\u00fchlleistung Ihres HP EliteBook 740, 745, 755, 840, 850, ZBook 14 G1 und G2 mit dem CPU-L\u00fcfter f\u00fcr HP Elitebook 730792-001. Verhindern Sie \u00dcberhitzung und sorgen Sie f\u00fcr einen reibungslosen Betrieb.<\/p>\n","protected":false},"featured_media":9317,"template":"","meta":[],"product_brand":[],"product_cat":[69],"product_tag":[61],"class_list":{"0":"post-9259","1":"product","2":"type-product","3":"status-publish","4":"has-post-thumbnail","6":"product_cat-cpu-fans-heatsinks","7":"product_tag-hp","9":"first","10":"instock","11":"taxable","12":"shipping-taxable","13":"purchasable","14":"product-type-simple"},"_links":{"self":[{"href":"https:\/\/boreait.com\/de\/wp-json\/wp\/v2\/product\/9259","targetHints":{"allow":["GET"]}}],"collection":[{"href":"https:\/\/boreait.com\/de\/wp-json\/wp\/v2\/product"}],"about":[{"href":"https:\/\/boreait.com\/de\/wp-json\/wp\/v2\/types\/product"}],"wp:featuredmedia":[{"embeddable":true,"href":"https:\/\/boreait.com\/de\/wp-json\/wp\/v2\/media\/9317"}],"wp:attachment":[{"href":"https:\/\/boreait.com\/de\/wp-json\/wp\/v2\/media?parent=9259"}],"wp:term":[{"taxonomy":"product_brand","embeddable":true,"href":"https:\/\/boreait.com\/de\/wp-json\/wp\/v2\/product_brand?post=9259"},{"taxonomy":"product_cat","embeddable":true,"href":"https:\/\/boreait.com\/de\/wp-json\/wp\/v2\/product_cat?post=9259"},{"taxonomy":"product_tag","embeddable":true,"href":"https:\/\/boreait.com\/de\/wp-json\/wp\/v2\/product_tag?post=9259"}],"curies":[{"name":"wp","href":"https:\/\/api.w.org\/{rel}","templated":true}]}}