{"id":9257,"date":"2025-09-15T14:52:15","date_gmt":"2025-09-15T12:52:15","guid":{"rendered":"https:\/\/boreait.com\/de\/?post_type=product&#038;p=9257"},"modified":"2026-01-09T13:40:12","modified_gmt":"2026-01-09T12:40:12","slug":"original-hp-elitebook-820-g1-12-5-laptop-kuehlkoerper-730556-001","status":"publish","type":"product","link":"https:\/\/boreait.com\/de\/produkt\/original-hp-elitebook-820-g1-12-5-laptop-kuehlkoerper-730556-001\/","title":{"rendered":"Original HP EliteBook 820 G1 12.5 Laptop-K\u00fchlk\u00f6rper \u2013 730556-001"},"content":{"rendered":"<p>Verbessern Sie die K\u00fchlleistung Ihres HP EliteBook 820 G1 Laptops mit dem Original HP EliteBook 820 G1 12,5-Zoll-Laptop-K\u00fchlk\u00f6rper 730556-001. Dieser Original-K\u00fchlk\u00f6rper optimiert das W\u00e4rmemanagement Ihres Laptops und sorgt f\u00fcr eine nahtlose Integration und verbesserte K\u00fchleffizienz \u2013 f\u00fcr ein verbessertes Computererlebnis.<\/p>\n<p>Der Original HP EliteBook 820 G1 Laptop-K\u00fchlk\u00f6rper 730556-001 von HP, einem f\u00fchrenden Anbieter von Computertechnologie, bietet zuverl\u00e4ssige K\u00fchlleistung. Als wichtiger Bestandteil der internen Systeme Ihres Laptops spielt dieser K\u00fchlk\u00f6rper eine entscheidende Rolle bei der Aufrechterhaltung optimaler Betriebstemperaturen.<\/p>\n<p>Ob Sie anspruchsvolle Aufgaben bew\u00e4ltigen, ressourcenintensive Anwendungen ausf\u00fchren oder einfach nur einen reibungslosen und effizienten Betrieb gew\u00e4hrleisten \u2013 dieser K\u00fchlk\u00f6rper bietet die K\u00fchlleistung, die Sie ben\u00f6tigen. Er sorgt f\u00fcr eine effektive W\u00e4rmeableitung, verhindert \u00dcberhitzung und sorgt f\u00fcr lang anhaltende Leistung.<\/p>\n<p>Die Installation ist dank des Designs, das auf die Originalkomponenten Ihres Laptops abgestimmt ist, unkompliziert. Mit Original-HP-Teilen investieren Sie in die Qualit\u00e4t und Zuverl\u00e4ssigkeit des W\u00e4rmemanagements Ihres Laptops.<\/p>\n<p>Verbessern Sie die K\u00fchlleistung Ihres Laptops mit dem Original HP EliteBook 820 G1 Laptop-K\u00fchlk\u00f6rper (730556-001). Freuen Sie sich \u00fcber verbesserte W\u00e4rmeableitung, geringeres \u00dcberhitzungsrisiko und optimalen Betrieb Ihres EliteBook 820 G1. Optimieren Sie Ihr Computererlebnis mit diesem zuverl\u00e4ssigen und effizienten K\u00fchlk\u00f6rper.<\/p>\n<p>Bitte \u00fcberpr\u00fcfen Sie vor dem Kauf die Kompatibilit\u00e4t mit Ihrem Laptop-Modell.<\/p>\n","protected":false},"excerpt":{"rendered":"<p>Verbessern Sie die K\u00fchlleistung Ihres HP EliteBook 820 G1 Laptops mit dem Original HP EliteBook 820 G1 Laptop-K\u00fchlk\u00f6rper \u2013 730556-001. Freuen Sie sich \u00fcber verbesserte W\u00e4rmeableitung und optimales W\u00e4rmemanagement.<\/p>\n","protected":false},"featured_media":9315,"template":"","meta":[],"product_brand":[],"product_cat":[69],"product_tag":[61],"class_list":{"0":"post-9257","1":"product","2":"type-product","3":"status-publish","4":"has-post-thumbnail","6":"product_cat-cpu-fans-heatsinks","7":"product_tag-hp","9":"first","10":"instock","11":"taxable","12":"shipping-taxable","13":"purchasable","14":"product-type-simple"},"_links":{"self":[{"href":"https:\/\/boreait.com\/de\/wp-json\/wp\/v2\/product\/9257","targetHints":{"allow":["GET"]}}],"collection":[{"href":"https:\/\/boreait.com\/de\/wp-json\/wp\/v2\/product"}],"about":[{"href":"https:\/\/boreait.com\/de\/wp-json\/wp\/v2\/types\/product"}],"wp:featuredmedia":[{"embeddable":true,"href":"https:\/\/boreait.com\/de\/wp-json\/wp\/v2\/media\/9315"}],"wp:attachment":[{"href":"https:\/\/boreait.com\/de\/wp-json\/wp\/v2\/media?parent=9257"}],"wp:term":[{"taxonomy":"product_brand","embeddable":true,"href":"https:\/\/boreait.com\/de\/wp-json\/wp\/v2\/product_brand?post=9257"},{"taxonomy":"product_cat","embeddable":true,"href":"https:\/\/boreait.com\/de\/wp-json\/wp\/v2\/product_cat?post=9257"},{"taxonomy":"product_tag","embeddable":true,"href":"https:\/\/boreait.com\/de\/wp-json\/wp\/v2\/product_tag?post=9257"}],"curies":[{"name":"wp","href":"https:\/\/api.w.org\/{rel}","templated":true}]}}