{"id":9212,"date":"2025-09-15T14:51:30","date_gmt":"2025-09-15T12:51:30","guid":{"rendered":"https:\/\/boreait.com\/de\/?post_type=product&#038;p=9212"},"modified":"2025-09-16T12:49:34","modified_gmt":"2025-09-16T10:49:34","slug":"hp-elitebook-hddssd-rahmen-25-plc-766013-001-sps-hdd-hardware-kit","status":"publish","type":"product","link":"https:\/\/boreait.com\/de\/produkt\/hp-elitebook-hddssd-rahmen-25-plc-766013-001-sps-hdd-hardware-kit\/","title":{"rendered":"HP ELITEBOOK HDDSSD Rahmen 2&#8217;5 PLC 766013-001 SPS-HDD HARDWARE KIT"},"content":{"rendered":"<p>Erweitern Sie die Speicherkapazit\u00e4t Ihres HP EliteBook Laptops mit dem HP EliteBook HDD\/SSD Frame 2.5 PLC 766013-001 SPS-HDD Hardware Kit. Dieses Original-Hardware-Kit optimiert die Speicheroptionen Ihres Laptops und sorgt f\u00fcr nahtlose Integration und verbesserte Speicherfunktionen f\u00fcr ein verbessertes Computererlebnis.<\/p>\n<p>Das HP EliteBook HDD\/SSD Frame 2.5 PLC 766013-001 SPS-HDD Hardware Kit von HP, einem f\u00fchrenden Anbieter von Computertechnologie, bietet eine zuverl\u00e4ssige Speichererweiterung. Als wichtiger Bestandteil der internen Systeme Ihres Laptops spielt dieses Kit eine entscheidende Rolle bei der Integration zus\u00e4tzlicher HDD- oder SSD-Speicher.<\/p>\n<p>Ob Sie Ihre Speicherkapazit\u00e4t erweitern, die Datenzugriffsgeschwindigkeit verbessern oder Datenredundanz sicherstellen m\u00f6chten \u2013 dieses Hardware-Kit bietet Ihnen den Komfort und die Effizienz, die Sie ben\u00f6tigen. Es enth\u00e4lt die notwendigen Komponenten und die Hardware f\u00fcr die sichere Montage und den Anschluss zus\u00e4tzlicher 2,5-Zoll-HDDs oder -SSDs an Ihrem Laptop.<\/p>\n<p>Die Installation ist dank des Designs, das auf die Originalkomponenten Ihres Laptops abgestimmt ist, unkompliziert. Mit Original-HP-Teilen investieren Sie in die Qualit\u00e4t und Zuverl\u00e4ssigkeit der Speichererweiterung Ihres Laptops.<\/p>\n<p>Erweitern Sie die Speicherkapazit\u00e4t Ihres Laptops mit dem HP EliteBook HDD\/SSD Frame 2.5 PLC 766013-001 SPS-HDD Hardware Kit. Profitieren Sie von erweiterten Speicheroptionen, verbessertem Datenzugriff und verbesserter Speicherfunktionalit\u00e4t auf Ihrem EliteBook-Laptop. Optimieren Sie Ihr Computererlebnis mit diesem zuverl\u00e4ssigen und effizienten Hardware Kit.<\/p>\n","protected":false},"excerpt":{"rendered":"<p>Erweitern Sie Ihre Speicheroptionen mit dem HP EliteBook HDD\/SSD Frame 2.5 PLC 766013-001 SPS-HDD-Hardwarekit. Montieren und verbinden Sie problemlos zus\u00e4tzliche 2,5-Zoll-HDDs oder -SSDs mit Ihrem EliteBook-Laptop.<\/p>\n","protected":false},"featured_media":9275,"template":"","meta":[],"product_brand":[],"product_cat":[52],"product_tag":[61],"class_list":{"0":"post-9212","1":"product","2":"type-product","3":"status-publish","4":"has-post-thumbnail","6":"product_cat-laptop-housing","7":"product_tag-hp","9":"first","10":"instock","11":"taxable","12":"shipping-taxable","13":"purchasable","14":"product-type-simple"},"_links":{"self":[{"href":"https:\/\/boreait.com\/de\/wp-json\/wp\/v2\/product\/9212","targetHints":{"allow":["GET"]}}],"collection":[{"href":"https:\/\/boreait.com\/de\/wp-json\/wp\/v2\/product"}],"about":[{"href":"https:\/\/boreait.com\/de\/wp-json\/wp\/v2\/types\/product"}],"wp:featuredmedia":[{"embeddable":true,"href":"https:\/\/boreait.com\/de\/wp-json\/wp\/v2\/media\/9275"}],"wp:attachment":[{"href":"https:\/\/boreait.com\/de\/wp-json\/wp\/v2\/media?parent=9212"}],"wp:term":[{"taxonomy":"product_brand","embeddable":true,"href":"https:\/\/boreait.com\/de\/wp-json\/wp\/v2\/product_brand?post=9212"},{"taxonomy":"product_cat","embeddable":true,"href":"https:\/\/boreait.com\/de\/wp-json\/wp\/v2\/product_cat?post=9212"},{"taxonomy":"product_tag","embeddable":true,"href":"https:\/\/boreait.com\/de\/wp-json\/wp\/v2\/product_tag?post=9212"}],"curies":[{"name":"wp","href":"https:\/\/api.w.org\/{rel}","templated":true}]}}