{"id":9211,"date":"2025-09-15T14:51:30","date_gmt":"2025-09-15T12:51:30","guid":{"rendered":"https:\/\/boreait.com\/de\/?post_type=product&#038;p=9211"},"modified":"2026-01-09T13:38:36","modified_gmt":"2026-01-09T12:38:36","slug":"2-gb-hp-500202-061-micron-mt18jsf25672pdz-1g4g1fe-pc3-10600r-ecc-reg-server-speicher","status":"publish","type":"product","link":"https:\/\/boreait.com\/de\/produkt\/2-gb-hp-500202-061-micron-mt18jsf25672pdz-1g4g1fe-pc3-10600r-ecc-reg-server-speicher\/","title":{"rendered":"2 GB HP 500202-061 Micron MT18JSF25672PDZ-1G4G1FE PC3-10600R ECC Reg Server-Speicher"},"content":{"rendered":"<p>Steigern Sie die Leistung Ihres Servers mit dem 2 GB HP 500202-061 Micron MT18JSF25672PDZ-1G4G1FE PC3-10600R ECC Registered Serverspeicher. Dieses Original HP Speichermodul wurde entwickelt, um die Speicherkapazit\u00e4t Ihres Servers zu erweitern und sorgt f\u00fcr eine nahtlose Integration und verbesserte Gesamtleistung f\u00fcr ein effizienteres Computererlebnis.<\/p>\n<p>Der 2 GB HP 500202-061 Micron MT18JSF25672PDZ-1G4G1FE PC3-10600R Serverspeicher von Micron, einem renommierten Anbieter von Speichertechnologie, bietet zuverl\u00e4ssige und effiziente Speicherfunktionen. Als wesentlicher Bestandteil der internen Systeme Ihres Servers spielt dieses Speichermodul eine entscheidende Rolle bei der Optimierung der Datenverarbeitung und Systemreaktion.<\/p>\n<p>Ob Sie ressourcenintensive Anwendungen ausf\u00fchren, virtualisieren oder gro\u00dfe Datens\u00e4tze verwalten \u2013 dieses Speichermodul bietet die Kapazit\u00e4t und Geschwindigkeit, die Sie ben\u00f6tigen. Es verbessert Multitasking-F\u00e4higkeiten, reduziert Datenlatenz und tr\u00e4gt zu einem reibungsloseren Serverbetrieb bei.<\/p>\n<p>Die Installation ist dank des standardm\u00e4\u00dfigen Registered DIMM (RDIMM)-Designs, das auf die Speichersteckpl\u00e4tze Ihres Servers abgestimmt ist, unkompliziert. Mit Original-HP- und Micron-Speicher investieren Sie in die Qualit\u00e4t und Zuverl\u00e4ssigkeit der Serverleistung.<\/p>\n<p>Erweitern Sie die Speicherkapazit\u00e4t Ihres Servers mit dem 2 GB HP 500202-061 Micron MT18JSF25672PDZ-1G4G1FE PC3-10600R Registered Server Memory. Profitieren Sie von verbessertem Multitasking, reduzierter Latenz und gesteigerter Serverleistung f\u00fcr ressourcenintensive Aufgaben. Steigern Sie Ihr Computererlebnis mit diesem zuverl\u00e4ssigen und effizienten Speichermodul.<\/p>\n<p>Bitte \u00fcberpr\u00fcfen Sie vor dem Kauf die Kompatibilit\u00e4t mit Ihrem Servermodell.<\/p>\n","protected":false},"excerpt":{"rendered":"<p>R\u00fcsten Sie den Arbeitsspeicher Ihres Servers mit dem 2 GB HP 500202-061 Micron MT18JSF25672PDZ-1G4G1FE PC3-10600R Registered Server Memory auf. Profitieren Sie von verbessertem Multitasking und einer besseren Gesamtleistung des Servers.<\/p>\n","protected":false},"featured_media":9274,"template":"","meta":[],"product_brand":[],"product_cat":[73,72],"product_tag":[61],"class_list":{"0":"post-9211","1":"product","2":"type-product","3":"status-publish","4":"has-post-thumbnail","6":"product_cat-ddr3-ddr3l","7":"product_cat-ram-memory","8":"product_tag-hp","10":"first","11":"instock","12":"taxable","13":"shipping-taxable","14":"purchasable","15":"product-type-simple"},"_links":{"self":[{"href":"https:\/\/boreait.com\/de\/wp-json\/wp\/v2\/product\/9211","targetHints":{"allow":["GET"]}}],"collection":[{"href":"https:\/\/boreait.com\/de\/wp-json\/wp\/v2\/product"}],"about":[{"href":"https:\/\/boreait.com\/de\/wp-json\/wp\/v2\/types\/product"}],"wp:featuredmedia":[{"embeddable":true,"href":"https:\/\/boreait.com\/de\/wp-json\/wp\/v2\/media\/9274"}],"wp:attachment":[{"href":"https:\/\/boreait.com\/de\/wp-json\/wp\/v2\/media?parent=9211"}],"wp:term":[{"taxonomy":"product_brand","embeddable":true,"href":"https:\/\/boreait.com\/de\/wp-json\/wp\/v2\/product_brand?post=9211"},{"taxonomy":"product_cat","embeddable":true,"href":"https:\/\/boreait.com\/de\/wp-json\/wp\/v2\/product_cat?post=9211"},{"taxonomy":"product_tag","embeddable":true,"href":"https:\/\/boreait.com\/de\/wp-json\/wp\/v2\/product_tag?post=9211"}],"curies":[{"name":"wp","href":"https:\/\/api.w.org\/{rel}","templated":true}]}}