{"id":9197,"date":"2025-09-15T14:51:06","date_gmt":"2025-09-15T12:51:06","guid":{"rendered":"https:\/\/boreait.com\/de\/?post_type=product&#038;p=9197"},"modified":"2025-09-16T12:49:34","modified_gmt":"2025-09-16T10:49:34","slug":"oem-hp-lite-on-ts-l632nhpmh-wiederbeschreibbares-cd-dvd-laufwerk-445953-fc0-c1-y3-q2","status":"publish","type":"product","link":"https:\/\/boreait.com\/de\/produkt\/oem-hp-lite-on-ts-l632nhpmh-wiederbeschreibbares-cd-dvd-laufwerk-445953-fc0-c1-y3-q2\/","title":{"rendered":"OEM HP Lite-On TS-L632NHPMH wiederbeschreibbares CD-DVD-Laufwerk 445953-FC0 C1-Y3-q2"},"content":{"rendered":"<p>Erweitern Sie die Multimedia-F\u00e4higkeiten Ihres Laptops mit dem OEM HP Lite-On TS-L632NHPMH CD-DVD-Wiederbeschreibbaren Laufwerk 445953-FC0 C1-Y3-q2. Dieses originale optische Laufwerk wurde entwickelt, um die optische Speicher- und Wiedergabefunktion Ihres Laptops zu verbessern und sorgt f\u00fcr nahtlose Integration und verbesserte Vielseitigkeit f\u00fcr ein optimiertes Computererlebnis.<\/p>\n<p>Das OEM HP Lite-On TS-L632NHPMH CD-DVD-Wiederbeschreibbare Laufwerk 445953-FC0 C1-Y3-q2 wird von Lite-On f\u00fcr HP, einem f\u00fchrenden Anbieter von Computertechnologie, hergestellt und bietet zuverl\u00e4ssige Lese- und Schreibfunktionen f\u00fcr CDs und DVDs. Als wichtiger Bestandteil der internen Systeme Ihres Laptops spielt dieses Laufwerk eine entscheidende Rolle bei der Erweiterung Ihrer Speicher- und Unterhaltungsm\u00f6glichkeiten.<\/p>\n<p>Ob Sie CDs oder DVDs lesen oder beschreiben m\u00fcssen \u2013 dieses Laufwerk bietet Ihnen den Komfort und die Effizienz, die Sie ben\u00f6tigen. Sie k\u00f6nnen damit Filme ansehen, Musik h\u00f6ren, Datentr\u00e4ger brennen und Software installieren \u2013 ideal f\u00fcr den professionellen und privaten Gebrauch.<\/p>\n<p>Die Installation ist dank des OEM-Designs, das auf die Originalkomponenten Ihres Laptops abgestimmt ist, unkompliziert. Mit Original-HP-Teilen investieren Sie in die Qualit\u00e4t und Zuverl\u00e4ssigkeit der optischen Speicher- und Wiedergabefunktionen Ihres Laptops.<\/p>\n<p>Erweitern Sie die Multimedia-Funktionen Ihres Laptops mit dem OEM HP Lite-On TS-L632NHPMH CD\/DVD-Wiederbeschreibbaren Laufwerk 445953-FC0 C1-Y3-q2. Profitieren Sie von erweiterten Speicheroptionen, vielseitiger Medienwiedergabe und effizientem Schreiben von Daten auf Ihrem Laptop. Optimieren Sie Ihr Computererlebnis mit diesem zuverl\u00e4ssigen und effizienten optischen Laufwerk.<\/p>\n","protected":false},"excerpt":{"rendered":"<p>Erweitern Sie die optischen Speicher- und Wiedergabefunktionen Ihres Laptops mit dem OEM HP Lite-On TS-L632NHPMH CD-DVD-Wiederbeschreibbaren Laufwerk 445953-FC0 C1-Y3-q2. Genie\u00dfen Sie vielseitige Medienfunktionen und effizientes Schreiben von Daten.<\/p>\n","protected":false},"featured_media":9272,"template":"","meta":[],"product_brand":[],"product_cat":[63],"product_tag":[61],"class_list":{"0":"post-9197","1":"product","2":"type-product","3":"status-publish","4":"has-post-thumbnail","6":"product_cat-motherboards-board-parts","7":"product_tag-hp","9":"first","10":"instock","11":"taxable","12":"shipping-taxable","13":"purchasable","14":"product-type-simple"},"_links":{"self":[{"href":"https:\/\/boreait.com\/de\/wp-json\/wp\/v2\/product\/9197","targetHints":{"allow":["GET"]}}],"collection":[{"href":"https:\/\/boreait.com\/de\/wp-json\/wp\/v2\/product"}],"about":[{"href":"https:\/\/boreait.com\/de\/wp-json\/wp\/v2\/types\/product"}],"wp:featuredmedia":[{"embeddable":true,"href":"https:\/\/boreait.com\/de\/wp-json\/wp\/v2\/media\/9272"}],"wp:attachment":[{"href":"https:\/\/boreait.com\/de\/wp-json\/wp\/v2\/media?parent=9197"}],"wp:term":[{"taxonomy":"product_brand","embeddable":true,"href":"https:\/\/boreait.com\/de\/wp-json\/wp\/v2\/product_brand?post=9197"},{"taxonomy":"product_cat","embeddable":true,"href":"https:\/\/boreait.com\/de\/wp-json\/wp\/v2\/product_cat?post=9197"},{"taxonomy":"product_tag","embeddable":true,"href":"https:\/\/boreait.com\/de\/wp-json\/wp\/v2\/product_tag?post=9197"}],"curies":[{"name":"wp","href":"https:\/\/api.w.org\/{rel}","templated":true}]}}