{"id":9192,"date":"2025-09-15T14:51:05","date_gmt":"2025-09-15T12:51:05","guid":{"rendered":"https:\/\/boreait.com\/de\/?post_type=product&#038;p=9192"},"modified":"2025-09-16T12:49:34","modified_gmt":"2025-09-16T10:49:34","slug":"hp-dvd-rw-brenner-optisches-laufwerk-ohne-blende-su-208fb-700577-fc2","status":"publish","type":"product","link":"https:\/\/boreait.com\/de\/produkt\/hp-dvd-rw-brenner-optisches-laufwerk-ohne-blende-su-208fb-700577-fc2\/","title":{"rendered":"HP DVD-RW-Brenner, optisches Laufwerk, ohne Blende, SU-208FB 700577-FC2"},"content":{"rendered":"<p>Verbessern Sie Ihr Computererlebnis mit dem HP DVD-RW-Brenner SU-208FB 700577-FC2 ohne Blende. Dieses Original-Laufwerk wurde f\u00fcr optimale Lese- und Schreibfunktionen optischer Datentr\u00e4ger entwickelt und bietet nahtlose Integration und verbesserte Funktionalit\u00e4t f\u00fcr ein verbessertes Computererlebnis.<\/p>\n<p>Das HP DVD-RW-Brenner SU-208FB wurde von HP, einem f\u00fchrenden Anbieter von Computertechnologie, f\u00fcr zuverl\u00e4ssige optische Datentr\u00e4ger entwickelt. Ob Sie DVDs lesen, CDs brennen oder Software von optischen Datentr\u00e4gern installieren m\u00f6chten \u2013 dieses Laufwerk sorgt f\u00fcr einen effizienten und reibungslosen Betrieb.<\/p>\n<p>Mit dem Komfort eines DVD-RW-Brenners k\u00f6nnen Sie m\u00fchelos Backups erstellen, Medien brennen und Software installieren. Der rahmenlose Laufwerksrahmen macht ihn zu einer vielseitigen Erg\u00e4nzung f\u00fcr Ihren Laptop und gew\u00e4hrleistet Kompatibilit\u00e4t mit verschiedenen Laptop-Modellen.<\/p>\n<p>Die Installation ist dank des Laufwerkdesigns, das auf die Originalkomponenten Ihres Laptops abgestimmt ist, unkompliziert. Mit Original-HP-Teilen investieren Sie in die Qualit\u00e4t und Zuverl\u00e4ssigkeit der optischen Disc-Funktionen Ihres Laptops.<\/p>\n<p>Erweitern Sie die Lese- und Schreibfunktionen Ihres Laptops mit dem HP DVD-RW-Brenner ohne Blende SU-208FB 700577-FC2. Genie\u00dfen Sie vielseitige Disc-Funktionen, effizientes Brennen und reibungslose Disc-Operationen auf Ihrem kompatiblen Laptop. Optimieren Sie Ihr Computererlebnis mit diesem zuverl\u00e4ssigen und effizienten optischen Laufwerk.<\/p>\n<p>Bitte \u00fcberpr\u00fcfen Sie vor dem Kauf die Kompatibilit\u00e4t mit Ihrem Laptop-Modell.<\/p>\n","protected":false},"excerpt":{"rendered":"<p>Erweitern Sie die optischen Disc-Funktionen Ihres Laptops mit dem HP DVD-RW-Brenner ohne Blende SU-208FB 700577-FC2. Genie\u00dfen Sie vielseitige Disc-Funktionen und effizientes Brennen von Medien.<\/p>\n","protected":false},"featured_media":9255,"template":"","meta":[],"product_brand":[],"product_cat":[63],"product_tag":[],"class_list":{"0":"post-9192","1":"product","2":"type-product","3":"status-publish","4":"has-post-thumbnail","6":"product_cat-motherboards-board-parts","8":"first","9":"instock","10":"taxable","11":"shipping-taxable","12":"purchasable","13":"product-type-simple"},"_links":{"self":[{"href":"https:\/\/boreait.com\/de\/wp-json\/wp\/v2\/product\/9192","targetHints":{"allow":["GET"]}}],"collection":[{"href":"https:\/\/boreait.com\/de\/wp-json\/wp\/v2\/product"}],"about":[{"href":"https:\/\/boreait.com\/de\/wp-json\/wp\/v2\/types\/product"}],"wp:featuredmedia":[{"embeddable":true,"href":"https:\/\/boreait.com\/de\/wp-json\/wp\/v2\/media\/9255"}],"wp:attachment":[{"href":"https:\/\/boreait.com\/de\/wp-json\/wp\/v2\/media?parent=9192"}],"wp:term":[{"taxonomy":"product_brand","embeddable":true,"href":"https:\/\/boreait.com\/de\/wp-json\/wp\/v2\/product_brand?post=9192"},{"taxonomy":"product_cat","embeddable":true,"href":"https:\/\/boreait.com\/de\/wp-json\/wp\/v2\/product_cat?post=9192"},{"taxonomy":"product_tag","embeddable":true,"href":"https:\/\/boreait.com\/de\/wp-json\/wp\/v2\/product_tag?post=9192"}],"curies":[{"name":"wp","href":"https:\/\/api.w.org\/{rel}","templated":true}]}}