{"id":9188,"date":"2025-09-15T14:51:05","date_gmt":"2025-09-15T12:51:05","guid":{"rendered":"https:\/\/boreait.com\/de\/?post_type=product&#038;p=9188"},"modified":"2026-01-13T17:31:28","modified_gmt":"2026-01-13T16:31:28","slug":"hp-457459-tc4-cq-sn-208db-ad-7581s-dvd-laufwerk-brenner-player","status":"publish","type":"product","link":"https:\/\/boreait.com\/de\/produkt\/hp-457459-tc4-cq-sn-208db-ad-7581s-dvd-laufwerk-brenner-player\/","title":{"rendered":"HP 457459-tc4 CQ SN-208DB AD-7581S DVD-Laufwerk, Brenner, Player"},"content":{"rendered":"<p>Erweitern Sie die Leistung Ihres optischen Laufwerks mit dem HP 457459-tc4 SN-208DB AD-7581S DVD-Brenner\/-Laufwerk. Dieses Original-DVD-Laufwerk wurde f\u00fcr die optimale Handhabung optischer Medien Ihres Laptops entwickelt und gew\u00e4hrleistet nahtlose Integration und verbesserte Funktionalit\u00e4t f\u00fcr ein verbessertes Computererlebnis.<\/p>\n<p>Das HP SN-208DB AD-7581S DVD-Brenner\/-Laufwerk von HP, einem f\u00fchrenden Anbieter von Computertechnologie, bietet zuverl\u00e4ssige Lese-, Schreib- und Wiedergabefunktionen f\u00fcr optische Datentr\u00e4ger. Als unverzichtbare Komponente Ihres Laptops spielt dieses Laufwerk eine entscheidende Rolle bei der Erweiterung Ihrer Multimedia-Optionen.<\/p>\n<p>Ob Sie Daten von DVDs lesen, Inhalte auf Discs brennen oder Filme und Musik genie\u00dfen m\u00f6chten \u2013 dieses DVD-Laufwerk bietet Ihnen den Komfort und die Effizienz, die Sie ben\u00f6tigen. Dank seiner vielseitigen Funktionen ist es ein unverzichtbares Werkzeug f\u00fcr Profis, Studenten und Multimedia-Enthusiasten.<\/p>\n<p>Die Installation ist dank des Designs, das auf die Originalkomponenten Ihres Laptops abgestimmt ist, unkompliziert. Mit Original-HP-Teilen investieren Sie in die Qualit\u00e4t und Zuverl\u00e4ssigkeit des optischen Laufwerks Ihres Laptops.<\/p>\n<p>Erweitern Sie die Leistung Ihres optischen Laufwerks mit dem HP SN-208DB AD-7581S DVD-Brenner\/-Laufwerk. Genie\u00dfen Sie vielseitige Optionen f\u00fcr die Handhabung optischer Medien, zuverl\u00e4ssiges Lesen und Schreiben von Discs und nahtlose Multimedia-Erlebnisse auf Ihrem HP Compaq CQ Laptop. Optimieren Sie Ihr Computererlebnis mit diesem zuverl\u00e4ssigen und effizienten DVD-Laufwerk.<\/p>\n<p>Bitte \u00fcberpr\u00fcfen Sie vor dem Kauf die Kompatibilit\u00e4t mit Ihrem Laptop-Modell.<\/p>\n","protected":false},"excerpt":{"rendered":"<p>R\u00fcsten Sie das optische Laufwerk Ihres HP Compaq CQ-Laptops mit dem HP SN-208DB AD-7581S DVD-Brenner-Laufwerk auf. Genie\u00dfen Sie zuverl\u00e4ssiges Lesen, Schreiben und Multimedia-Wiedergeben von Discs.<\/p>\n","protected":false},"featured_media":9248,"template":"","meta":[],"product_brand":[],"product_cat":[63],"product_tag":[61],"class_list":{"0":"post-9188","1":"product","2":"type-product","3":"status-publish","4":"has-post-thumbnail","6":"product_cat-motherboards-board-parts","7":"product_tag-hp","9":"first","10":"instock","11":"taxable","12":"shipping-taxable","13":"purchasable","14":"product-type-simple"},"_links":{"self":[{"href":"https:\/\/boreait.com\/de\/wp-json\/wp\/v2\/product\/9188","targetHints":{"allow":["GET"]}}],"collection":[{"href":"https:\/\/boreait.com\/de\/wp-json\/wp\/v2\/product"}],"about":[{"href":"https:\/\/boreait.com\/de\/wp-json\/wp\/v2\/types\/product"}],"wp:featuredmedia":[{"embeddable":true,"href":"https:\/\/boreait.com\/de\/wp-json\/wp\/v2\/media\/9248"}],"wp:attachment":[{"href":"https:\/\/boreait.com\/de\/wp-json\/wp\/v2\/media?parent=9188"}],"wp:term":[{"taxonomy":"product_brand","embeddable":true,"href":"https:\/\/boreait.com\/de\/wp-json\/wp\/v2\/product_brand?post=9188"},{"taxonomy":"product_cat","embeddable":true,"href":"https:\/\/boreait.com\/de\/wp-json\/wp\/v2\/product_cat?post=9188"},{"taxonomy":"product_tag","embeddable":true,"href":"https:\/\/boreait.com\/de\/wp-json\/wp\/v2\/product_tag?post=9188"}],"curies":[{"name":"wp","href":"https:\/\/api.w.org\/{rel}","templated":true}]}}