{"id":9170,"date":"2025-09-15T14:50:42","date_gmt":"2025-09-15T12:50:42","guid":{"rendered":"https:\/\/boreait.com\/de\/?post_type=product&#038;p=9170"},"modified":"2025-09-16T12:49:31","modified_gmt":"2025-09-16T10:49:31","slug":"dell-latitude-d620-d630-d810-d820-d830-cd-rwdvd-rom-laufwerk-0yx424","status":"publish","type":"product","link":"https:\/\/boreait.com\/de\/produkt\/dell-latitude-d620-d630-d810-d820-d830-cd-rwdvd-rom-laufwerk-0yx424\/","title":{"rendered":"Dell Latitude D620 D630 D810 D820 D830 CD-RWDVD-ROM-Laufwerk 0YX424"},"content":{"rendered":"<p>R\u00fcsten Sie das optische Laufwerk Ihres Dell Latitude D620, D630, D810, D820 oder D830 Laptops mit dem Dell Latitude CD-RW\/DVD-ROM-Laufwerk 0YX424 auf. Dieses originale optische Laufwerk wurde entwickelt, um die Speicher- und Medienkapazit\u00e4t Ihres Laptops zu erweitern. Es gew\u00e4hrleistet nahtlose Integration und verbesserte Funktionalit\u00e4t f\u00fcr ein optimiertes Computererlebnis.<\/p>\n<p>Das Dell Latitude CD-RW\/DVD-ROM-Laufwerk 0YX424 wurde von Dell, einem vertrauensw\u00fcrdigen Namen in der Computertechnologie, hergestellt und bietet zuverl\u00e4ssige optische Laufwerksfunktionalit\u00e4t. Als wesentlicher Bestandteil der internen Systeme Ihres Laptops spielt dieses Laufwerk eine entscheidende Rolle beim einfachen Lesen, Schreiben und Abspielen von DVDs.<\/p>\n<p>Ob Sie Software installieren, Filme ansehen, CDs brennen oder auf Daten von verschiedenen optischen Medien zugreifen m\u00f6chten \u2013 dieses Laufwerk bietet Ihnen den Komfort und die Effizienz, die Sie ben\u00f6tigen. Seine pr\u00e4zise Verarbeitung gew\u00e4hrleistet pr\u00e4zises Lesen und Schreiben von Discs und bietet au\u00dfergew\u00f6hnliche Leistung f\u00fcr die Speicher- und Medienanforderungen Ihres Laptops.<\/p>\n<p>Die Installation ist dank des Designs, das auf die Originalkomponenten Ihres Laptops abgestimmt ist, unkompliziert. Mit Originalteilen von Dell investieren Sie in die Qualit\u00e4t und Zuverl\u00e4ssigkeit der Speicher- und Medienfunktionen Ihres Laptops.<\/p>\n<p>Erweitern Sie die Speicher- und Medienfunktionen Ihres Laptops mit dem Dell Latitude CD-RW\/DVD-ROM-Laufwerk 0YX424. Genie\u00dfen Sie zuverl\u00e4ssiges Lesen, Schreiben und Medienwiedergabe auf Ihrem Latitude D620, D630, D810, D820 oder D830. Optimieren Sie Ihr Computererlebnis mit diesem zuverl\u00e4ssigen und effizienten optischen Laufwerk.<\/p>\n","protected":false},"excerpt":{"rendered":"<p>R\u00fcsten Sie Ihr Dell Latitude D620, D630, D810, D820 oder D830-Notebook mit dem Dell Latitude CD-RW\/DVD-ROM-Laufwerk 0YX424 auf. Genie\u00dfen Sie zuverl\u00e4ssiges Lesen, Schreiben und Medienwiedergabe.<\/p>\n","protected":false},"featured_media":9232,"template":"","meta":[],"product_brand":[],"product_cat":[63],"product_tag":[53],"class_list":{"0":"post-9170","1":"product","2":"type-product","3":"status-publish","4":"has-post-thumbnail","6":"product_cat-motherboards-board-parts","7":"product_tag-dell","9":"first","10":"instock","11":"taxable","12":"shipping-taxable","13":"purchasable","14":"product-type-simple"},"_links":{"self":[{"href":"https:\/\/boreait.com\/de\/wp-json\/wp\/v2\/product\/9170","targetHints":{"allow":["GET"]}}],"collection":[{"href":"https:\/\/boreait.com\/de\/wp-json\/wp\/v2\/product"}],"about":[{"href":"https:\/\/boreait.com\/de\/wp-json\/wp\/v2\/types\/product"}],"wp:featuredmedia":[{"embeddable":true,"href":"https:\/\/boreait.com\/de\/wp-json\/wp\/v2\/media\/9232"}],"wp:attachment":[{"href":"https:\/\/boreait.com\/de\/wp-json\/wp\/v2\/media?parent=9170"}],"wp:term":[{"taxonomy":"product_brand","embeddable":true,"href":"https:\/\/boreait.com\/de\/wp-json\/wp\/v2\/product_brand?post=9170"},{"taxonomy":"product_cat","embeddable":true,"href":"https:\/\/boreait.com\/de\/wp-json\/wp\/v2\/product_cat?post=9170"},{"taxonomy":"product_tag","embeddable":true,"href":"https:\/\/boreait.com\/de\/wp-json\/wp\/v2\/product_tag?post=9170"}],"curies":[{"name":"wp","href":"https:\/\/api.w.org\/{rel}","templated":true}]}}