{"id":9133,"date":"2025-09-15T14:49:56","date_gmt":"2025-09-15T12:49:56","guid":{"rendered":"https:\/\/boreait.com\/de\/?post_type=product&#038;p=9133"},"modified":"2025-09-16T12:49:26","modified_gmt":"2025-09-16T10:49:26","slug":"dc02001t900-fuer-dell-latitude-e5440-lvds-lcd-led-flex-video-display-bildschirm-kabel-2","status":"publish","type":"product","link":"https:\/\/boreait.com\/de\/produkt\/dc02001t900-fuer-dell-latitude-e5440-lvds-lcd-led-flex-video-display-bildschirm-kabel-2\/","title":{"rendered":"DC02001T900 F\u00fcr Dell Latitude E5440 LVDS LCD LED Flex Video Display Bildschirm Kabel"},"content":{"rendered":"<p>Optimieren Sie das visuelle Erlebnis Ihres Dell Latitude E5440 Laptops mit dem DC02001T900 LCD-LED-Flex-Video-Bildschirmkabel. Dieses Originalkabel wurde entwickelt, um die Display-Funktionalit\u00e4t Ihres Laptops zu verbessern und sorgt f\u00fcr eine nahtlose Integration und verbesserte Bildleistung f\u00fcr ein optimales Computererlebnis.<\/p>\n<p>Das DC02001T900 LCD-LED-Flex-Video-Bildschirmkabel wurde f\u00fcr Dell, einen f\u00fchrenden Anbieter von Computertechnologie, entwickelt und sorgt f\u00fcr eine zuverl\u00e4ssige Verbindung zwischen den internen Komponenten Ihres Laptops und dem Bildschirm. Als wesentlicher Bestandteil der internen Systeme Ihres Laptops spielt dieses Kabel eine entscheidende Rolle f\u00fcr klare und lebendige Bilder.<\/p>\n<p>Ob Sie an detaillierten Dokumenten arbeiten, Multimedia-Inhalte ansehen oder an Videokonferenzen teilnehmen \u2013 dieses Bildschirmkabel verbessert Ihr visuelles Erlebnis. Seine pr\u00e4zise Verarbeitung sorgt f\u00fcr eine pr\u00e4zise Signal\u00fcbertragung und sorgt f\u00fcr au\u00dfergew\u00f6hnliche Klarheit und Helligkeit auf Ihrem Laptop-Display.<\/p>\n<p>Die Installation ist dank des Designs, das auf die Originalkomponenten Ihres Laptops abgestimmt ist, unkompliziert. Mit Originalteilen von Dell investieren Sie in die Qualit\u00e4t und Zuverl\u00e4ssigkeit der Grafikleistung Ihres Laptops.<\/p>\n<p>Verbessern Sie die Grafikleistung Ihres Laptops mit dem DC02001T900 LCD-LED-Flex-Video-Bildschirmkabel f\u00fcr das Dell Latitude E5440. Genie\u00dfen Sie verbesserte Grafikqualit\u00e4t, verbesserte Displayleistung und lebendige Bilder auf Ihrem E5440. Optimieren Sie Ihr Computererlebnis mit diesem zuverl\u00e4ssigen und effizienten Kabel.<\/p>\n<p>Bitte \u00fcberpr\u00fcfen Sie vor dem Kauf die Kompatibilit\u00e4t mit Ihrem Laptop-Modell.<\/p>\n","protected":false},"excerpt":{"rendered":"<p>Verbessern Sie die visuelle Leistung Ihres Dell Latitude E5440-Laptops mit dem DC02001T900 LCD-LED-Flex-Videoanzeigekabel. Freuen Sie sich \u00fcber verbesserte Anzeigequalit\u00e4t und ein verbessertes visuelles Erlebnis.<\/p>\n","protected":false},"featured_media":9187,"template":"","meta":[],"product_brand":[],"product_cat":[56],"product_tag":[53],"class_list":{"0":"post-9133","1":"product","2":"type-product","3":"status-publish","4":"has-post-thumbnail","6":"product_cat-cables","7":"product_tag-dell","9":"first","10":"instock","11":"taxable","12":"shipping-taxable","13":"purchasable","14":"product-type-simple"},"_links":{"self":[{"href":"https:\/\/boreait.com\/de\/wp-json\/wp\/v2\/product\/9133","targetHints":{"allow":["GET"]}}],"collection":[{"href":"https:\/\/boreait.com\/de\/wp-json\/wp\/v2\/product"}],"about":[{"href":"https:\/\/boreait.com\/de\/wp-json\/wp\/v2\/types\/product"}],"wp:featuredmedia":[{"embeddable":true,"href":"https:\/\/boreait.com\/de\/wp-json\/wp\/v2\/media\/9187"}],"wp:attachment":[{"href":"https:\/\/boreait.com\/de\/wp-json\/wp\/v2\/media?parent=9133"}],"wp:term":[{"taxonomy":"product_brand","embeddable":true,"href":"https:\/\/boreait.com\/de\/wp-json\/wp\/v2\/product_brand?post=9133"},{"taxonomy":"product_cat","embeddable":true,"href":"https:\/\/boreait.com\/de\/wp-json\/wp\/v2\/product_cat?post=9133"},{"taxonomy":"product_tag","embeddable":true,"href":"https:\/\/boreait.com\/de\/wp-json\/wp\/v2\/product_tag?post=9133"}],"curies":[{"name":"wp","href":"https:\/\/api.w.org\/{rel}","templated":true}]}}