{"id":9130,"date":"2025-09-15T14:49:55","date_gmt":"2025-09-15T12:49:55","guid":{"rendered":"https:\/\/boreait.com\/de\/?post_type=product&#038;p=9130"},"modified":"2025-09-16T12:49:26","modified_gmt":"2025-09-16T10:49:26","slug":"asus-x550cl-90nb03w1-r10010-x550cl-power-switch_bd-as-mit-kabel","status":"publish","type":"product","link":"https:\/\/boreait.com\/de\/produkt\/asus-x550cl-90nb03w1-r10010-x550cl-power-switch_bd-as-mit-kabel\/","title":{"rendered":"Asus X550CL 90NB03W1-R10010 ( X550CL POWER SWITCH_BD.AS ) MIT KABEL"},"content":{"rendered":"<p>Verbessern Sie die Netzschalter-Funktionalit\u00e4t Ihres Asus X550CL Laptops mit der Asus X550CL 90NB03W1-R10010 Netzschalterplatine mit Kabel. Diese Original-Netzschalterplatine wurde f\u00fcr ein optimiertes Energiemanagement Ihres Laptops entwickelt und gew\u00e4hrleistet eine nahtlose Integration und verbesserte Funktionalit\u00e4t f\u00fcr ein verbessertes Computererlebnis.<\/p>\n<p>Die Asus X550CL 90NB03W1-R10010 Netzschalterplatine mit Kabel wird von Asus, einem f\u00fchrenden Anbieter von Computertechnologie, hergestellt und bietet zuverl\u00e4ssige Netzschalterleistung. Als wesentlicher Bestandteil der internen Systeme Ihres Laptops spielt diese Platine eine zentrale Rolle bei der Steuerung der Stromversorgungsfunktionen Ihres Ger\u00e4ts.<\/p>\n<p>Ob beim Ein- oder Ausschalten Ihres Laptops \u2013 diese Netzschalterplatine bietet Ihnen den Komfort und die Effizienz, die Sie ben\u00f6tigen. Die pr\u00e4zise Verarbeitung sorgt f\u00fcr eine reaktionsschnelle und zuverl\u00e4ssige Netzschalterfunktion und verbessert so Ihr Gesamterlebnis.<\/p>\n<p>Die Installation ist dank des Designs, das auf die Originalkomponenten Ihres Laptops abgestimmt ist, unkompliziert. Mit Originalteilen von Asus investieren Sie in die Qualit\u00e4t und Zuverl\u00e4ssigkeit der Energieverwaltung Ihres Laptops.<\/p>\n<p>Erweitern Sie die Netzschalterfunktion Ihres Laptops mit der Asus X550CL 90NB03W1-R10010 Netzschalterplatine mit Kabel. Freuen Sie sich \u00fcber eine verbesserte Reaktionsf\u00e4higkeit des Netzschalters und eine nahtlose Energiesteuerung Ihres Asus X550CL. Verbessern Sie Ihr Computererlebnis mit dieser zuverl\u00e4ssigen und effizienten Netzschalterplatine.<\/p>\n<p>Bitte \u00fcberpr\u00fcfen Sie vor dem Kauf die Kompatibilit\u00e4t mit Ihrem Laptop-Modell.<\/p>\n","protected":false},"excerpt":{"rendered":"<p>Verbessern Sie die Netzschalterfunktion Ihres Asus X550CL-Laptops mit der Asus X550CL 90NB03W1-R10010 Netzschalterplatine mit Kabel. Freuen Sie sich \u00fcber eine verbesserte Reaktionsf\u00e4higkeit des Netzschalters und eine nahtlose Energiesteuerung.<\/p>\n","protected":false},"featured_media":9184,"template":"","meta":[],"product_brand":[],"product_cat":[63],"product_tag":[66],"class_list":{"0":"post-9130","1":"product","2":"type-product","3":"status-publish","4":"has-post-thumbnail","6":"product_cat-motherboards-board-parts","7":"product_tag-asus","9":"first","10":"instock","11":"taxable","12":"shipping-taxable","13":"purchasable","14":"product-type-simple"},"_links":{"self":[{"href":"https:\/\/boreait.com\/de\/wp-json\/wp\/v2\/product\/9130","targetHints":{"allow":["GET"]}}],"collection":[{"href":"https:\/\/boreait.com\/de\/wp-json\/wp\/v2\/product"}],"about":[{"href":"https:\/\/boreait.com\/de\/wp-json\/wp\/v2\/types\/product"}],"wp:featuredmedia":[{"embeddable":true,"href":"https:\/\/boreait.com\/de\/wp-json\/wp\/v2\/media\/9184"}],"wp:attachment":[{"href":"https:\/\/boreait.com\/de\/wp-json\/wp\/v2\/media?parent=9130"}],"wp:term":[{"taxonomy":"product_brand","embeddable":true,"href":"https:\/\/boreait.com\/de\/wp-json\/wp\/v2\/product_brand?post=9130"},{"taxonomy":"product_cat","embeddable":true,"href":"https:\/\/boreait.com\/de\/wp-json\/wp\/v2\/product_cat?post=9130"},{"taxonomy":"product_tag","embeddable":true,"href":"https:\/\/boreait.com\/de\/wp-json\/wp\/v2\/product_tag?post=9130"}],"curies":[{"name":"wp","href":"https:\/\/api.w.org\/{rel}","templated":true}]}}