{"id":9129,"date":"2025-09-15T14:49:55","date_gmt":"2025-09-15T12:49:55","guid":{"rendered":"https:\/\/boreait.com\/de\/?post_type=product&#038;p=9129"},"modified":"2025-09-16T12:49:26","modified_gmt":"2025-09-16T10:49:26","slug":"04081-00027400-original-asus-lcd-display-web-camera-x552e","status":"publish","type":"product","link":"https:\/\/boreait.com\/de\/produkt\/04081-00027400-original-asus-lcd-display-web-camera-x552e\/","title":{"rendered":"04081-00027400 ORIGINAL ASUS LCD DISPLAY WEB CAMERA X552E"},"content":{"rendered":"<p>Verbessern Sie Ihre visuelle Kommunikation mit der originalen ASUS LCD-Webcam 04081-00027400. Diese Webcam wurde f\u00fcr optimale Videoanrufe, Konferenzen und Multimedia-Erlebnisse entwickelt und sorgt f\u00fcr nahtlose Integration und verbesserte visuelle Kommunikation f\u00fcr ein optimiertes Computererlebnis.<\/p>\n<p>Die originale ASUS LCD-Webcam 04081-00027400 von ASUS, einem f\u00fchrenden Anbieter von Computertechnologie, bietet zuverl\u00e4ssige Videoaufnahmen und klare Bilder. Als wichtiger Bestandteil der internen Systeme Ihres Laptops spielt diese Webcam eine entscheidende Rolle bei der Verbesserung der Videokommunikation und Multimedia-Interaktion.<\/p>\n<p>Ob bei virtuellen Meetings, Videochats oder der Erstellung von Inhalten \u2013 diese Webcam bietet Ihnen den Komfort und die Effizienz, die Sie ben\u00f6tigen. Ihre hochwertige Bildgebung liefert gestochen scharfe Bilder, sodass Sie klar und deutlich gesehen werden und effektiv kommunizieren k\u00f6nnen.<\/p>\n<p>Die Installation ist dank des Designs, das auf die Originalkomponenten Ihres Laptops abgestimmt ist, unkompliziert. Mit originalen ASUS-Teilen investieren Sie in die Qualit\u00e4t und Zuverl\u00e4ssigkeit der Videokommunikation Ihres Laptops.<\/p>\n<p>Verbessern Sie Ihre visuelle Kommunikation mit der originalen ASUS LCD-Webcam 04081-00027400. Genie\u00dfen Sie verbesserte Videoqualit\u00e4t, klare Bilder und effektive Videokommunikation auf Ihrem ASUS-Laptop. Optimieren Sie Ihr Multimedia-Erlebnis mit dieser zuverl\u00e4ssigen und effizienten Webcam.<\/p>\n<p>Bitte \u00fcberpr\u00fcfen Sie vor dem Kauf die Kompatibilit\u00e4t mit Ihrem Laptop-Modell.<\/p>\n","protected":false},"excerpt":{"rendered":"<p>Verbessern Sie Ihre visuelle Kommunikation mit der originalen ASUS LCD-Display-Webkamera 04081-00027400. Genie\u00dfen Sie klare Bilder und verbesserte Videokommunikation auf Ihrem ASUS-Laptop.<\/p>\n","protected":false},"featured_media":9183,"template":"","meta":[],"product_brand":[],"product_cat":[59],"product_tag":[66],"class_list":{"0":"post-9129","1":"product","2":"type-product","3":"status-publish","4":"has-post-thumbnail","6":"product_cat-laptop-camera","7":"product_tag-asus","9":"first","10":"instock","11":"taxable","12":"shipping-taxable","13":"purchasable","14":"product-type-simple"},"_links":{"self":[{"href":"https:\/\/boreait.com\/de\/wp-json\/wp\/v2\/product\/9129","targetHints":{"allow":["GET"]}}],"collection":[{"href":"https:\/\/boreait.com\/de\/wp-json\/wp\/v2\/product"}],"about":[{"href":"https:\/\/boreait.com\/de\/wp-json\/wp\/v2\/types\/product"}],"wp:featuredmedia":[{"embeddable":true,"href":"https:\/\/boreait.com\/de\/wp-json\/wp\/v2\/media\/9183"}],"wp:attachment":[{"href":"https:\/\/boreait.com\/de\/wp-json\/wp\/v2\/media?parent=9129"}],"wp:term":[{"taxonomy":"product_brand","embeddable":true,"href":"https:\/\/boreait.com\/de\/wp-json\/wp\/v2\/product_brand?post=9129"},{"taxonomy":"product_cat","embeddable":true,"href":"https:\/\/boreait.com\/de\/wp-json\/wp\/v2\/product_cat?post=9129"},{"taxonomy":"product_tag","embeddable":true,"href":"https:\/\/boreait.com\/de\/wp-json\/wp\/v2\/product_tag?post=9129"}],"curies":[{"name":"wp","href":"https:\/\/api.w.org\/{rel}","templated":true}]}}