{"id":9108,"date":"2025-09-15T14:49:31","date_gmt":"2025-09-15T12:49:31","guid":{"rendered":"https:\/\/boreait.com\/de\/?post_type=product&#038;p=9108"},"modified":"2025-09-16T12:49:24","modified_gmt":"2025-09-16T10:49:24","slug":"ersatz-lcd-led-bildschirmanzeige-lvds-kabel-762519-001-fuer-hp-pavilion-15-p151ng-serie","status":"publish","type":"product","link":"https:\/\/boreait.com\/de\/produkt\/ersatz-lcd-led-bildschirmanzeige-lvds-kabel-762519-001-fuer-hp-pavilion-15-p151ng-serie\/","title":{"rendered":"Ersatz-LCD-LED-Bildschirmanzeige LVDS-Kabel 762519-001 f\u00fcr HP Pavilion 15-P151NG-Serie"},"content":{"rendered":"<p>Verbessern Sie die Displayleistung und das visuelle Erlebnis Ihres Laptops der HP Pavilion 15-P151NG-Serie mit dem Ersatz-LCD-LED-Bildschirm-LVDS-Kabel SPS: 762519-001. Dieses Original-Ersatzkabel optimiert die Displayfunktionalit\u00e4t Ihres Laptops und sorgt f\u00fcr eine nahtlose Integration und verbesserte Bildqualit\u00e4t f\u00fcr ein verbessertes Computererlebnis.<\/p>\n<p>Das Ersatz-LCD-LED-Bildschirm-LVDS-Kabel wurde f\u00fcr die HP Pavilion 15-P151NG-Serie entwickelt, einem vertrauensw\u00fcrdigen Namen in der Computertechnologie. Es sorgt f\u00fcr eine zuverl\u00e4ssige und effiziente Bild\u00fcbertragung. Als wesentlicher Bestandteil der internen Systeme Ihres Laptops spielt dieses Kabel eine entscheidende Rolle f\u00fcr klare und lebendige Bilder.<\/p>\n<p>Ob beim Ansehen von Filmen, bei grafikintensiven Aufgaben oder beim Genie\u00dfen von Multimedia-Inhalten \u2013 dieses LVDS-Kabel verbessert Ihr visuelles Erlebnis. Seine pr\u00e4zise Verarbeitung gew\u00e4hrleistet eine pr\u00e4zise \u00dcbertragung der Displaysignale und sorgt f\u00fcr au\u00dfergew\u00f6hnliche Klarheit und Farbwiedergabe auf Ihrem Laptop-Bildschirm.<\/p>\n<p>Die Installation ist dank des Designs, das auf die Originalkomponenten Ihres Laptops abgestimmt ist, unkompliziert. Mit Original-Ersatzteilen investieren Sie in die Qualit\u00e4t und Zuverl\u00e4ssigkeit Ihres Laptop-Displays.<\/p>\n<p>Verbessern Sie die Displayleistung Ihres Laptops mit dem Ersatz-LCD-LED-Display-LVDS-Kabel f\u00fcr die HP Pavilion 15-P151NG-Serie. Freuen Sie sich auf verbesserte Bildqualit\u00e4t, optimierte Farbwiedergabe und ein insgesamt besseres Seherlebnis auf Ihrem Pavilion-Laptop. Optimieren Sie Ihr Computererlebnis mit diesem zuverl\u00e4ssigen und effizienten LVDS-Kabel.<\/p>\n<p>Bitte \u00fcberpr\u00fcfen Sie vor dem Kauf die Kompatibilit\u00e4t mit Ihrem Laptop-Modell.<\/p>\n","protected":false},"excerpt":{"rendered":"<p>Verbessern Sie die Anzeigeleistung Ihres Laptops der HP Pavilion 15-P151NG-Serie mit dem Ersatz-LCD-LED-Bildschirm-LVDS-Kabel. Freuen Sie sich \u00fcber verbesserte Bildqualit\u00e4t und bessere Farbwiedergabe.<\/p>\n","protected":false},"featured_media":9156,"template":"","meta":[],"product_brand":[],"product_cat":[56],"product_tag":[61],"class_list":{"0":"post-9108","1":"product","2":"type-product","3":"status-publish","4":"has-post-thumbnail","6":"product_cat-cables","7":"product_tag-hp","9":"first","10":"instock","11":"taxable","12":"shipping-taxable","13":"purchasable","14":"product-type-simple"},"_links":{"self":[{"href":"https:\/\/boreait.com\/de\/wp-json\/wp\/v2\/product\/9108","targetHints":{"allow":["GET"]}}],"collection":[{"href":"https:\/\/boreait.com\/de\/wp-json\/wp\/v2\/product"}],"about":[{"href":"https:\/\/boreait.com\/de\/wp-json\/wp\/v2\/types\/product"}],"wp:featuredmedia":[{"embeddable":true,"href":"https:\/\/boreait.com\/de\/wp-json\/wp\/v2\/media\/9156"}],"wp:attachment":[{"href":"https:\/\/boreait.com\/de\/wp-json\/wp\/v2\/media?parent=9108"}],"wp:term":[{"taxonomy":"product_brand","embeddable":true,"href":"https:\/\/boreait.com\/de\/wp-json\/wp\/v2\/product_brand?post=9108"},{"taxonomy":"product_cat","embeddable":true,"href":"https:\/\/boreait.com\/de\/wp-json\/wp\/v2\/product_cat?post=9108"},{"taxonomy":"product_tag","embeddable":true,"href":"https:\/\/boreait.com\/de\/wp-json\/wp\/v2\/product_tag?post=9108"}],"curies":[{"name":"wp","href":"https:\/\/api.w.org\/{rel}","templated":true}]}}