{"id":9090,"date":"2025-09-15T14:49:08","date_gmt":"2025-09-15T12:49:08","guid":{"rendered":"https:\/\/boreait.com\/de\/?post_type=product&#038;p=9090"},"modified":"2026-03-13T16:49:56","modified_gmt":"2026-03-13T15:49:56","slug":"hp-pro-6000-elite-8000-sff-motherboard-4-pin-auf-3-x-sata-kabel-577494-001","status":"publish","type":"product","link":"https:\/\/boreait.com\/de\/produkt\/hp-pro-6000-elite-8000-sff-motherboard-4-pin-auf-3-x-sata-kabel-577494-001\/","title":{"rendered":"HP Pro 6000, Elite 8000 SFF Motherboard 4-Pin auf 3 x SATA-Kabel 577494-001"},"content":{"rendered":"<p>Erweitern Sie die Speicherkapazit\u00e4t Ihres HP Pro 6000 und Elite 8000 SFF Desktops mit dem HP Pro 6000, Elite 8000 SFF Motherboard 4-Pin auf 3 x SATA Kabel 577494-001. Dieses Originalkabel wurde f\u00fcr die optimale Speichererweiterung Ihres Desktops entwickelt und gew\u00e4hrleistet nahtlose Integration und verbesserte Speicherfunktionen f\u00fcr ein verbessertes Computererlebnis.<\/p>\n<p>Das HP Pro 6000, Elite 8000 SFF Motherboard 4-Pin auf 3 x SATA Kabel 577494-001 wurde von HP, einem f\u00fchrenden Anbieter von Computertechnologie, hergestellt und bietet zuverl\u00e4ssige Konnektivit\u00e4t und erweiterte Speicheroptionen. Als wichtiger Bestandteil der internen Systeme Ihres Desktops spielt dieses Kabel eine entscheidende Rolle bei der Erweiterung Ihrer Speicherkapazit\u00e4t.<\/p>\n<p>Ob Sie zus\u00e4tzliche SATA-Laufwerke hinzuf\u00fcgen oder Ihre Speicherkapazit\u00e4t erweitern m\u00f6chten \u2013 dieses Kabel bietet Ihnen den Komfort und die Effizienz, die Sie ben\u00f6tigen. Die 4-Pin-auf-3-x-SATA-Konfiguration erm\u00f6glicht den Anschluss mehrerer SATA-Laufwerke an Ihr Motherboard und so die Speicherung von mehr Daten und Anwendungen.<\/p>\n<p>Die Installation ist dank des Designs, das auf die Originalkomponenten Ihres Desktops abgestimmt ist, unkompliziert. Mit Original-HP-Teilen investieren Sie in die Qualit\u00e4t und Zuverl\u00e4ssigkeit der Speichererweiterung Ihres Desktops.<\/p>\n<p>Erweitern Sie die Speicherkapazit\u00e4t Ihres Desktops mit dem HP Pro 6000, Elite 8000 SFF Motherboard 4-Pin-auf-3-x-SATA-Kabel 577494-001. Profitieren Sie von erweiterten Speicheroptionen, vielseitiger Datenverwaltung und verbesserter Speicherfunktionalit\u00e4t auf Ihrem Pro 6000 und Elite 8000 SFF Desktop. Optimieren Sie Ihr Computererlebnis mit diesem zuverl\u00e4ssigen und effizienten Kabel.<\/p>\n<p>Bitte \u00fcberpr\u00fcfen Sie vor dem Kauf die Kompatibilit\u00e4t mit Ihrem Desktop-Modell.<\/p>\n","protected":false},"excerpt":{"rendered":"<p>Erweitern Sie den Speicher Ihres HP Pro 6000 und Elite 8000 SFF-Desktops mit dem 4-poligen auf 3 x SATA-Kabel 577494-001 f\u00fcr HP Pro 6000, Elite 8000 SFF-Motherboards. Freuen Sie sich \u00fcber erh\u00f6hte Speicherkapazit\u00e4t und vielseitige Datenverwaltung.<\/p>\n","protected":false},"featured_media":9150,"template":"","meta":[],"product_brand":[],"product_cat":[56],"product_tag":[61],"class_list":{"0":"post-9090","1":"product","2":"type-product","3":"status-publish","4":"has-post-thumbnail","6":"product_cat-cables","7":"product_tag-hp","9":"first","10":"instock","11":"taxable","12":"shipping-taxable","13":"purchasable","14":"product-type-simple"},"_links":{"self":[{"href":"https:\/\/boreait.com\/de\/wp-json\/wp\/v2\/product\/9090","targetHints":{"allow":["GET"]}}],"collection":[{"href":"https:\/\/boreait.com\/de\/wp-json\/wp\/v2\/product"}],"about":[{"href":"https:\/\/boreait.com\/de\/wp-json\/wp\/v2\/types\/product"}],"wp:featuredmedia":[{"embeddable":true,"href":"https:\/\/boreait.com\/de\/wp-json\/wp\/v2\/media\/9150"}],"wp:attachment":[{"href":"https:\/\/boreait.com\/de\/wp-json\/wp\/v2\/media?parent=9090"}],"wp:term":[{"taxonomy":"product_brand","embeddable":true,"href":"https:\/\/boreait.com\/de\/wp-json\/wp\/v2\/product_brand?post=9090"},{"taxonomy":"product_cat","embeddable":true,"href":"https:\/\/boreait.com\/de\/wp-json\/wp\/v2\/product_cat?post=9090"},{"taxonomy":"product_tag","embeddable":true,"href":"https:\/\/boreait.com\/de\/wp-json\/wp\/v2\/product_tag?post=9090"}],"curies":[{"name":"wp","href":"https:\/\/api.w.org\/{rel}","templated":true}]}}