{"id":9086,"date":"2025-09-15T14:49:08","date_gmt":"2025-09-15T12:49:08","guid":{"rendered":"https:\/\/boreait.com\/de\/?post_type=product&#038;p=9086"},"modified":"2026-01-08T08:14:44","modified_gmt":"2026-01-08T07:14:44","slug":"lcd-scharnier-fuer-hp-elitebook-840-g3-745-g3-ps1514-scharniere-links-und-rechts-821166-001","status":"publish","type":"product","link":"https:\/\/boreait.com\/de\/produkt\/lcd-scharnier-fuer-hp-elitebook-840-g3-745-g3-ps1514-scharniere-links-und-rechts-821166-001\/","title":{"rendered":"LCD-Scharnier f\u00fcr HP EliteBook 840 G3 745 G3 PS1514 \u2013 Scharniere links und rechts 821166-001"},"content":{"rendered":"<p>Optimieren Sie die Display-Funktionalit\u00e4t Ihres HP EliteBook 840 G3 und 745 G3 mit dem LCD-Scharnier f\u00fcr HP EliteBook 840 G3 745 G3 PS1514. Dieses Original-LCD-Scharnierset wurde f\u00fcr ein optimales visuelles Erlebnis Ihres Laptops entwickelt und sorgt f\u00fcr nahtlose Integration und verbesserte Displayleistung f\u00fcr ein verbessertes Computererlebnis. HP SPS-Teilenummer: 821166-001<\/p>\n<p>Das LCD-Scharnier f\u00fcr HP EliteBook 840 G3 745 G3 PS1514 wird von HP, einem f\u00fchrenden Anbieter von Computertechnologie, hergestellt und bietet zuverl\u00e4ssigen Halt und Funktionalit\u00e4t f\u00fcr das Display Ihres Laptops. Als wesentlicher Bestandteil der strukturellen Integrit\u00e4t und des visuellen Displays spielen diese Scharniere eine entscheidende Rolle f\u00fcr eine stabile Displayausrichtung.<\/p>\n<p>Ob beim Arbeiten, Betrachten von Multimedia-Inhalten oder bei Videokonferenzen \u2013 diese Scharniere bieten die n\u00f6tige Stabilit\u00e4t und Einstellbarkeit. Die Pr\u00e4zisionstechnik des Scharniers sorgt f\u00fcr ein sanftes \u00d6ffnen und Schlie\u00dfen des Laptop-Displays und bietet so ein optimales Seherlebnis aus verschiedenen Blickwinkeln.<\/p>\n<p>Dank des Designs, das auf die Originalkomponenten Ihres Laptops abgestimmt ist, ist die Installation unkompliziert. Mit Original-HP-Teilen investieren Sie in die Qualit\u00e4t und Zuverl\u00e4ssigkeit der Displayfunktionalit\u00e4t Ihres Laptops.<\/p>\n<p>Verbessern Sie die Displayfunktionalit\u00e4t Ihres Laptops mit dem LCD-Scharnier f\u00fcr das HP EliteBook 840 G3 745 G3 PS1514. Profitieren Sie von verbesserter Displaystabilit\u00e4t, Einstellbarkeit und optimalen Betrachtungswinkeln auf Ihrem EliteBook 840 G3 und 745 G3. Optimieren Sie Ihr Computererlebnis mit diesem zuverl\u00e4ssigen und effizienten Scharnier.<\/p>\n<p>Bitte \u00fcberpr\u00fcfen Sie vor dem Kauf die Kompatibilit\u00e4t mit Ihrem Laptop-Modell.<\/p>\n","protected":false},"excerpt":{"rendered":"<p>Erneuern Sie die Displayfunktionalit\u00e4t Ihres HP EliteBook 840 G3 und 745 G3 Laptops mit dem LCD-Scharnier f\u00fcr HP EliteBook 840 G3 745 G3 PS1514. Freuen Sie sich \u00fcber verbesserte Stabilit\u00e4t und optimale Betrachtungswinkel.<\/p>\n","protected":false},"featured_media":9140,"template":"","meta":[],"product_brand":[],"product_cat":[55],"product_tag":[61],"class_list":{"0":"post-9086","1":"product","2":"type-product","3":"status-publish","4":"has-post-thumbnail","6":"product_cat-screen-hinge","7":"product_tag-hp","9":"first","10":"instock","11":"taxable","12":"shipping-taxable","13":"purchasable","14":"product-type-simple"},"_links":{"self":[{"href":"https:\/\/boreait.com\/de\/wp-json\/wp\/v2\/product\/9086","targetHints":{"allow":["GET"]}}],"collection":[{"href":"https:\/\/boreait.com\/de\/wp-json\/wp\/v2\/product"}],"about":[{"href":"https:\/\/boreait.com\/de\/wp-json\/wp\/v2\/types\/product"}],"wp:featuredmedia":[{"embeddable":true,"href":"https:\/\/boreait.com\/de\/wp-json\/wp\/v2\/media\/9140"}],"wp:attachment":[{"href":"https:\/\/boreait.com\/de\/wp-json\/wp\/v2\/media?parent=9086"}],"wp:term":[{"taxonomy":"product_brand","embeddable":true,"href":"https:\/\/boreait.com\/de\/wp-json\/wp\/v2\/product_brand?post=9086"},{"taxonomy":"product_cat","embeddable":true,"href":"https:\/\/boreait.com\/de\/wp-json\/wp\/v2\/product_cat?post=9086"},{"taxonomy":"product_tag","embeddable":true,"href":"https:\/\/boreait.com\/de\/wp-json\/wp\/v2\/product_tag?post=9086"}],"curies":[{"name":"wp","href":"https:\/\/api.w.org\/{rel}","templated":true}]}}