{"id":9085,"date":"2025-09-15T14:49:07","date_gmt":"2025-09-15T12:49:07","guid":{"rendered":"https:\/\/boreait.com\/de\/?post_type=product&#038;p=9085"},"modified":"2026-01-08T08:14:28","modified_gmt":"2026-01-08T07:14:28","slug":"hp-elitebook-850-g3-powerbutton-platine-mit-kabel-6050a2727401","status":"publish","type":"product","link":"https:\/\/boreait.com\/de\/produkt\/hp-elitebook-850-g3-powerbutton-platine-mit-kabel-6050a2727401\/","title":{"rendered":"HP EliteBook 850 G3 Powerbutton-Platine mit Kabel 6050A2727401"},"content":{"rendered":"<p>Verbessern Sie die Funktionalit\u00e4t und den Komfort Ihres HP EliteBook 850 G3 Laptops mit der HP EliteBook 850 G3 Powerbutton-Platine mit Kabel 6050A2727401. Diese Originalplatine mit Kabel optimiert die Powerbutton-Funktionalit\u00e4t Ihres Laptops und sorgt f\u00fcr nahtlose Integration und verbesserte Benutzerfreundlichkeit f\u00fcr ein optimales Computererlebnis.<\/p>\n<p>Die von HP, einem f\u00fchrenden Anbieter von Computertechnologie, entwickelte HP EliteBook 850 G3 Powerbutton-Platine mit Kabel 6050A2727401 sorgt f\u00fcr eine zuverl\u00e4ssige Powerbutton-Funktion. Als wichtiger Bestandteil der internen Systeme Ihres Laptops spielt diese Platine mit Kabel eine entscheidende Rolle f\u00fcr eine schnelle und effiziente Energieverwaltung.<\/p>\n<p>Ob beim Ein- und Ausschalten Ihres Laptops, beim Aktivieren des Ruhezustands oder Neustarten \u2013 diese Powerbutton-Platine mit Kabel bietet Ihnen den Komfort und die Effizienz, die Sie brauchen. Die pr\u00e4zise Verarbeitung sorgt f\u00fcr eine reaktionsschnelle Powerbutton-Funktionalit\u00e4t und ein reibungsloses und zuverl\u00e4ssiges Benutzererlebnis.<\/p>\n<p>Die Installation ist dank des Designs, das auf die Originalkomponenten Ihres Laptops abgestimmt ist, unkompliziert. Mit Original-HP-Teilen investieren Sie in die Qualit\u00e4t und Zuverl\u00e4ssigkeit der Energieverwaltung Ihres Laptops.<\/p>\n<p>Erweitern Sie die Funktionalit\u00e4t des Netzschalters Ihres Laptops mit der HP EliteBook 850 G3 Netzschalterplatine mit Kabel 6050A2727401. Profitieren Sie von einer verbesserten Energieverwaltung, einer reaktionsschnellen Bedienung des Netzschalters und einem verbesserten Benutzererlebnis auf Ihrem EliteBook 850 G3. Steigern Sie Ihr Computererlebnis mit diesem zuverl\u00e4ssigen und effizienten Platinen- und Kabelsatz.<\/p>\n<p>Bitte \u00fcberpr\u00fcfen Sie vor dem Kauf die Kompatibilit\u00e4t mit Ihrem Laptopmodell.<\/p>\n","protected":false},"excerpt":{"rendered":"<p>Verbessern Sie die Power-Button-Funktionalit\u00e4t Ihres HP EliteBook 850 G3 Laptops mit der HP EliteBook 850 G3 Powerbutton-Platine mit Kabel 6050A2727401. Profitieren Sie von verbessertem Energiemanagement und reaktionsschneller Power-Button-Bedienung.<\/p>\n","protected":false},"featured_media":9139,"template":"","meta":[],"product_brand":[],"product_cat":[63],"product_tag":[61],"class_list":{"0":"post-9085","1":"product","2":"type-product","3":"status-publish","4":"has-post-thumbnail","6":"product_cat-motherboards-board-parts","7":"product_tag-hp","9":"first","10":"instock","11":"taxable","12":"shipping-taxable","13":"purchasable","14":"product-type-simple"},"_links":{"self":[{"href":"https:\/\/boreait.com\/de\/wp-json\/wp\/v2\/product\/9085","targetHints":{"allow":["GET"]}}],"collection":[{"href":"https:\/\/boreait.com\/de\/wp-json\/wp\/v2\/product"}],"about":[{"href":"https:\/\/boreait.com\/de\/wp-json\/wp\/v2\/types\/product"}],"wp:featuredmedia":[{"embeddable":true,"href":"https:\/\/boreait.com\/de\/wp-json\/wp\/v2\/media\/9139"}],"wp:attachment":[{"href":"https:\/\/boreait.com\/de\/wp-json\/wp\/v2\/media?parent=9085"}],"wp:term":[{"taxonomy":"product_brand","embeddable":true,"href":"https:\/\/boreait.com\/de\/wp-json\/wp\/v2\/product_brand?post=9085"},{"taxonomy":"product_cat","embeddable":true,"href":"https:\/\/boreait.com\/de\/wp-json\/wp\/v2\/product_cat?post=9085"},{"taxonomy":"product_tag","embeddable":true,"href":"https:\/\/boreait.com\/de\/wp-json\/wp\/v2\/product_tag?post=9085"}],"curies":[{"name":"wp","href":"https:\/\/api.w.org\/{rel}","templated":true}]}}