{"id":9068,"date":"2025-09-15T14:48:43","date_gmt":"2025-09-15T12:48:43","guid":{"rendered":"https:\/\/boreait.com\/de\/?post_type=product&#038;p=9068"},"modified":"2026-01-08T08:14:11","modified_gmt":"2026-01-08T07:14:11","slug":"hp-elitebook-14-840-g3-original-laptop-bodenplatte-intern-821164-001","status":"publish","type":"product","link":"https:\/\/boreait.com\/de\/produkt\/hp-elitebook-14-840-g3-original-laptop-bodenplatte-intern-821164-001\/","title":{"rendered":"HP EliteBook 14 840 G3 Original Laptop-Bodenplatte, intern, 821164-001"},"content":{"rendered":"<p>Optimieren Sie die Haltbarkeit und \u00c4sthetik Ihres HP EliteBook 840 G3 Laptops mit der HP EliteBook 14 840 G3 Original-Laptop-Basisplatte (intern) 821164-001. Diese Original-Basisplatte optimiert die strukturelle Integrit\u00e4t und das Erscheinungsbild Ihres Laptops und sorgt f\u00fcr eine nahtlose Integration und verbesserte Gesamtfunktionalit\u00e4t f\u00fcr ein verbessertes Computererlebnis.<\/p>\n<p>Die HP EliteBook 14 840 G3 Original-Laptop-Basisplatte (intern) 821164-001 wird von HP, einem f\u00fchrenden Anbieter von Computertechnologie, hergestellt und bietet zuverl\u00e4ssigen Halt und Schutz f\u00fcr die internen Komponenten Ihres Laptops. Als wesentlicher Bestandteil des Laptop-Geh\u00e4uses spielt diese Basisplatte eine entscheidende Rolle f\u00fcr die Aufrechterhaltung des Formfaktors und der Integrit\u00e4t des Laptops.<\/p>\n<p>Ob Sie unterwegs arbeiten, Ihren Laptop in verschiedenen Umgebungen nutzen oder einfach nur sein \u00e4u\u00dferes Erscheinungsbild verbessern m\u00f6chten \u2013 diese Basisplatte bietet die Haltbarkeit und \u00c4sthetik, die Sie ben\u00f6tigen. Die pr\u00e4zise Verarbeitung gew\u00e4hrleistet eine optimale Passform und Ausrichtung und bietet Schutz vor leichten St\u00f6\u00dfen und Abnutzung.<\/p>\n<p>Dank des Designs, das auf die Originalkomponenten Ihres Laptops abgestimmt ist, ist die Installation unkompliziert. Mit Original-HP-Teilen investieren Sie in die Qualit\u00e4t und Zuverl\u00e4ssigkeit der strukturellen Integrit\u00e4t und des \u00e4u\u00dferen Erscheinungsbilds Ihres Laptops.<\/p>\n<p>Verbessern Sie die Haltbarkeit und \u00c4sthetik Ihres Laptops mit der internen Original-Laptop-Basisplatte 821164-001 f\u00fcr das HP EliteBook 14 840 G3. Profitieren Sie von verbesserter struktureller Unterst\u00fctzung, Schutz und einem verbesserten Erscheinungsbild f\u00fcr Ihr EliteBook 840 G3. Optimieren Sie Ihr Computererlebnis mit dieser zuverl\u00e4ssigen und effizienten Basisplatte.<\/p>\n<p>Bitte \u00fcberpr\u00fcfen Sie vor dem Kauf die Kompatibilit\u00e4t mit Ihrem Laptop-Modell.<\/p>\n","protected":false},"excerpt":{"rendered":"<p>Verbessern Sie die Haltbarkeit und \u00c4sthetik Ihres HP EliteBook 840 G3-Laptops mit der internen Original-Laptop-Grundplatte 821164-001 f\u00fcr das HP EliteBook 14 840 G3. Freuen Sie sich \u00fcber verbesserte strukturelle Unterst\u00fctzung und ein verbessertes Erscheinungsbild.<\/p>\n","protected":false},"featured_media":9137,"template":"","meta":[],"product_brand":[],"product_cat":[52],"product_tag":[61],"class_list":{"0":"post-9068","1":"product","2":"type-product","3":"status-publish","4":"has-post-thumbnail","6":"product_cat-laptop-housing","7":"product_tag-hp","9":"first","10":"instock","11":"taxable","12":"shipping-taxable","13":"purchasable","14":"product-type-simple"},"_links":{"self":[{"href":"https:\/\/boreait.com\/de\/wp-json\/wp\/v2\/product\/9068","targetHints":{"allow":["GET"]}}],"collection":[{"href":"https:\/\/boreait.com\/de\/wp-json\/wp\/v2\/product"}],"about":[{"href":"https:\/\/boreait.com\/de\/wp-json\/wp\/v2\/types\/product"}],"wp:featuredmedia":[{"embeddable":true,"href":"https:\/\/boreait.com\/de\/wp-json\/wp\/v2\/media\/9137"}],"wp:attachment":[{"href":"https:\/\/boreait.com\/de\/wp-json\/wp\/v2\/media?parent=9068"}],"wp:term":[{"taxonomy":"product_brand","embeddable":true,"href":"https:\/\/boreait.com\/de\/wp-json\/wp\/v2\/product_brand?post=9068"},{"taxonomy":"product_cat","embeddable":true,"href":"https:\/\/boreait.com\/de\/wp-json\/wp\/v2\/product_cat?post=9068"},{"taxonomy":"product_tag","embeddable":true,"href":"https:\/\/boreait.com\/de\/wp-json\/wp\/v2\/product_tag?post=9068"}],"curies":[{"name":"wp","href":"https:\/\/api.w.org\/{rel}","templated":true}]}}