{"id":9065,"date":"2025-09-15T14:48:42","date_gmt":"2025-09-15T12:48:42","guid":{"rendered":"https:\/\/boreait.com\/de\/?post_type=product&#038;p=9065"},"modified":"2026-01-08T08:13:50","modified_gmt":"2026-01-08T07:13:50","slug":"lenovo-miix-320-10icr-80xf-ersatz-silber-micro-sd-kartenhalter-fach","status":"publish","type":"product","link":"https:\/\/boreait.com\/de\/produkt\/lenovo-miix-320-10icr-80xf-ersatz-silber-micro-sd-kartenhalter-fach\/","title":{"rendered":"LENOVO MIIX 320-10ICR 80XF Ersatz-Silber-Micro-SD-Kartenhalter-Fach"},"content":{"rendered":"<p>Erweitern Sie die Speicherkapazit\u00e4t Ihres Lenovo Miix 320-10ICR 80XF mit dem silbernen Ersatz-Micro-SD-Kartenhalter. Dieser Original-Ersatzhalter wurde entwickelt, um den Speicher und die Benutzerfreundlichkeit Ihres Tablets zu optimieren. Er gew\u00e4hrleistet eine nahtlose Integration und verbesserte Speicherkapazit\u00e4t f\u00fcr ein verbessertes Computererlebnis.<\/p>\n<p>Der silberne Ersatz-Micro-SD-Kartenhalter von Lenovo, einem f\u00fchrenden Anbieter von Computertechnologie, bietet zuverl\u00e4ssige Speichererweiterung und sicheren Kartenhalter. Als wichtiger Bestandteil der internen Systeme Ihres Tablets spielt dieser Halter eine entscheidende Rolle bei der Erweiterung Ihrer Speicheroptionen.<\/p>\n<p>Ob Sie zus\u00e4tzliche Daten oder Mediendateien speichern oder die Speicherkapazit\u00e4t Ihres Ger\u00e4ts erweitern m\u00f6chten \u2013 dieser Halter bietet Ihnen den Komfort und die Effizienz, die Sie ben\u00f6tigen. Der silberne Micro-SD-Kartenhalter erm\u00f6glicht das Einlegen und sichere Halten einer Micro-SD-Karte und bietet Ihnen einfachen Zugriff auf zus\u00e4tzlichen Speicherplatz.<\/p>\n<p>Die Installation ist dank des Designs, das auf die Originalkomponenten Ihres Tablets abgestimmt ist, unkompliziert. Mit Originalteilen von Lenovo investieren Sie in die Qualit\u00e4t und Zuverl\u00e4ssigkeit der Speichererweiterung Ihres Tablets.<\/p>\n<p>Erweitern Sie die Speicherkapazit\u00e4t Ihres Tablets mit dem silbernen Ersatz-Micro-SD-Kartenhalter f\u00fcr das Lenovo Miix 320-10ICR 80XF. Profitieren Sie von erweiterten Speicheroptionen, nahtlosem Karteneinschub und optimierter Datenverwaltung auf Ihrem Miix 320-10ICR 80XF. Optimieren Sie Ihr Computererlebnis mit diesem zuverl\u00e4ssigen und effizienten Ersatz-Kartenhalter.<\/p>\n<p>Bitte \u00fcberpr\u00fcfen Sie vor dem Kauf die Kompatibilit\u00e4t mit Ihrem Tablet-Modell.<\/p>\n","protected":false},"excerpt":{"rendered":"<p>Erweitern Sie die Speicherkapazit\u00e4t Ihres Lenovo Miix 320-10ICR 80XF Tablets mit dem silbernen Ersatz-Micro-SD-Kartenhalter. Freuen Sie sich \u00fcber erweiterten Speicherplatz und einfaches Einsetzen der Micro-SD-Karte.<\/p>\n","protected":false},"featured_media":9123,"template":"","meta":[],"product_brand":[],"product_cat":[52],"product_tag":[62],"class_list":{"0":"post-9065","1":"product","2":"type-product","3":"status-publish","4":"has-post-thumbnail","6":"product_cat-laptop-housing","7":"product_tag-lenovo","9":"first","10":"instock","11":"taxable","12":"shipping-taxable","13":"purchasable","14":"product-type-simple"},"_links":{"self":[{"href":"https:\/\/boreait.com\/de\/wp-json\/wp\/v2\/product\/9065","targetHints":{"allow":["GET"]}}],"collection":[{"href":"https:\/\/boreait.com\/de\/wp-json\/wp\/v2\/product"}],"about":[{"href":"https:\/\/boreait.com\/de\/wp-json\/wp\/v2\/types\/product"}],"wp:featuredmedia":[{"embeddable":true,"href":"https:\/\/boreait.com\/de\/wp-json\/wp\/v2\/media\/9123"}],"wp:attachment":[{"href":"https:\/\/boreait.com\/de\/wp-json\/wp\/v2\/media?parent=9065"}],"wp:term":[{"taxonomy":"product_brand","embeddable":true,"href":"https:\/\/boreait.com\/de\/wp-json\/wp\/v2\/product_brand?post=9065"},{"taxonomy":"product_cat","embeddable":true,"href":"https:\/\/boreait.com\/de\/wp-json\/wp\/v2\/product_cat?post=9065"},{"taxonomy":"product_tag","embeddable":true,"href":"https:\/\/boreait.com\/de\/wp-json\/wp\/v2\/product_tag?post=9065"}],"curies":[{"name":"wp","href":"https:\/\/api.w.org\/{rel}","templated":true}]}}