{"id":9047,"date":"2025-09-15T14:48:18","date_gmt":"2025-09-15T12:48:18","guid":{"rendered":"https:\/\/boreait.com\/de\/?post_type=product&#038;p=9047"},"modified":"2026-01-08T07:57:11","modified_gmt":"2026-01-08T06:57:11","slug":"lenovo-miix-320-10icr-10-1-original-laptop-rueckkameraplatine-mit-kabel-1203-00298","status":"publish","type":"product","link":"https:\/\/boreait.com\/de\/produkt\/lenovo-miix-320-10icr-10-1-original-laptop-rueckkameraplatine-mit-kabel-1203-00298\/","title":{"rendered":"Lenovo MIIX 320-10ICR 10.1 Original Laptop R\u00fcckkameraplatine mit Kabel 1203-00298"},"content":{"rendered":"<p>Erweitern Sie die Kamerafunktionen Ihres Lenovo MIIX 320-10ICR 10.1-Laptops mit der Original-Laptop-R\u00fcckkameraplatine mit Kabel 1203-00298. Diese Original-R\u00fcckkameraplatine wurde entwickelt, um die Kamerafunktionalit\u00e4t Ihres Laptops zu optimieren und sorgt f\u00fcr eine nahtlose Integration und verbesserte Bildleistung f\u00fcr ein verbessertes Computererlebnis.<\/p>\n<p>Die Original-Laptop-R\u00fcckkameraplatine mit Kabel 1203-00298 von Lenovo, einem f\u00fchrenden Anbieter von Computertechnologie, bietet zuverl\u00e4ssige Kameraleistung. Als wichtiger Bestandteil der internen Systeme Ihres Laptops spielt diese Platine eine entscheidende Rolle bei der Aufnahme hochwertiger Bilder und Videos.<\/p>\n<p>Ob Videoanrufe, Fotos oder Videos \u2013 diese Kameraplatine bietet Ihnen den Komfort und die Effizienz, die Sie ben\u00f6tigen. Ihre pr\u00e4zise Verarbeitung sorgt f\u00fcr pr\u00e4zise Bild- und Videoaufnahmen und sorgt f\u00fcr au\u00dfergew\u00f6hnliche Klarheit und Detailtreue Ihrer visuellen Inhalte.<\/p>\n<p>Die Installation ist dank des Designs, das auf die Originalkomponenten Ihres Laptops abgestimmt ist, unkompliziert. Mit Originalteilen von Lenovo investieren Sie in die Qualit\u00e4t und Zuverl\u00e4ssigkeit der Bildverarbeitung Ihres Laptops.<\/p>\n<p>Erweitern Sie die Kamerafunktionen Ihres Laptops mit der Original-Laptop-R\u00fcckkameraplatine mit Kabel 1203-00298 f\u00fcr Lenovo MIIX 320-10ICR 10.1. Genie\u00dfen Sie verbesserte Bild- und Videoqualit\u00e4t, reibungslose Videoanrufe und die Erstellung visueller Inhalte auf Ihrem MIIX 320-10ICR 10.1. Optimieren Sie Ihr Computererlebnis mit dieser zuverl\u00e4ssigen und effizienten Kameraplatine.<\/p>\n<p>Bitte \u00fcberpr\u00fcfen Sie vor dem Kauf die Kompatibilit\u00e4t mit Ihrem Laptop-Modell.<\/p>\n","protected":false},"excerpt":{"rendered":"<p>Verbessern Sie die Kamerafunktionen Ihres Lenovo MIIX 320-10ICR 10.1-Laptops mit der Original-Laptop-R\u00fcckkameraplatine mit Kabel 1203-00298. Freuen Sie sich \u00fcber verbesserte Bild- und Videoqualit\u00e4t bei Videoanrufen, Fotografie und Videoaufnahmen.<\/p>\n","protected":false},"featured_media":9107,"template":"","meta":[],"product_brand":[],"product_cat":[59],"product_tag":[],"class_list":{"0":"post-9047","1":"product","2":"type-product","3":"status-publish","4":"has-post-thumbnail","6":"product_cat-laptop-camera","8":"first","9":"instock","10":"taxable","11":"shipping-taxable","12":"purchasable","13":"product-type-simple"},"_links":{"self":[{"href":"https:\/\/boreait.com\/de\/wp-json\/wp\/v2\/product\/9047","targetHints":{"allow":["GET"]}}],"collection":[{"href":"https:\/\/boreait.com\/de\/wp-json\/wp\/v2\/product"}],"about":[{"href":"https:\/\/boreait.com\/de\/wp-json\/wp\/v2\/types\/product"}],"wp:featuredmedia":[{"embeddable":true,"href":"https:\/\/boreait.com\/de\/wp-json\/wp\/v2\/media\/9107"}],"wp:attachment":[{"href":"https:\/\/boreait.com\/de\/wp-json\/wp\/v2\/media?parent=9047"}],"wp:term":[{"taxonomy":"product_brand","embeddable":true,"href":"https:\/\/boreait.com\/de\/wp-json\/wp\/v2\/product_brand?post=9047"},{"taxonomy":"product_cat","embeddable":true,"href":"https:\/\/boreait.com\/de\/wp-json\/wp\/v2\/product_cat?post=9047"},{"taxonomy":"product_tag","embeddable":true,"href":"https:\/\/boreait.com\/de\/wp-json\/wp\/v2\/product_tag?post=9047"}],"curies":[{"name":"wp","href":"https:\/\/api.w.org\/{rel}","templated":true}]}}