{"id":8964,"date":"2025-09-15T14:46:16","date_gmt":"2025-09-15T12:46:16","guid":{"rendered":"https:\/\/boreait.com\/de\/?post_type=product&#038;p=8964"},"modified":"2025-09-16T12:49:18","modified_gmt":"2025-09-16T10:49:18","slug":"lenovo-thinkpad-l540-gehaeuseunterteil","status":"publish","type":"product","link":"https:\/\/boreait.com\/de\/produkt\/lenovo-thinkpad-l540-gehaeuseunterteil\/","title":{"rendered":"Lenovo ThinkPad L540 Geh\u00e4useunterteil"},"content":{"rendered":"<p>Verbessern Sie den Schutz und die Optik Ihres Lenovo ThinkPad L540 Laptops mit der Lenovo ThinkPad L540 Geh\u00e4use-Unterbodenabdeckung. Diese Original-Unterbodenabdeckung wurde entwickelt, um die Haltbarkeit und Optik Ihres Laptops zu optimieren. Sie sorgt f\u00fcr nahtlose Integration und ein verbessertes Gesamtdesign f\u00fcr ein verbessertes Computererlebnis.<\/p>\n<p>Die Lenovo ThinkPad L540 Geh\u00e4use-Unterbodenabdeckung wurde von Lenovo, einem f\u00fchrenden Anbieter von Computertechnologie, hergestellt und bietet zuverl\u00e4ssigen Schutz f\u00fcr die internen Komponenten Ihres Laptops. Als wesentlicher Bestandteil der strukturellen Integrit\u00e4t Ihres Laptops spielt diese Unterbodenabdeckung eine entscheidende Rolle f\u00fcr dessen Schutz.<\/p>\n<p>Ob Sie eine abgenutzte Unterbodenabdeckung ersetzen oder das Erscheinungsbild Ihres Laptops personalisieren m\u00f6chten \u2013 diese Abdeckung bietet Ihnen den Komfort und die gew\u00fcnschte \u00c4sthetik. Das schlanke Design und die robuste Konstruktion bieten nicht nur Schutz, sondern tragen auch zum professionellen Gesamtbild Ihres Lenovo ThinkPad L540 bei.<\/p>\n<p>Die Installation ist dank des Designs, das auf die Originalkomponenten Ihres Laptops abgestimmt ist, unkompliziert. Mit Originalteilen von Lenovo investieren Sie in die Qualit\u00e4t, Zuverl\u00e4ssigkeit und Optik Ihres Laptops.<\/p>\n<p>Verbessern Sie den Schutz und die Optik Ihres Lenovo ThinkPad L540 Laptops mit der Lenovo ThinkPad L540 Geh\u00e4use-Unterbodenabdeckung. Freuen Sie sich \u00fcber verbesserte Haltbarkeit, verbessertes Design und eine individuelle Note f\u00fcr Ihr ThinkPad L540. Optimieren Sie Ihr Computererlebnis mit dieser zuverl\u00e4ssigen und effizienten Unterbodenabdeckung.<\/p>\n<p>Bitte \u00fcberpr\u00fcfen Sie vor dem Kauf die Kompatibilit\u00e4t mit Ihrem Laptop-Modell.<\/p>\n","protected":false},"excerpt":{"rendered":"<p>Verbessern Sie den Schutz und die \u00c4sthetik Ihres Lenovo ThinkPad L540-Laptops mit der Geh\u00e4useunterseite des Lenovo ThinkPad L540. Freuen Sie sich \u00fcber verbesserte Haltbarkeit und individuelles Design.<\/p>\n","protected":false},"featured_media":9040,"template":"","meta":[],"product_brand":[],"product_cat":[52],"product_tag":[62],"class_list":{"0":"post-8964","1":"product","2":"type-product","3":"status-publish","4":"has-post-thumbnail","6":"product_cat-laptop-housing","7":"product_tag-lenovo","9":"first","10":"instock","11":"taxable","12":"shipping-taxable","13":"purchasable","14":"product-type-simple"},"_links":{"self":[{"href":"https:\/\/boreait.com\/de\/wp-json\/wp\/v2\/product\/8964","targetHints":{"allow":["GET"]}}],"collection":[{"href":"https:\/\/boreait.com\/de\/wp-json\/wp\/v2\/product"}],"about":[{"href":"https:\/\/boreait.com\/de\/wp-json\/wp\/v2\/types\/product"}],"wp:featuredmedia":[{"embeddable":true,"href":"https:\/\/boreait.com\/de\/wp-json\/wp\/v2\/media\/9040"}],"wp:attachment":[{"href":"https:\/\/boreait.com\/de\/wp-json\/wp\/v2\/media?parent=8964"}],"wp:term":[{"taxonomy":"product_brand","embeddable":true,"href":"https:\/\/boreait.com\/de\/wp-json\/wp\/v2\/product_brand?post=8964"},{"taxonomy":"product_cat","embeddable":true,"href":"https:\/\/boreait.com\/de\/wp-json\/wp\/v2\/product_cat?post=8964"},{"taxonomy":"product_tag","embeddable":true,"href":"https:\/\/boreait.com\/de\/wp-json\/wp\/v2\/product_tag?post=8964"}],"curies":[{"name":"wp","href":"https:\/\/api.w.org\/{rel}","templated":true}]}}