{"id":8918,"date":"2025-09-15T14:45:08","date_gmt":"2025-09-15T12:45:08","guid":{"rendered":"https:\/\/boreait.com\/de\/?post_type=product&#038;p=8918"},"modified":"2025-09-16T12:49:15","modified_gmt":"2025-09-16T10:49:15","slug":"eay17003050-hp-rueckseite-abdeckung-nsv-17-f004dx-17-f-serie-17-f210nr-serie","status":"publish","type":"product","link":"https:\/\/boreait.com\/de\/produkt\/eay17003050-hp-rueckseite-abdeckung-nsv-17-f004dx-17-f-serie-17-f210nr-serie\/","title":{"rendered":"EAY17003050 HP R\u00dcCKSEITE ABDECKUNG NSV 17-F004DX 17-F SERIE 17-F210NR SERIE"},"content":{"rendered":"<p>Optimieren Sie den Schutz und das Design Ihres HP Laptops der Serien 17-F004DX oder 17-F210NR mit der R\u00fcckseitenabdeckung EAY17003050. Dieses Original-Ersatzteil von HP wurde speziell f\u00fcr die nahtlose Integration in das Design Ihres Laptops entwickelt und bietet sowohl funktionale Vorteile als auch eine verbesserte \u00c4sthetik.<\/p>\n<p>Die R\u00fcckseitenabdeckung EAY17003050 wurde mit Blick auf Pr\u00e4zision und Langlebigkeit gefertigt und ist ein Original-HP-Teil (Teilenummer: EAY17003050), das Kompatibilit\u00e4t, Passform und Leistung garantiert. Dieses Ersatzteil sch\u00fctzt die internen Komponenten Ihres Laptops und sch\u00fctzt sie vor m\u00f6glichen Sch\u00e4den.<\/p>\n<p>Verbessern Sie das Erscheinungsbild Ihres HP Laptops der Serien 17-F004DX oder 17-F210NR mit dem eleganten Design der R\u00fcckseitenabdeckung EAY17003050. Dank pr\u00e4ziser Aussparungen und \u00d6ffnungen bietet dieses Ersatzteil einfachen Zugriff auf wichtige Anschl\u00fcsse, Stecker und Tasten und sorgt so f\u00fcr ein reibungsloses Benutzererlebnis und unterbrechungsfreie Konnektivit\u00e4t.<\/p>\n<p>Mit der Original HP EAY17003050 R\u00fcckabdeckung ist der Austausch der abgenutzten oder besch\u00e4digten R\u00fcckseite Ihres Laptops ein Kinderspiel. Geben Sie Ihrem Laptop mit diesem hochwertigen Ersatzteil sein urspr\u00fcngliches Aussehen zur\u00fcck und verbessern Sie seinen Schutz.<\/p>\n<p>Entscheiden Sie sich f\u00fcr die Zuverl\u00e4ssigkeit und Langlebigkeit der EAY17003050 R\u00fcckabdeckung f\u00fcr Ihren Laptop der HP 17-F004DX- oder 17-F210NR-Serie. Verbessern Sie Schutz, Optik und Gesamtleistung und sorgen Sie daf\u00fcr, dass Ihr Laptop jahrelang in einem Top-Zustand bleibt.<\/p>\n","protected":false},"excerpt":{"rendered":"<p>R\u00fcsten Sie Ihr HP 17-F004DX- oder 17-F210NR-Notebook mit der EAY17003050-R\u00fcckabdeckung auf und sch\u00fctzen Sie es. Dieses originale HP-Ersatzteil (Teilenummer: [Teilenummer einf\u00fcgen]) bietet perfekte Passform, verbesserten Schutz und ein verbessertes Erscheinungsbild. Steigern Sie die Langlebigkeit und \u00c4sthetik Ihres Laptops mit dieser hochwertigen Ersatzr\u00fcckabdeckung.<\/p>\n","protected":false},"featured_media":9004,"template":"","meta":[],"product_brand":[],"product_cat":[52],"product_tag":[61],"class_list":{"0":"post-8918","1":"product","2":"type-product","3":"status-publish","4":"has-post-thumbnail","6":"product_cat-laptop-housing","7":"product_tag-hp","9":"first","10":"instock","11":"taxable","12":"shipping-taxable","13":"purchasable","14":"product-type-simple"},"_links":{"self":[{"href":"https:\/\/boreait.com\/de\/wp-json\/wp\/v2\/product\/8918","targetHints":{"allow":["GET"]}}],"collection":[{"href":"https:\/\/boreait.com\/de\/wp-json\/wp\/v2\/product"}],"about":[{"href":"https:\/\/boreait.com\/de\/wp-json\/wp\/v2\/types\/product"}],"wp:featuredmedia":[{"embeddable":true,"href":"https:\/\/boreait.com\/de\/wp-json\/wp\/v2\/media\/9004"}],"wp:attachment":[{"href":"https:\/\/boreait.com\/de\/wp-json\/wp\/v2\/media?parent=8918"}],"wp:term":[{"taxonomy":"product_brand","embeddable":true,"href":"https:\/\/boreait.com\/de\/wp-json\/wp\/v2\/product_brand?post=8918"},{"taxonomy":"product_cat","embeddable":true,"href":"https:\/\/boreait.com\/de\/wp-json\/wp\/v2\/product_cat?post=8918"},{"taxonomy":"product_tag","embeddable":true,"href":"https:\/\/boreait.com\/de\/wp-json\/wp\/v2\/product_tag?post=8918"}],"curies":[{"name":"wp","href":"https:\/\/api.w.org\/{rel}","templated":true}]}}