{"id":8916,"date":"2025-09-15T14:45:08","date_gmt":"2025-09-15T12:45:08","guid":{"rendered":"https:\/\/boreait.com\/de\/?post_type=product&#038;p=8916"},"modified":"2026-01-07T14:57:51","modified_gmt":"2026-01-07T13:57:51","slug":"dell-latitude-e6410-untere-basisabdeckung-n11dd-0n11dd-cn-0n11dd","status":"publish","type":"product","link":"https:\/\/boreait.com\/de\/produkt\/dell-latitude-e6410-untere-basisabdeckung-n11dd-0n11dd-cn-0n11dd\/","title":{"rendered":"Dell Latitude E6410 Untere Basisabdeckung N11DD 0N11DD CN-0N11DD"},"content":{"rendered":"<p>Verbessern Sie den Schutz und die Optik Ihres Dell Latitude E6410 Laptops, indem Sie die abgenutzte oder besch\u00e4digte Bodenabdeckung durch die Dell N11DD Bodenabdeckung ersetzen. Diese Bodenabdeckung ist ein Originalersatzteil von Dell und bietet eine perfekte Passform, die sich nahtlos in das Design und die Spezifikationen Ihres Laptops einf\u00fcgt.<\/p>\n<p>Die Dell N11DD Bodenabdeckung besteht aus hochwertigen Materialien und sch\u00fctzt die internen Komponenten Ihres Laptops zuverl\u00e4ssig vor Besch\u00e4digungen und Verschlei\u00df. Dank ihrer pr\u00e4zisen Verarbeitung ist die Installation einfach und eignet sich sowohl f\u00fcr Heimwerker als auch f\u00fcr professionelle Techniker.<\/p>\n<p>Verbessern Sie die Gesamtoptik Ihres Laptops mit dem klaren und eleganten Design der Dell N11DD Bodenabdeckung. Sie verleiht Ihrem Ger\u00e4t nicht nur einen Hauch von Eleganz, sondern bewahrt auch sein hochwertiges Erscheinungsbild und sorgt f\u00fcr eine einheitliche und professionelle Optik.<\/p>\n<p>Mit dem Austausch der Bodenabdeckung verbessern Sie nicht nur das \u00e4u\u00dfere Erscheinungsbild, sondern tragen auch zur Funktionalit\u00e4t Ihres Laptops bei. Die pr\u00e4zise platzierten Aussparungen und das Bel\u00fcftungsdesign sorgen f\u00fcr eine optimale Luftzirkulation und tragen so dazu bei, die Betriebstemperatur der internen Komponenten Ihres Laptops auf optimale Weise zu halten.<\/p>\n<p>Verbessern Sie den Schutz und das Erscheinungsbild Ihres Dell Latitude E6410 Laptops mit der Dell N11DD Bodenabdeckung. Erleben Sie die Sicherheit eines Original-Ersatzteils von Dell, das den hohen Qualit\u00e4tsstandards des Herstellers entspricht und die Gesamtleistung Ihres Laptops verbessert.<\/p>\n<p>Verleihen Sie Ihrem Dell Latitude E6410 Laptop mit der Dell N11DD Bodenabdeckung ein neues Aussehen. Dieses Ersatzteil bietet verbesserten Schutz, Haltbarkeit und ein verbessertes Erscheinungsbild \u2013 so bleibt Ihr Laptop funktional und elegant.<\/p>\n","protected":false},"excerpt":{"rendered":"<p>Verbessern Sie den Schutz und die Optik Ihres Dell Latitude E6410 Laptops mit der Dell N11DD Bodenabdeckung. Als Originalersatzteil von Dell garantiert diese Abdeckung perfekte Passform, Langlebigkeit und einen frischen Look. Werten Sie das \u00c4u\u00dfere Ihres Laptops mit diesem eleganten und funktionalen Zubeh\u00f6r auf.<\/p>\n","protected":false},"featured_media":8992,"template":"","meta":[],"product_brand":[],"product_cat":[52],"product_tag":[53],"class_list":{"0":"post-8916","1":"product","2":"type-product","3":"status-publish","4":"has-post-thumbnail","6":"product_cat-laptop-housing","7":"product_tag-dell","9":"first","10":"instock","11":"taxable","12":"shipping-taxable","13":"purchasable","14":"product-type-simple"},"_links":{"self":[{"href":"https:\/\/boreait.com\/de\/wp-json\/wp\/v2\/product\/8916","targetHints":{"allow":["GET"]}}],"collection":[{"href":"https:\/\/boreait.com\/de\/wp-json\/wp\/v2\/product"}],"about":[{"href":"https:\/\/boreait.com\/de\/wp-json\/wp\/v2\/types\/product"}],"wp:featuredmedia":[{"embeddable":true,"href":"https:\/\/boreait.com\/de\/wp-json\/wp\/v2\/media\/8992"}],"wp:attachment":[{"href":"https:\/\/boreait.com\/de\/wp-json\/wp\/v2\/media?parent=8916"}],"wp:term":[{"taxonomy":"product_brand","embeddable":true,"href":"https:\/\/boreait.com\/de\/wp-json\/wp\/v2\/product_brand?post=8916"},{"taxonomy":"product_cat","embeddable":true,"href":"https:\/\/boreait.com\/de\/wp-json\/wp\/v2\/product_cat?post=8916"},{"taxonomy":"product_tag","embeddable":true,"href":"https:\/\/boreait.com\/de\/wp-json\/wp\/v2\/product_tag?post=8916"}],"curies":[{"name":"wp","href":"https:\/\/api.w.org\/{rel}","templated":true}]}}