{"id":8846,"date":"2025-09-15T14:43:31","date_gmt":"2025-09-15T12:43:31","guid":{"rendered":"https:\/\/boreait.com\/de\/?post_type=product&#038;p=8846"},"modified":"2025-09-16T12:49:10","modified_gmt":"2025-09-16T10:49:10","slug":"hp-elitebook-840-g3-725-848-745-trackpad-touchpad-6037b0112501","status":"publish","type":"product","link":"https:\/\/boreait.com\/de\/produkt\/hp-elitebook-840-g3-725-848-745-trackpad-touchpad-6037b0112501\/","title":{"rendered":"HP EliteBook 840 G3 725 848 745 Trackpad \/ Touchpad 6037B0112501"},"content":{"rendered":"<p>Verbessern Sie das Touchpad-Erlebnis Ihres HP EliteBook 840 G3, 725 oder 848 mit dem hochwertigen Trackpad\/Touchpad (Teilenummer: 6037B0112501). Diese wichtige Komponente erm\u00f6glicht pr\u00e4zise und reaktionsschnelle Touch-Eingaben und verbessert so Ihr Computererlebnis und Ihre Produktivit\u00e4t.<\/p>\n<p>Das Touchpad ist eine wichtige Schnittstelle f\u00fcr die Navigation auf Ihrem Laptop. Ein abgenutztes oder defektes Touchpad kann Ihren Arbeitsablauf beeintr\u00e4chtigen. Durch den Austausch Ihres alten Touchpads gegen das Original HP Trackpad 6037B0112501 erhalten Sie eine pr\u00e4zise und reibungslose Touch-Steuerung und gew\u00e4hrleisten so eine nahtlose Interaktion mit dem Betriebssystem und den Anwendungen Ihres Laptops.<\/p>\n<p>Dieses pr\u00e4zise und langlebige Trackpad bietet gleichbleibende Sensibilit\u00e4t und Reaktionsf\u00e4higkeit und \u00fcbersetzt Ihre Gesten und Ber\u00fchrungen pr\u00e4zise. Die glatte Oberfl\u00e4che des Touchpads sorgt f\u00fcr eine komfortable und m\u00fchelose Navigation und eignet sich ideal f\u00fcr verschiedene Aufgaben \u2013 von der Dokumentbearbeitung bis zum Surfen im Internet und mehr.<\/p>\n<p>Die Installation des Trackpads 6037B0112501 ist unkompliziert. Es wird mit der gesamten erforderlichen Hardware f\u00fcr einen problemlosen Austausch geliefert. Da es sich um ein originales HP Ersatzteil handelt, k\u00f6nnen Sie sich auf Kompatibilit\u00e4t und Leistung verlassen, da es die strengen Standards des Herstellers erf\u00fcllt.<\/p>\n<p>Investieren Sie in das HP EliteBook 840 G3 725 848 745 Trackpad\/Touchpad (6037B0112501) und verbessern Sie Ihr Laptop-Erlebnis. Genie\u00dfen Sie die reibungslose, pr\u00e4zise und zuverl\u00e4ssige Touch-Steuerung f\u00fcr mehr Produktivit\u00e4t und Benutzerfreundlichkeit. R\u00fcsten Sie Ihr Touchpad auf und optimieren Sie Ihre t\u00e4glichen Computeraufgaben mit diesem originalen HP Ersatzteil.<\/p>\n","protected":false},"excerpt":{"rendered":"<p>Verbessern Sie Ihr Touchpad-Erlebnis mit dem originalen HP Trackpad \/ Touchpad (Teilenummer: 6037B0112501) f\u00fcr HP EliteBook 840 G3, 725 und 848 Laptops. Stellen Sie die pr\u00e4zise Touch-Steuerung wieder her, steigern Sie die Produktivit\u00e4t und genie\u00dfen Sie nahtlose Navigation mit diesem hochwertigen Ersatzteil. R\u00fcsten Sie Ihr Touchpad f\u00fcr mehr Komfort und Reaktionsf\u00e4higkeit auf.<\/p>\n","protected":false},"featured_media":8903,"template":"","meta":[],"product_brand":[],"product_cat":[78],"product_tag":[61],"class_list":{"0":"post-8846","1":"product","2":"type-product","3":"status-publish","4":"has-post-thumbnail","6":"product_cat-laptop-touchpads","7":"product_tag-hp","9":"first","10":"instock","11":"taxable","12":"shipping-taxable","13":"purchasable","14":"product-type-simple"},"_links":{"self":[{"href":"https:\/\/boreait.com\/de\/wp-json\/wp\/v2\/product\/8846","targetHints":{"allow":["GET"]}}],"collection":[{"href":"https:\/\/boreait.com\/de\/wp-json\/wp\/v2\/product"}],"about":[{"href":"https:\/\/boreait.com\/de\/wp-json\/wp\/v2\/types\/product"}],"wp:featuredmedia":[{"embeddable":true,"href":"https:\/\/boreait.com\/de\/wp-json\/wp\/v2\/media\/8903"}],"wp:attachment":[{"href":"https:\/\/boreait.com\/de\/wp-json\/wp\/v2\/media?parent=8846"}],"wp:term":[{"taxonomy":"product_brand","embeddable":true,"href":"https:\/\/boreait.com\/de\/wp-json\/wp\/v2\/product_brand?post=8846"},{"taxonomy":"product_cat","embeddable":true,"href":"https:\/\/boreait.com\/de\/wp-json\/wp\/v2\/product_cat?post=8846"},{"taxonomy":"product_tag","embeddable":true,"href":"https:\/\/boreait.com\/de\/wp-json\/wp\/v2\/product_tag?post=8846"}],"curies":[{"name":"wp","href":"https:\/\/api.w.org\/{rel}","templated":true}]}}