{"id":8823,"date":"2025-09-15T14:42:38","date_gmt":"2025-09-15T12:42:38","guid":{"rendered":"https:\/\/boreait.com\/de\/?post_type=product&#038;p=8823"},"modified":"2025-09-16T12:49:09","modified_gmt":"2025-09-16T10:49:09","slug":"6050a2560301-fuer-hp-power-taste-board-elitebook-840-745-g1","status":"publish","type":"product","link":"https:\/\/boreait.com\/de\/produkt\/6050a2560301-fuer-hp-power-taste-board-elitebook-840-745-g1\/","title":{"rendered":"6050A2560301 F\u00fcr HP POWER-TASTE BOARD ELITEBOOK 840 745 G1"},"content":{"rendered":"<p>R\u00fcsten Sie Ihr HP EliteBook 840 oder 745 G1 Notebook mit der Netzschalterplatine 6050A2560301 auf. Dieses Original-Ersatzteil von HP stellt die Funktionalit\u00e4t des Netzschalters Ihres Notebooks wieder her und sorgt f\u00fcr einen reibungslosen und reaktionsschnellen Betrieb.<\/p>\n<p>Der Netzschalter ist ein wichtiges Bauteil jedes Notebooks und erm\u00f6glicht Ihnen das m\u00fchelose Ein- und Ausschalten Ihres Ger\u00e4ts. Mit der Zeit kann Verschlei\u00df zu Leistungseinbu\u00dfen oder sogar zu Fehlfunktionen dieser wichtigen Taste f\u00fchren. Mit der Netzschalterplatine 6050A2560301 hauchen Sie Ihrem Notebook neues Leben ein und stellen seine volle Funktionalit\u00e4t wieder her.<\/p>\n<p>Die Installation ist unkompliziert, und diese Netzschalterplatine ist perfekt auf Ihr HP EliteBook 840 oder 745 G1 Notebook abgestimmt und gew\u00e4hrleistet eine nahtlose Integration in das System. Genie\u00dfen Sie den Komfort und die Sicherheit eines zuverl\u00e4ssigen Netzschalters, der immer griffbereit ist.<\/p>\n<p>W\u00e4hlen Sie die Netzschalterplatine 6050A2560301 f\u00fcr HP EliteBook 840 und 745 G1 Laptops und sichern Sie sich jahrelang ein problemloses Energiemanagement.<\/p>\n","protected":false},"excerpt":{"rendered":"<p>Beleben Sie Ihr HP EliteBook 840 oder 745 G1-Notebook mit der Power Button Board 6050A2560301. Stellen Sie die reibungslose und reaktionsschnelle Funktion des Power-Buttons wieder her.<\/p>\n","protected":false},"featured_media":8888,"template":"","meta":[],"product_brand":[],"product_cat":[63],"product_tag":[61],"class_list":{"0":"post-8823","1":"product","2":"type-product","3":"status-publish","4":"has-post-thumbnail","6":"product_cat-motherboards-board-parts","7":"product_tag-hp","9":"first","10":"instock","11":"taxable","12":"shipping-taxable","13":"purchasable","14":"product-type-simple"},"_links":{"self":[{"href":"https:\/\/boreait.com\/de\/wp-json\/wp\/v2\/product\/8823","targetHints":{"allow":["GET"]}}],"collection":[{"href":"https:\/\/boreait.com\/de\/wp-json\/wp\/v2\/product"}],"about":[{"href":"https:\/\/boreait.com\/de\/wp-json\/wp\/v2\/types\/product"}],"wp:featuredmedia":[{"embeddable":true,"href":"https:\/\/boreait.com\/de\/wp-json\/wp\/v2\/media\/8888"}],"wp:attachment":[{"href":"https:\/\/boreait.com\/de\/wp-json\/wp\/v2\/media?parent=8823"}],"wp:term":[{"taxonomy":"product_brand","embeddable":true,"href":"https:\/\/boreait.com\/de\/wp-json\/wp\/v2\/product_brand?post=8823"},{"taxonomy":"product_cat","embeddable":true,"href":"https:\/\/boreait.com\/de\/wp-json\/wp\/v2\/product_cat?post=8823"},{"taxonomy":"product_tag","embeddable":true,"href":"https:\/\/boreait.com\/de\/wp-json\/wp\/v2\/product_tag?post=8823"}],"curies":[{"name":"wp","href":"https:\/\/api.w.org\/{rel}","templated":true}]}}