{"id":8806,"date":"2025-09-15T14:42:16","date_gmt":"2025-09-15T12:42:16","guid":{"rendered":"https:\/\/boreait.com\/de\/?post_type=product&#038;p=8806"},"modified":"2025-09-16T12:49:08","modified_gmt":"2025-09-16T10:49:08","slug":"hp-compaq-aio-elite-8300-spannungswandler-morse-steamer-board-48-3gh02-011","status":"publish","type":"product","link":"https:\/\/boreait.com\/de\/produkt\/hp-compaq-aio-elite-8300-spannungswandler-morse-steamer-board-48-3gh02-011\/","title":{"rendered":"HP Compaq AIO Elite 8300 Spannungswandler Morse Steamer Board 48.3GH02.011"},"content":{"rendered":"<p>Verbessern Sie die Energieverwaltung Ihres HP Compaq AIO Elite 8300 mit der fortschrittlichen Morse Steamer Spannungswandlerplatine 48.3GH02.011. Diese als Originalersatzteil konzipierte Platine sorgt f\u00fcr eine effiziente Spannungsumwandlung und -verteilung und gew\u00e4hrleistet so optimale Leistung f\u00fcr Ihr All-in-One-Desktop-System.<\/p>\n<p>Die Morse Steamer Spannungswandlerplatine 48.3GH02.011 ist eine wichtige Komponente Ihres HP Compaq AIO Elite 8300 und regelt und verteilt die Spannung an verschiedene interne Komponenten. Mit dieser Ersatzplatine sorgen Sie f\u00fcr eine stabile Stromversorgung, vermeiden Spannungsschwankungen und sch\u00fctzen Ihr System vor potenziellen Problemen mit der Stromversorgung.<\/p>\n<p>Die Installation der Morse Steamer Spannungswandlerplatine 48.3GH02.011 ist problemlos und eignet sich sowohl f\u00fcr erfahrene Techniker als auch f\u00fcr Heimwerker. Diese Platine entspricht h\u00f6chsten Qualit\u00e4tsstandards und garantiert Langlebigkeit und Zuverl\u00e4ssigkeit f\u00fcr den Langzeiteinsatz.<\/p>\n<p>Steigern Sie die Gesamtleistung und Langlebigkeit Ihres HP Compaq AIO Elite 8300 mit dem Spannungswandler-Morse-Steamer-Board 48.3GH02.011. Diese wichtige Komponente sorgt f\u00fcr ein reibungsloses Energiemanagement und erm\u00f6glicht Ihrem Desktop-System optimale Leistung.<\/p>\n<p>Bitte \u00fcberpr\u00fcfen Sie vor dem Kauf die Kompatibilit\u00e4t mit Ihrem HP Compaq AIO Elite 8300-Modell.<\/p>\n","protected":false},"excerpt":{"rendered":"<p>Verbessern Sie das Energiemanagement Ihres HP Compaq AIO Elite 8300 mit dem Voltage Converter Morse Steamer Board 48.3GH02.011. Dieses Originalersatzteil sorgt f\u00fcr eine stabile Spannungsverteilung und optimale Leistung f\u00fcr Ihr All-in-One-Desktop-System.<\/p>\n","protected":false},"featured_media":8870,"template":"","meta":[],"product_brand":[],"product_cat":[63],"product_tag":[61],"class_list":{"0":"post-8806","1":"product","2":"type-product","3":"status-publish","4":"has-post-thumbnail","6":"product_cat-motherboards-board-parts","7":"product_tag-hp","9":"first","10":"instock","11":"taxable","12":"shipping-taxable","13":"purchasable","14":"product-type-simple"},"_links":{"self":[{"href":"https:\/\/boreait.com\/de\/wp-json\/wp\/v2\/product\/8806","targetHints":{"allow":["GET"]}}],"collection":[{"href":"https:\/\/boreait.com\/de\/wp-json\/wp\/v2\/product"}],"about":[{"href":"https:\/\/boreait.com\/de\/wp-json\/wp\/v2\/types\/product"}],"wp:featuredmedia":[{"embeddable":true,"href":"https:\/\/boreait.com\/de\/wp-json\/wp\/v2\/media\/8870"}],"wp:attachment":[{"href":"https:\/\/boreait.com\/de\/wp-json\/wp\/v2\/media?parent=8806"}],"wp:term":[{"taxonomy":"product_brand","embeddable":true,"href":"https:\/\/boreait.com\/de\/wp-json\/wp\/v2\/product_brand?post=8806"},{"taxonomy":"product_cat","embeddable":true,"href":"https:\/\/boreait.com\/de\/wp-json\/wp\/v2\/product_cat?post=8806"},{"taxonomy":"product_tag","embeddable":true,"href":"https:\/\/boreait.com\/de\/wp-json\/wp\/v2\/product_tag?post=8806"}],"curies":[{"name":"wp","href":"https:\/\/api.w.org\/{rel}","templated":true}]}}